{"id":6727,"date":"2017-06-19T18:11:16","date_gmt":"2017-06-19T18:11:16","guid":{"rendered":"http:\/\/wordpress.library.illinois.edu\/ias\/?page_id=6727"},"modified":"2026-04-08T18:05:48","modified_gmt":"2026-04-08T18:05:48","slug":"tajik_monographic_bibliographies","status":"publish","type":"page","link":"https:\/\/wordpress.library.illinois.edu\/slavic\/tajik_monographic_bibliographies\/","title":{"rendered":"Guide to Tajik Monographic Resources"},"content":{"rendered":"<p>&nbsp;<\/p>\n<div id=\"middle\">\n<div id=\"colCenter\">\n<h2>MONOGRAPHIC RESOURCES<\/h2>\n<p><strong>Katalog knig Tadzhiksko\u01d0 SSR (1926-1956)<\/strong><\/p>\n<p><strong>Tal&#8217;man, R. O., Poddymnikova, T. I., Iakubov, G. Ia., Iakovleva, \u0116. N., Akhmedova, M., Dzhamalov, K.\u00a0 Dushanbe: Tadzhikgosizdat, 1960.<\/strong><\/p>\n<p><strong>Catalog of Tajiki books. Published in 1960, this retrospective catalog spans thirty years, 294 pages, and includes Tojik\u012b, Russian, and Uzbek titles published during the stated period.\u00a0 There are 7342 titles in this catalog and the compilers have included alphabetical indexes for names, titles, and collections.\u00a0 This retrospective catalog is being held at the Russian National Library.\u00a0 Researchers can view the record at:<a href=\"http:\/\/www.nlr.ru\/e-case3\/sc2.php\/web_gak\/lc\/39997\/64\">http:\/\/www.nlr.ru\/e-case3\/sc2.php\/web_gak\/lc\/39997\/64<\/a>.<\/strong><br \/>\n<strong>Kitob\u1e23oi Tojikistoni Sovet\u012b: fe\u1e23rast (sol\u1e23oi 1957-1961, 1962-1966, 1967-1975).\u00a0<\/strong><\/p>\n<p><strong>Kniga Sovetskogo Tadzhikistana katalog (1957-1961, 1962-1966, 1967-1975).<\/strong><\/p>\n<p><strong>1957-1961 OCLC: 12942716<br \/>\n1962-1966 OCLC: 34719392<br \/>\n1967-1975 OCLC: 12668636<\/strong><\/p>\n<p>Dushanbe: Palatai davlatii kitob\u1e23o, 1957-.<\/p>\n<p>This catalog is a result of the decree of the Supreme Soviet of the CPSU, which called for \u201cimproving the library service in the Soviet Union\u201d.\u00a0 This initiative was later echoed by decrees of the Central Committee of the Communist Party of Tojikiston, and the Tojik Ministry of Culture, which with Decree No. 6 of January 14th 1960, obligated the Book Chamber to compile catalogs of books published in the republic in 5 year increments. This catalog is the second publication in the series of retrospective bibliography of Tadzhikistan\u2019s books.\u00a0 The first retrospective effort to create the retrospective bibliography was the joint publication by the Book Chamber and the Firdousi State Republican Library (Gosudarstvennaia respublikanskaia biblioteka im. Firdousi), titled Katalog Tadzhikskoi knigi za 30 let (1925-1956).\u00a0 That publication was incomplete and a second, corrected and expanded edition was necessary.<br \/>\nThe 1957-1961 catalog includes all of the monographic publications of the republic: books, brochures, textbooks, programs, collections of articles (sborniki). The catalog includes 1956 publications that were received by the Book Chamber in 1957, and textbooks published in 1961, dated as 1962 editions.<br \/>\nThe catalog does not list serial scholarly publications (trudy, izvestiia, uchenye zapiski) which do not have individual titles. Also not included are publications with very low print runs, ephemera, dissertation abstracts, as well as publications of limited distribution, marked by na pravakh rukopisi (treat as a manuscript) and those meant for internal official use (dlia sluzhebnogo polzovaniia). The books are listed in the language of the original \u2013 Tojiki, Uzbek, and Russian.\u00a0 The non-Russian entries have a brief translation into Russian.\u00a0 In the cases of multiple entries by a single author, the last name and initials are listed only within the first entry.\u00a0 In the case of consecutive editions of programs and textbooks, the first edition only has a detailed description, while the editions that follow in place of author and title have annotations in the three languages, respectively: tozhe, boz khamin, iana shu.<\/p>\n<p>The only corporate authors that have their separate entries are the Communist Party of the Soviet Union (KPSS), the Komsomol Youth Organization (VLKSM), and trade union organizations.<br \/>\nThe material is organized using a schema of the Soviet bibliographic style.\u00a0 Within class chapter, the material is split into three separate parts by language: Tojik, Uzbek, and Russian. Within the parts the arrangement is alphabetical, reprints and consecutive editions are listed chronologically.\u00a0 The educational programs and textbooks intended for the Communist Party education network are listed by subject. Educational programs for other types of schools are listed by type of school, and within that division alphabetically by title and in chronological order.<br \/>\nThe geographic names in places of publication are given in the new format.\u00a0 Books published before changing the name Dushanbe to Stalinabad [and back to Dushanbe] have the previous name given in parenthesis.\u00a0 Chapter titles are given in both Tadzhik and Russian.\u00a0 The catalog has two alphabetical indexes, one for books in Russian, another for Tojiki and Uzbek books.<\/p>\n<p><strong>Kitob\u1e23oi Jum\u1e23urii Tojikiston: fe\u1e23rasti bibliograf\u012b (1991-2010)(va zabon\u1e23oi Tojik\u012b, Rus\u012b, \u016azbak\u012b).<\/strong><\/p>\n<p>Karimzoda, Mirzobadal., Ikrom\u012b, Sirojiddin. Dushanbe: &#8220;Khonai kitob,&#8221; 2011.\u00a0 ISBN: 978-99947-714-3-1.<br \/>\n<strong>OCLC Accession Number: 761288720.<\/strong>\u00a0 Descriptive Table of Published Monographs (1991-2010).<\/p>\n<p>Published in 2011, this bibliography of books in the Republic of Tojikiston is an impressive compilation of Tojik\u012b, Russian, and Uzbek titles published during 1991-2010 period, which makes it, in the absence of a functioning online catalog, one of the most important sources for materials published in Tojikiston for the stated period.\u00a0 This bibliography is organized\u00a0 into three sections with ~49 subject headings and an author index for each section [1991-1995, author index,pp. 249-276; 1996-2005, author index, pp. 453-478; 2006-2010, author index, pp. 647-676].\u00a0 Regardless of language or subject matter, each section is numerically organized.\u00a0 There are approximately 4949 titles listed in this bibliography: 1991-1995[1740 entries]; 1996-2005[1602 entries]; 2006-2010[1607 entries].\u00a0 The subject headings are in Tojik\u012b (top heading) and Russian.\u00a0 Most of the entries contain bibliographic data on the number of copies printed, language, institutional and geographic identifiers.\u00a0 The subject headings found in this bibliography are:<\/p>\n<p>1.\u00a0\u00a0\u00a0 Ilm\u1e23oi jam\u2019iiatshinos\u012b (umuman)= obshchestvennye nauki v tselom<br \/>\n2.\u00a0\u00a0\u00a0 Ilm\u1e23oi falsafa (ijtimoi\u00ebt \/ avonshinos\u012b) = Filosofskie nauki (sotsiologiia \/ psikhologiia)<br \/>\n3.\u00a0\u00a0\u00a0 Din= Religiia<br \/>\n4.\u00a0\u00a0\u00a0 Ta\u2019rikh. Ilm\u1e23oi ta\u2019rikh = Istoriia. Istoricheskie nauki<br \/>\n5.\u00a0\u00a0\u00a0 Iqtisodi\u00ebt. Ilm\u1e23oi iqtisod\u012b = \u0116konomika. \u0116konomicheskie nauki<br \/>\n6.\u00a0\u00a0\u00a0 Omor. Demografiia = Statistika. Demografiia<br \/>\n7.\u00a0\u00a0\u00a0 Si\u00ebsat (vaz\u2019iiati \u1e23ozirai si\u00ebsii davlat\u1e23o) = Politika (sovremennye politicheskoe polozhenie gosudarstv)<br \/>\n8.\u00a0\u00a0\u00a0 Partiia\u1e23oi kommunist\u012b va korgar\u012b = Kommnunisticheskie i rabochie partii<br \/>\n9.\u00a0\u00a0\u00a0 Javonon. Tashkilot\u1e23oi javonon = Molod\u00ebzh\u2019. Organizatsii molod\u00ebzhi<br \/>\n10.\u00a0\u00a0 Davlat va \u1e23uquq. Ilm\u1e23oi \u1e23uquqshinos\u012b = Gosudarstvo i pravo. Iuridicheskie nauki<br \/>\n11.\u00a0\u00a0 Ilmi \u1e23arb\u012b. Kori \u1e23arb\u012b = Voennaia nauka. Voennoe delo<br \/>\n12.\u00a0\u00a0 Ilm. Ilmshinos\u012b. Kibernetika. Semiotika. Informatika = Nauka.\u00a0 Naukovedenie. Kibernetika. Semiotika. Informatika.<br \/>\n13.\u00a0\u00a0 Ilm\u1e23oi tabiatshinos\u012b (umuman) = estestvennye nauki v tselom<br \/>\n14.\u00a0\u00a0 Ilm\u1e23oi fizikaiu matematika = Fiziko-matematicheskie nauki<br \/>\n15.\u00a0\u00a0 Ilm\u1e23oi kimi\u00eb = Khimicheskie nauki<br \/>\n16.\u00a0\u00a0 Ilm\u1e23o dar borai zamin = Nauki o zemle<br \/>\n17.\u00a0\u00a0 Ilm\u1e23iu biolog\u012b = Biologicheskie nauki<br \/>\n18.\u00a0\u00a0 Tekhnika. Ilm\u1e23oi tekhnik\u012b (umuman) = Tekhnika. Tekhnicheskie nauki v tselom<br \/>\n19.\u00a0\u00a0 Sanoat (umuman) = Prom\u2019shlennost\u2019 v tselom<br \/>\n20.\u00a0\u00a0 \u0116nergetika<br \/>\n21.\u00a0\u00a0 Avtomatika. Tekhnikai\u00a0 \u1e23isobbaror\u00a0 = Avtomatika. Bychislitel\u2019naia Tekhnika<br \/>\n22.\u00a0\u00a0 Sanoati k\u1fe1\u1e23\u012b = Gornaia prom\u2019shlennost\u2019<br \/>\n23.\u00a0\u00a0 Metallurgiia<br \/>\n24.\u00a0\u00a0 Moshinsoz\u012b. Asbobsoz\u012b = Mashinostroenie. Priborostrenie<br \/>\n25.\u00a0\u00a0 Sanoati sabuk = Legkaia promyshlennost\u2019<br \/>\n26.\u00a0\u00a0 Transport<br \/>\n27.\u00a0\u00a0 Sokhtmon = Stroitel\u2019stvo<br \/>\n28.\u00a0\u00a0 Khojagii manziliiu kommunal\u012b. Khizmati maish\u012b. Savdo = Zhilishchno \u2013 Kommunal\u2019noe khozia\u01d0stvo. Bytovoe obsluzhivanie. Torgovlia.<br \/>\n29.\u00a0\u00a0 Kishovarz\u012b. Ilm\u1e23oi kishovarz\u012b = Sel\u2019skoe khozia\u01d0stvo. Sel\u2019skokhozia\u01d0stvennye nauki<br \/>\n30.\u00a0\u00a0 Khojagii ob = Vodnoe khozia\u01d0stvo<br \/>\n31.\u00a0\u00a0 Sonoati kh\u1fe1rokvor\u012b. Sanoati mikrobiolog\u012b = Pishchevaia prom\u2019shlennost\u2019.\u00a0 Mikrobiologicheskaia promyshlennost\u2019.<br \/>\n32.\u00a0\u00a0 Nigakhdorii tandurust\u012b. Ilm\u1e23oi tibb\u012b = Zdravookhranenie. Meditsinskie nauki<br \/>\n34.\u00a0\u00a0 Tarbiiai jismon\u012b. Varzish = Fizicheskaia kul\u2019tura. Sport<br \/>\n35.\u00a0\u00a0 Maorif. Ilm\u1e23oi pedagog\u012b = Obrazovanie. Pedagogicheskie nauki<br \/>\n36.\u00a0\u00a0 Madaniiat. Sokhtmoni madan\u012b = Kul\u2019tura. Kul\u2019turnoe stroitel\u2019stvo [Subsections: 44.5: Kori kitobkhona. Kitobkhonashinos\u012b = Bibliotechnoe delo. Bibliotekovedenie; 44.6.1: Dastur\u1e23oi bibliograf\u012b =\u00a0\u00a0 Bibliograficheskie posobiia<br \/>\n37.\u00a0\u00a0 Vosita\u1e23oi akhbori omma va targhibot, radioshunavon\u012b, television = Sredstva massovo\u01d0 informatsii\u00a0 i propagandy (pechat\u2019, radioveshchanie, televidenie)<br \/>\n38.\u00a0\u00a0 Ilm\u1e23oi filolog\u012b\u00a0 = Filologicheskie nauki<br \/>\n39.\u00a0\u00a0 Adabi\u00ebti bade\u012b. Folklor = Khudozhestvennaia literature. Fol\u2019klor<br \/>\n40.\u00a0\u00a0 Adabi\u00ebti bachagona. Folklor = Detskaia literature. Fol\u2019klor<br \/>\n41.\u00a0\u00a0 San\u2019at. San\u2019atshinos\u012b = Iskusstvo. Iskusstvovedenie<\/p>\n<p>entry_catalog_Tajiki_books_1991_2012<br \/>\nSolnomai nashri\u00ebti akademiiai fan\u1e23oi RSS Tojikiston (fe\u1e23rasti kitob\u1e23o va maqola\u1e23o) = \u0415\u0436\u0435\u0433\u043e\u0434\u043d\u0438\u043a \u0438\u0437\u0434\u0430\u043d\u0438\u0439 \u0430\u043a\u0430\u0434\u0435\u043c\u0438\u0438 \u043d\u0430\u0443\u043a \u0422\u0430\u0434\u0436\u0438\u043a\u0441\u043a\u043e\u0439 \u0421\u0421\u0420 (\u0443\u0430\u043a\u0430\u0437\u0430\u0442\u0435\u043b\u044c \u043a\u043d\u0438\u0433 \u0438 \u0441\u0442\u0430\u0442\u0435\u0439).\u00a0 Akademiiai fan\u1e23oi RSS Tojikiston. Kitobkhonai ilmii markaz\u012b.<\/p>\n<p>Entry image_annual_akademiia_nauk_tadzhikskoi_ssrDushanbe: Nashri\u00ebti &#8220;Donish,&#8221; 1956-1988.\u00a0 OCLC Accession Number: 10660314.<\/p>\n<p>Founded in 1951, the Academy of Sciences of Tojikiston and the Central Scientific Library started its annual list of books, journal articles, dissertations, and articles in collected works, in 1955.\u00a0 The entries are divided into the various branches of the academy and are organized numerically.\u00a0 Researchers can browse through the entries with ease, thanks in part to the inclusion of indexes: a master index for publications (journals, collected works, and continuing works), and three separate author indexes for Tojik\u012b, Russian, and Uzbek titles.\u00a0 In some cases, the compilers have included an author index for Ukrainian titles.\u00a0 In terms of capturing the intellectual output of Tojikiston and its academy of sciences, the annual list of publications offers scholars in North America a chance to examine thirty three years of academic content, including dissertations and articles from academy publications.<br \/>\nKatalog kandidatskikh i doktorskikh dissertatsi\u01d0, zashchishchennykh na materialakh Tadzhiksko\u01d0 SSR 1934-1959 gg: bibliograficheski\u01d0 ukazatel\u2019 literatury.\u00a0 Akademiia nauk Tadzhiksko\u01d0 SSR.\u00a0 Tsentral\u2019naia nauchnaia biblioteka.\u00a0 Gosudarstvennaia respublikanskaia biblioteka im. Firdousi.<\/p>\n<p>Shevchenko, Z. M., Nikolaeva, M. B.\u00a0 Stalinabad: Izdatel&#8217;stvo Akademii Nauk Tadzhikskoi SSR, 1960.<\/p>\n<p>catalog of dissertations_Academy of Sciences_Tajikistan<\/p>\n<p>The catalog lists the doctoral (doktorskie and kandidatskie) dissertations defended on Tojik-related subjects by scholars in the Soviet Union for the period 1934-1959.\u00a0\u00a0 The dissertations defended on materials related to Soviet Central Asia (Sredniaia Aziia) and Turkestan are included in the catalog if they are related to the period preceding the formation of the Tojik Soviet Socialist Republic.\u00a0 The catalog does not have an exhaustive character.\u00a0 It includes 746 titles of dissertations on natural and social sciences. The guide is divided by subject: the natural sciences are listed first, followed by social sciences.<\/p>\n<p>As the basis for the work, the authors consulted the catalogs of the Central Scientific Library of the Academy of Sciences of the Tojik SSR (Tsentralnaia nauchnaia biblioteka AN Tadzhikskoi SSR), as well as the Firdousi Republican Library (Respublikanskaia biblioteka im. Firdousi).\u00a0 The compilers also consulted the catalogs of the Lenin State Library of the Soviet Union (Gosudarstvennaia biblioteka SSSR im. V.I. Lenina), The Central Committee of the Soviet Communist Party Foundation Library of the Social Sciences (Fundamentalnaia biblioteka Obshchestvennykh nauk pri TsK KPSS), The &#8220;All-Soviet Bookchamber fo the Soviet Union&#8221; (Vsesoiuznaia knizhnaia palata SSSR), as well as the libraries of the Ministry of Higher and Secondary education and other libraries of Moscow and Leningrad.<\/p>\n<p>The work was also based on the published bibliographies, catalogs of dissertations deposited in the Lenin Library, the annual lists of dissertations published by the Book Chamber, bibliographies of dissertations defended in the Central Committee of the CPSU Academy of Social Sciences (Akdademiia Obshchestvennykh Nauk pri TsK KPSS), bibliographies of dissertations defended in the Belorussian Soviet Socialist Republic, the Lviv State University (L\u2019vovskii Gosudarstvennyi universitet), the Lenin Central Asian State\u00a0 University (Sredneaziatskii Gosudarstvennyi universitet im. V.I. Lenina), the Shevchenko Kiev State University (Kievskii Gosudarstvennyi universitet im. T.G. Shevchenko).\u00a0 Also used were guide to dissertations defended in Uzbekistan in the years 1936-1951, and other minor sources. The catalog contains a name index.\u00a0 Dissertations for which not all data were verified are marked with an asterisk.<\/p>\n<p>Entry_Tajikistan_dissertations_bibliography<\/p>\n<p>Bibliografiiai nashr\u1e23oi bazai Tojikistoni va filiali Tojikistonii Akademiiai Fan\u1e23oi SSSR: kitob\u1e23o va makola\u1e23o 1933-1951= Bibliografiia izdani\u01d0 Tadzhiksko\u01d0 bazy i Tadzhikskogo filiala akademii nauk sssr: knigi i stat\u2019I 1933-1951<\/p>\n<p>Stalinabad:\u00a0 Nashri\u00ebti akademiiai fan\u1e23oi RSS Tojikiston, 1952.\u00a0 <strong>OCLC Accession Number: 255951171.<\/strong><\/p>\n<p>Bibliography_Academy of Sciences of Tojikiston<\/p>\n<p>Bibliography of the publications (database) of the the Tajik branch of the Academy of Sciences of the USSR includes monographs, articles, [periodicals] Soobshcheniia TFAN , Izvestiia TFAN, and other sborniki,\u00a0 popular science brochures, etc. published from 1933\u20141961 inclusively.<\/p>\n<p>The materials in this bibliography are arranged by subject and within each part the arrangement is alphabetical.\u00a0 Name index is included.<\/p>\n<p>This bibliography\u00a0 is meant for scholars, specialists in all disciplines, librarians, and all those interested in the publications which have been entered into this work.<\/p>\n<\/div>\n<\/div>\n","protected":false},"excerpt":{"rendered":"<p>&nbsp; MONOGRAPHIC RESOURCES Katalog knig Tadzhiksko\u01d0 SSR (1926-1956) Tal&#8217;man, R. O., Poddymnikova, T. I., Iakubov, G. Ia., Iakovleva, \u0116. N., Akhmedova, M., Dzhamalov, K.\u00a0 Dushanbe: Tadzhikgosizdat, 1960. Catalog of Tajiki books. Published in 1960, this retrospective catalog spans thirty years, 294 pages, and includes Tojik\u012b, Russian, and Uzbek titles published during the stated period.\u00a0 There [&hellip;]<\/p>\n","protected":false},"author":626,"featured_media":0,"parent":0,"menu_order":0,"comment_status":"closed","ping_status":"closed","template":"","meta":{"_acf_changed":false,"footnotes":""},"class_list":["post-6727","page","type-page","status-publish","hentry"],"acf":[],"_links":{"self":[{"href":"https:\/\/wordpress.library.illinois.edu\/slavic\/wp-json\/wp\/v2\/pages\/6727","targetHints":{"allow":["GET"]}}],"collection":[{"href":"https:\/\/wordpress.library.illinois.edu\/slavic\/wp-json\/wp\/v2\/pages"}],"about":[{"href":"https:\/\/wordpress.library.illinois.edu\/slavic\/wp-json\/wp\/v2\/types\/page"}],"author":[{"embeddable":true,"href":"https:\/\/wordpress.library.illinois.edu\/slavic\/wp-json\/wp\/v2\/users\/626"}],"replies":[{"embeddable":true,"href":"https:\/\/wordpress.library.illinois.edu\/slavic\/wp-json\/wp\/v2\/comments?post=6727"}],"version-history":[{"count":2,"href":"https:\/\/wordpress.library.illinois.edu\/slavic\/wp-json\/wp\/v2\/pages\/6727\/revisions"}],"predecessor-version":[{"id":16355,"href":"https:\/\/wordpress.library.illinois.edu\/slavic\/wp-json\/wp\/v2\/pages\/6727\/revisions\/16355"}],"wp:attachment":[{"href":"https:\/\/wordpress.library.illinois.edu\/slavic\/wp-json\/wp\/v2\/media?parent=6727"}],"curies":[{"name":"wp","href":"https:\/\/api.w.org\/{rel}","templated":true}]}}