{"id":4871,"date":"2017-05-16T23:47:00","date_gmt":"2017-05-16T23:47:00","guid":{"rendered":"http:\/\/wordpress.library.illinois.edu\/ias\/?page_id=4871"},"modified":"2017-05-16T23:47:00","modified_gmt":"2017-05-16T23:47:00","slug":"nationalbib","status":"publish","type":"page","link":"https:\/\/wordpress.library.illinois.edu\/slavic\/spx\/slavicresearchguides\/nationalbib\/","title":{"rendered":"National Bibliographies"},"content":{"rendered":"<p>National bibliographies are sources that attempt to list, as comprehensively as possible, the publications of a particular country during a specific period. Often compiled by the government of these\u00a0country, these resources can be useful for scholars researching specific geographic regions or cultural and ethnic groups. For more information about national bibliographies and their history please see our <a href=\"https:\/\/wordpress.library.illinois.edu\/ias\/spx\/slavicresearchguides\/nationalbib\/natbib2\/\">Introduction to National Bibliographies<\/a>. For information regarding national bibliographies of a particular country, region, or language please see our national bibliography guides below.<\/p>\n<div class=\"shortcode sh-grid sh-grid-cols-1 md:sh-grid-cols-12 sh-gap-3\">\n<div class=\"shortcode sh-col-span-4 sh-pb-3\">\n<h3><a href=\"https:\/\/wordpress.library.illinois.edu\/ias\/spx\/slavicresearchguides\/nationalbib\/natbibrussia2\/\">Russia<\/a><\/h3>\n<ul>\n<li><a href=\"https:\/\/wordpress.library.illinois.edu\/ias\/spx\/slavicresearchguides\/nationalbib\/natbibadygea\/\">Adygeia<\/a><\/li>\n<li><a href=\"https:\/\/wordpress.library.illinois.edu\/ias\/spx\/slavicresearchguides\/nationalbib\/natbibaltai\/\">Altai<\/a><\/li>\n<li><a href=\"https:\/\/wordpress.library.illinois.edu\/ias\/spx\/slavicresearchguides\/nationalbib\/natbibbashkir\/\">Bashkortostan<\/a><\/li>\n<li><a href=\"https:\/\/wordpress.library.illinois.edu\/ias\/spx\/slavicresearchguides\/nationalbib\/natbibburyatiia\/\">Buriatiia<\/a><\/li>\n<li><a href=\"https:\/\/wordpress.library.illinois.edu\/ias\/spx\/slavicresearchguides\/nationalbib\/natbibchech\/\">Chechniia<\/a><\/li>\n<li><a href=\"https:\/\/wordpress.library.illinois.edu\/ias\/spx\/slavicresearchguides\/nationalbib\/natbibchuvash\/\">Chuvashiia<\/a><\/li>\n<li><a href=\"https:\/\/wordpress.library.illinois.edu\/ias\/spx\/slavicresearchguides\/nationalbib\/natbibdagestan\/\">Dagestan<\/a><\/li>\n<li><a href=\"https:\/\/wordpress.library.illinois.edu\/ias\/spx\/slavicresearchguides\/nationalbib\/natbibkabardinobalkaria\/\">Kabardino-Balkariia<\/a><\/li>\n<li><a href=\"https:\/\/wordpress.library.illinois.edu\/ias\/spx\/slavicresearchguides\/nationalbib\/natbibkalmykia\/\">Kalmykiia<\/a><\/li>\n<li><a href=\"https:\/\/wordpress.library.illinois.edu\/ias\/spx\/slavicresearchguides\/nationalbib\/natbibkarelia\/\">Kareliia<\/a><\/li>\n<li><a href=\"https:\/\/wordpress.library.illinois.edu\/ias\/spx\/slavicresearchguides\/nationalbib\/natbibkhakassia\/\">Khakasiia<\/a><\/li>\n<li><a href=\"https:\/\/wordpress.library.illinois.edu\/ias\/spx\/slavicresearchguides\/nationalbib\/natbibkomi\/\">Komi<\/a><\/li>\n<li><a href=\"https:\/\/wordpress.library.illinois.edu\/ias\/spx\/slavicresearchguides\/nationalbib\/natbibmari\/\">Marii El<\/a><\/li>\n<li><a href=\"https:\/\/wordpress.library.illinois.edu\/ias\/spx\/slavicresearchguides\/nationalbib\/natbibmordovia\/\">Republic of Mordoviia<\/a><\/li>\n<li><a href=\"https:\/\/wordpress.library.illinois.edu\/ias\/spx\/slavicresearchguides\/nationalbib\/natbibsakha\/\">Sakha<\/a><\/li>\n<li><a href=\"https:\/\/wordpress.library.illinois.edu\/ias\/spx\/slavicresearchguides\/nationalbib\/natbibtatar\/\">Republic of Tatarstan<\/a><\/li>\n<li><a href=\"https:\/\/wordpress.library.illinois.edu\/ias\/spx\/slavicresearchguides\/nationalbib\/natbibtuva\/\">Tyva<\/a><\/li>\n<li><a href=\"https:\/\/wordpress.library.illinois.edu\/ias\/spx\/slavicresearchguides\/nationalbib\/natbibudmurt\/\">Udmurtiia<\/a><\/li>\n<\/ul>\n<ul>\n<li style=\"list-style-type: none\"><\/li>\n<\/ul>\n<\/div>\n<div class=\"shortcode sh-col-span-4 sh-pb-3\">\n<h3>Eurasia<\/h3>\n<ul>\n<li><a href=\"https:\/\/wordpress.library.illinois.edu\/ias\/spx\/slavicresearchguides\/nationalbib\/natbibafghan\/\">Af\u0121\u0101nist\u0101n<\/a><\/li>\n<li style=\"list-style-type: none\"><\/li>\n<\/ul>\n<ul>\n<li><a href=\"https:\/\/wordpress.library.illinois.edu\/ias\/spx\/slavicresearchguides\/nationalbib\/natbibarmenia\/\">Armenia<\/a>\n<ul>\n<li><a href=\"https:\/\/wordpress.library.illinois.edu\/ias\/spx\/slavicresearchguides\/nationalbib\/intro_armenian_bibliography\/\">Introduction<\/a><\/li>\n<\/ul>\n<\/li>\n<li><a href=\"https:\/\/wordpress.library.illinois.edu\/ias\/spx\/slavicresearchguides\/nationalbib\/natbibazerbaijan\/\">Azerbaijan<\/a><\/li>\n<li><a href=\"https:\/\/wordpress.library.illinois.edu\/ias\/spx\/slavicresearchguides\/nationalbib\/natbibgeorgia\/\">Georgia<\/a>\n<ul>\n<li><a href=\"https:\/\/wordpress.library.illinois.edu\/ias\/spx\/slavicresearchguides\/nationalbib\/georgiaintro\/\">Introduction<\/a><\/li>\n<\/ul>\n<\/li>\n<li><a href=\"https:\/\/wordpress.library.illinois.edu\/ias\/spx\/slavicresearchguides\/nationalbib\/natbibkazakh\/\">Kazakhstan<\/a><\/li>\n<li><a href=\"https:\/\/wordpress.library.illinois.edu\/ias\/spx\/slavicresearchguides\/nationalbib\/natbibkyrgyz\/\">Kyrgyz<\/a>\n<ul>\n<li><a href=\"https:\/\/wordpress.library.illinois.edu\/ias\/spx\/slavicresearchguides\/nationalbib\/kyrgyzintro\/\">Introduction<\/a><\/li>\n<\/ul>\n<\/li>\n<li><a href=\"https:\/\/wordpress.library.illinois.edu\/ias\/spx\/slavicresearchguides\/nationalbib\/natbibtajik\/\">Tajikistan<\/a><\/li>\n<li><a href=\"https:\/\/wordpress.library.illinois.edu\/ias\/spx\/slavicresearchguides\/nationalbib\/natbibturkmen\/\">Turkmen<\/a>\n<ul>\n<li><a href=\"https:\/\/wordpress.library.illinois.edu\/ias\/spx\/slavicresearchguides\/nationalbib\/turkmenintro\/\">Introduction<\/a><\/li>\n<\/ul>\n<\/li>\n<li><a href=\"https:\/\/wordpress.library.illinois.edu\/ias\/spx\/slavicresearchguides\/nationalbib\/natbibuzbek\/\">Uzbekistan<\/a>\n<ul>\n<li><a href=\"https:\/\/wordpress.library.illinois.edu\/ias\/spx\/slavicresearchguides\/nationalbib\/uzbekintro-2\/\">Introduction<\/a><\/li>\n<\/ul>\n<\/li>\n<\/ul>\n<\/div>\n<div class=\"shortcode sh-col-span-4 sh-pb-3\">\n<h3>Eastern Europe<\/h3>\n<ul>\n<li><a href=\"https:\/\/wordpress.library.illinois.edu\/ias\/spx\/slavicresearchguides\/nationalbib\/natbibbelor\/\">Belarus<\/a>\n<ul>\n<li><a href=\"https:\/\/wordpress.library.illinois.edu\/ias\/spx\/slavicresearchguides\/nationalbib\/natbibbelorchron\/\">Development of Belorussian Bibliography<\/a><\/li>\n<\/ul>\n<\/li>\n<li><a href=\"https:\/\/wordpress.library.illinois.edu\/ias\/spx\/slavicresearchguides\/nationalbib\/natbibczechslovak2\/\">Czech and Slovak Bibliographies<\/a><\/li>\n<li><a href=\"https:\/\/wordpress.library.illinois.edu\/ias\/spx\/slavicresearchguides\/nationalbib\/natbibhungary2\/\">Hungary<\/a><\/li>\n<li><a href=\"https:\/\/wordpress.library.illinois.edu\/ias\/spx\/slavicresearchguides\/nationalbib\/natbibmoldova\/\">Moldova<\/a><\/li>\n<li><a href=\"https:\/\/wordpress.library.illinois.edu\/ias\/spx\/slavicresearchguides\/nationalbib\/polbib2\/\">Poland<\/a><\/li>\n<li><a href=\"https:\/\/wordpress.library.illinois.edu\/ias\/spx\/slavicresearchguides\/nationalbib\/natbibromania2\/\">Romania<\/a><\/li>\n<li><a href=\"https:\/\/wordpress.library.illinois.edu\/ias\/spx\/slavicresearchguides\/nationalbib\/natbibukraine2\/\">Ukraine<\/a><\/li>\n<\/ul>\n<h3>The Balkans<\/h3>\n<ul>\n<li><a href=\"https:\/\/wordpress.library.illinois.edu\/ias\/spx\/slavicresearchguides\/nationalbib\/natbibalbania2\/\">Albania<\/a><\/li>\n<li><a href=\"https:\/\/wordpress.library.illinois.edu\/ias\/spx\/slavicresearchguides\/nationalbib\/natbibbosnia2\/\">Bosnia and Hercegovina<\/a><\/li>\n<li><a href=\"https:\/\/wordpress.library.illinois.edu\/ias\/spx\/slavicresearchguides\/nationalbib\/natbibbulgaria2\/\">Bulgaria<\/a><\/li>\n<li><a href=\"https:\/\/wordpress.library.illinois.edu\/ias\/wp-admin\/post.php?post=6171&amp;action=edit\">Croatia<\/a><\/li>\n<li><a href=\"https:\/\/wordpress.library.illinois.edu\/ias\/spx\/slavicresearchguides\/nationalbib\/lithintro\/\">Macedonia (FYR)<\/a><\/li>\n<li><a href=\"https:\/\/wordpress.library.illinois.edu\/ias\/spx\/slavicresearchguides\/nationalbib\/natbibmontenegro2\/\">Montenegro<\/a><\/li>\n<li><a href=\"https:\/\/wordpress.library.illinois.edu\/ias\/spx\/slavicresearchguides\/nationalbib\/natbibslovenia2\/\">Slovenia<\/a><\/li>\n<li><a href=\"https:\/\/wordpress.library.illinois.edu\/ias\/spx\/slavicresearchguides\/nationalbib\/natbibyugoslav2\/\">Former Yugoslavia<\/a><\/li>\n<\/ul>\n<h3>Baltic States<\/h3>\n<ul>\n<li><a href=\"https:\/\/wordpress.library.illinois.edu\/ias\/spx\/slavicresearchguides\/nationalbib\/natbibestonia2\/\">Estonia<\/a><\/li>\n<li><a href=\"https:\/\/wordpress.library.illinois.edu\/ias\/spx\/slavicresearchguides\/nationalbib\/natbiblatvia2\/\">Latvia<\/a><\/li>\n<li><a href=\"https:\/\/wordpress.library.illinois.edu\/ias\/spx\/slavicresearchguides\/nationalbib\/natbiblithuania\/\">Lithuania<\/a>\n<ul>\n<li><a href=\"https:\/\/wordpress.library.illinois.edu\/ias\/spx\/slavicresearchguides\/nationalbib\/lithintro\/\">Introduction<\/a><\/li>\n<\/ul>\n<\/li>\n<\/ul>\n<\/div>\n<\/div>\n","protected":false},"excerpt":{"rendered":"<p>National bibliographies are sources that attempt to list, as comprehensively as possible, the publications of a particular country during a specific period. Often compiled by the government of these\u00a0country, these resources can be useful for scholars researching specific geographic regions or cultural and ethnic groups. For more information about national bibliographies and their history please [&hellip;]<\/p>\n","protected":false},"author":626,"featured_media":0,"parent":4602,"menu_order":0,"comment_status":"closed","ping_status":"closed","template":"","meta":{"_acf_changed":false,"footnotes":""},"class_list":["post-4871","page","type-page","status-publish","hentry"],"acf":[],"_links":{"self":[{"href":"https:\/\/wordpress.library.illinois.edu\/slavic\/wp-json\/wp\/v2\/pages\/4871","targetHints":{"allow":["GET"]}}],"collection":[{"href":"https:\/\/wordpress.library.illinois.edu\/slavic\/wp-json\/wp\/v2\/pages"}],"about":[{"href":"https:\/\/wordpress.library.illinois.edu\/slavic\/wp-json\/wp\/v2\/types\/page"}],"author":[{"embeddable":true,"href":"https:\/\/wordpress.library.illinois.edu\/slavic\/wp-json\/wp\/v2\/users\/626"}],"replies":[{"embeddable":true,"href":"https:\/\/wordpress.library.illinois.edu\/slavic\/wp-json\/wp\/v2\/comments?post=4871"}],"version-history":[{"count":0,"href":"https:\/\/wordpress.library.illinois.edu\/slavic\/wp-json\/wp\/v2\/pages\/4871\/revisions"}],"up":[{"embeddable":true,"href":"https:\/\/wordpress.library.illinois.edu\/slavic\/wp-json\/wp\/v2\/pages\/4602"}],"wp:attachment":[{"href":"https:\/\/wordpress.library.illinois.edu\/slavic\/wp-json\/wp\/v2\/media?parent=4871"}],"curies":[{"name":"wp","href":"https:\/\/api.w.org\/{rel}","templated":true}]}}