{"id":2604,"date":"2017-07-24T18:57:27","date_gmt":"2017-07-24T18:57:27","guid":{"rendered":"http:\/\/wordpress-dev.library.illinois.edu\/staff\/kolbp\/tour\/place\/"},"modified":"2017-07-24T18:57:27","modified_gmt":"2017-07-24T18:57:27","slug":"place","status":"publish","type":"page","link":"https:\/\/wordpress.library.illinois.edu\/rbx\/kolbproust\/tour\/place\/","title":{"rendered":"Place File"},"content":{"rendered":"<div id=\"colCenter\">\n<p>   <a href=\"\/rbx\/kolbp\/ritzjpg\">    <img decoding=\"async\" alt=\"image d'une fiche\" src=\"\/wp-content\/uploads\/sites\/52\/media\/img\/gif\/Ritz.gif\" \/><\/a>  <\/p>\n<p>   Cette fiche est extraite d&#8217;un r\u00e9pertoire des lieux cit\u00e9s dans la correspondance de Marcel Proust. Elle fait partie d&#8217;une sous-cat\u00e9gorie du fichier consacr\u00e9e aux h\u00f4tels parisiens. Cette fiche donne l&#8217;adresse de l&#8217;h\u00f4tel, une liste des employ\u00e9s dont le nom appara\u00eet dans certaines lettres de Proust et des informations sur les clients de l&#8217;h\u00f6tel (dont Marcel Proust).  <\/p>\n<\/p>\n<p>   This card comes from a file of places mentioned in Proust&#8217;s correspondence. More specifically, it belongs to a sub-category of the place file concerning Parisian hotels. It gives the address of the hotel, a list of employees of the hotel (whose names appear in some of Proust&#8217;s letters), and information about patrons of the hotel (including Proust himself).  <\/p>\n<p>   <a href=\"\/rbx\/kolbp\/tour\/letter\">    Retour \u00e0 la lettre\/Return to the letter   <\/a>  <\/p>\n<\/p><\/div>\n","protected":false},"excerpt":{"rendered":"<p>Cette fiche est extraite d&#8217;un r\u00e9pertoire des lieux cit\u00e9s dans la correspondance de Marcel Proust. Elle fait partie d&#8217;une sous-cat\u00e9gorie du fichier consacr\u00e9e aux h\u00f4tels parisiens. Cette fiche donne l&#8217;adresse de l&#8217;h\u00f4tel, une liste des employ\u00e9s dont le nom appara\u00eet dans certaines lettres de Proust et des informations sur les clients de l&#8217;h\u00f6tel (dont Marcel [&hellip;]<\/p>\n","protected":false},"author":71,"featured_media":0,"parent":2603,"menu_order":0,"comment_status":"closed","ping_status":"closed","template":"","meta":{"_acf_changed":false,"footnotes":""},"class_list":["post-2604","page","type-page","status-publish","hentry"],"acf":[],"_links":{"self":[{"href":"https:\/\/wordpress.library.illinois.edu\/rbx\/wp-json\/wp\/v2\/pages\/2604","targetHints":{"allow":["GET"]}}],"collection":[{"href":"https:\/\/wordpress.library.illinois.edu\/rbx\/wp-json\/wp\/v2\/pages"}],"about":[{"href":"https:\/\/wordpress.library.illinois.edu\/rbx\/wp-json\/wp\/v2\/types\/page"}],"author":[{"embeddable":true,"href":"https:\/\/wordpress.library.illinois.edu\/rbx\/wp-json\/wp\/v2\/users\/71"}],"replies":[{"embeddable":true,"href":"https:\/\/wordpress.library.illinois.edu\/rbx\/wp-json\/wp\/v2\/comments?post=2604"}],"version-history":[{"count":0,"href":"https:\/\/wordpress.library.illinois.edu\/rbx\/wp-json\/wp\/v2\/pages\/2604\/revisions"}],"up":[{"embeddable":true,"href":"https:\/\/wordpress.library.illinois.edu\/rbx\/wp-json\/wp\/v2\/pages\/2603"}],"wp:attachment":[{"href":"https:\/\/wordpress.library.illinois.edu\/rbx\/wp-json\/wp\/v2\/media?parent=2604"}],"curies":[{"name":"wp","href":"https:\/\/api.w.org\/{rel}","templated":true}]}}