{"id":2597,"date":"2017-07-24T18:57:27","date_gmt":"2017-07-24T18:57:27","guid":{"rendered":"http:\/\/wordpress-dev.library.illinois.edu\/staff\/kolbp\/tour\/periodical\/"},"modified":"2017-07-24T18:57:27","modified_gmt":"2017-07-24T18:57:27","slug":"periodical","status":"publish","type":"page","link":"https:\/\/wordpress.library.illinois.edu\/rbx\/kolbproust\/tour\/periodical\/","title":{"rendered":"Periodical File"},"content":{"rendered":"<div id=\"colCenter\">\n<p>   <a href=\"\/rbx\/kolbp\/gilblasjpg\">    <img decoding=\"async\" alt=\"image d'une fiche\" src=\"\/wp-content\/uploads\/sites\/52\/media\/img\/gif\/GilBlas.gif\" \/><\/a>  <\/p>\n<p>   Cette fiche est extraite d&#8217;un r\u00e9pertoire des journaux et revues de l&#8217;\u00e9poque de Marcel Proust. Elle donne le titre exact du journal, sa p\u00e9riodicit\u00e9, sa date de premi\u00e8re parution, sa tendance politique, une liste des directeurs, des collaborateurs, des articles concernant Marcel Proust.  <\/p>\n<p>   C&#8217;est dans ce journal que Marcel Proust apprend que la comtesse Mathieu de Noailles, cousine d&#8217;Antoine Bibesco, n&#8217;a pas re\u00e7u la L\u00e9gion d&#8217;Honneur, malgr\u00e9 les recommandations d&#8217;un ministre. Il fait allusion \u00e0 cette nouvelle dans sa lettre : &#8220;ta cousine a \u00e9t\u00e9 d\u00e9d\u00e9cor\u00e9e&#8221;.  <\/p>\n<\/p>\n<p>   This card belongs to the catalog of newspapers and journals of Proust&#8217;s time. It lists the exact title of the periodical, its frequency of publication, the date of its first publication, its political leanings, its directors and contributors, and articles concerning Proust.  <\/p>\n<p>   In this particular newspaper,   <cite>    Le Gil Blas   <\/cite>   , Proust learned that Countess Mathieu de Noailles, the cousin of Antoine Bibesco, was not awarded the L\u00e9gion d&#8217;Honneur, in spite of support from a government official. Proust alludes to this event in his letter to Bibesco: &#8220;ta cousine a \u00e9t\u00e9 d\u00e9d\u00e9cor\u00e9e&#8221;.  <\/p>\n<p>   <a href=\"\/rbx\/kolbp\/tour\/letter\">    Retour \u00e0 la lettre\/Return to the letter   <\/a>  <\/p>\n<\/p><\/div>\n","protected":false},"excerpt":{"rendered":"<p>Cette fiche est extraite d&#8217;un r\u00e9pertoire des journaux et revues de l&#8217;\u00e9poque de Marcel Proust. Elle donne le titre exact du journal, sa p\u00e9riodicit\u00e9, sa date de premi\u00e8re parution, sa tendance politique, une liste des directeurs, des collaborateurs, des articles concernant Marcel Proust. C&#8217;est dans ce journal que Marcel Proust apprend que la comtesse Mathieu [&hellip;]<\/p>\n","protected":false},"author":71,"featured_media":0,"parent":2603,"menu_order":0,"comment_status":"closed","ping_status":"closed","template":"","meta":{"_acf_changed":false,"footnotes":""},"class_list":["post-2597","page","type-page","status-publish","hentry"],"acf":[],"_links":{"self":[{"href":"https:\/\/wordpress.library.illinois.edu\/rbx\/wp-json\/wp\/v2\/pages\/2597","targetHints":{"allow":["GET"]}}],"collection":[{"href":"https:\/\/wordpress.library.illinois.edu\/rbx\/wp-json\/wp\/v2\/pages"}],"about":[{"href":"https:\/\/wordpress.library.illinois.edu\/rbx\/wp-json\/wp\/v2\/types\/page"}],"author":[{"embeddable":true,"href":"https:\/\/wordpress.library.illinois.edu\/rbx\/wp-json\/wp\/v2\/users\/71"}],"replies":[{"embeddable":true,"href":"https:\/\/wordpress.library.illinois.edu\/rbx\/wp-json\/wp\/v2\/comments?post=2597"}],"version-history":[{"count":0,"href":"https:\/\/wordpress.library.illinois.edu\/rbx\/wp-json\/wp\/v2\/pages\/2597\/revisions"}],"up":[{"embeddable":true,"href":"https:\/\/wordpress.library.illinois.edu\/rbx\/wp-json\/wp\/v2\/pages\/2603"}],"wp:attachment":[{"href":"https:\/\/wordpress.library.illinois.edu\/rbx\/wp-json\/wp\/v2\/media?parent=2597"}],"curies":[{"name":"wp","href":"https:\/\/api.w.org\/{rel}","templated":true}]}}