{"id":2596,"date":"2017-07-24T18:57:27","date_gmt":"2017-07-24T18:57:27","guid":{"rendered":"http:\/\/wordpress-dev.library.illinois.edu\/staff\/kolbp\/tour\/literary\/"},"modified":"2017-07-24T18:57:27","modified_gmt":"2017-07-24T18:57:27","slug":"literary","status":"publish","type":"page","link":"https:\/\/wordpress.library.illinois.edu\/rbx\/kolbproust\/tour\/literary\/","title":{"rendered":"Literary Works"},"content":{"rendered":"<div id=\"colCenter\">\n<p>   <a href=\"\/rbx\/kolbp\/visagejpg\">    <img decoding=\"async\" alt=\"image d'une fiche\" src=\"\/wp-content\/uploads\/sites\/52\/media\/img\/gif\/Visage.gif\" \/><\/a>  <\/p>\n<p>   Cette fiche provient du fichier bio-bibliographique des correspondants de Proust et des personnes mentionn\u00e9es dans la correspondance. Elle suit la fiche biographique de la cousine d&#8217;Antoine Bibesco, Anna de Noailles, dont il est question dans la lettre (&#8220;ta cousine d\u00e9d\u00e9cor\u00e9e&#8221;).  <\/p>\n<p>   Cette carte fait partie d&#8217;une liste des oeuvres d&#8217;Anna de Noailles cit\u00e9es par Proust. Elle donne le titre exact de l&#8217;ouvrage, la date de parution, une s\u00e9rie de r\u00e9f\u00e9rences \u00e0 des articles critiques publi\u00e9s \u00e0 propos de cette oeuvre.  <\/p>\n<\/p>\n<p>   This card belongs to the biographical and bibliographical catalog of Proust&#8217;s correspondents and people mentioned in the correspondence. In the catalog it follows the biographical card for Antoine Bibesco&#8217;s cousin, Anna de Noailles, who is mentioned in Proust&#8217;s letter (&#8220;ta cousine d\u00e9d\u00e9cor\u00e9e&#8221;).  <\/p>\n<p>   The card is one of many giving information on the literary works by Anna de Noailles which were mentioned by Proust. It lists the exact title of the work, its date of publication, and references to published revues of the work.  <\/p>\n<p>   <a href=\"\/rbx\/kolbp\/tour\/letter\">    Retour \u00e0 la lettre\/Return to the letter   <\/a>  <\/p>\n<\/p><\/div>\n","protected":false},"excerpt":{"rendered":"<p>Cette fiche provient du fichier bio-bibliographique des correspondants de Proust et des personnes mentionn\u00e9es dans la correspondance. Elle suit la fiche biographique de la cousine d&#8217;Antoine Bibesco, Anna de Noailles, dont il est question dans la lettre (&#8220;ta cousine d\u00e9d\u00e9cor\u00e9e&#8221;). Cette carte fait partie d&#8217;une liste des oeuvres d&#8217;Anna de Noailles cit\u00e9es par Proust. Elle [&hellip;]<\/p>\n","protected":false},"author":71,"featured_media":0,"parent":2603,"menu_order":0,"comment_status":"closed","ping_status":"closed","template":"","meta":{"_acf_changed":false,"footnotes":""},"class_list":["post-2596","page","type-page","status-publish","hentry"],"acf":[],"_links":{"self":[{"href":"https:\/\/wordpress.library.illinois.edu\/rbx\/wp-json\/wp\/v2\/pages\/2596","targetHints":{"allow":["GET"]}}],"collection":[{"href":"https:\/\/wordpress.library.illinois.edu\/rbx\/wp-json\/wp\/v2\/pages"}],"about":[{"href":"https:\/\/wordpress.library.illinois.edu\/rbx\/wp-json\/wp\/v2\/types\/page"}],"author":[{"embeddable":true,"href":"https:\/\/wordpress.library.illinois.edu\/rbx\/wp-json\/wp\/v2\/users\/71"}],"replies":[{"embeddable":true,"href":"https:\/\/wordpress.library.illinois.edu\/rbx\/wp-json\/wp\/v2\/comments?post=2596"}],"version-history":[{"count":0,"href":"https:\/\/wordpress.library.illinois.edu\/rbx\/wp-json\/wp\/v2\/pages\/2596\/revisions"}],"up":[{"embeddable":true,"href":"https:\/\/wordpress.library.illinois.edu\/rbx\/wp-json\/wp\/v2\/pages\/2603"}],"wp:attachment":[{"href":"https:\/\/wordpress.library.illinois.edu\/rbx\/wp-json\/wp\/v2\/media?parent=2596"}],"curies":[{"name":"wp","href":"https:\/\/api.w.org\/{rel}","templated":true}]}}