{"id":2595,"date":"2017-07-24T18:57:27","date_gmt":"2017-07-24T18:57:27","guid":{"rendered":"http:\/\/wordpress-dev.library.illinois.edu\/staff\/kolbp\/tour\/letter\/"},"modified":"2017-07-25T14:00:12","modified_gmt":"2017-07-25T14:00:12","slug":"letter","status":"publish","type":"page","link":"https:\/\/wordpress.library.illinois.edu\/rbx\/kolbproust\/tour\/letter\/","title":{"rendered":"Letter to Antoine Bibesco"},"content":{"rendered":"<div id=\"colCenter\">\n<p><a href=\"\/rbx\/kolbp\/lettjpg\"> <img loading=\"lazy\" decoding=\"async\" src=\"\/wp-content\/uploads\/sites\/52\/media\/images\/Letter.gif\" alt=\"image d'une lettre\" width=\"185\" height=\"150\" \/><\/a><\/p>\n<p>Le <strong> <a href=\"\/rbx\/kolbp\/tour\/watermark\"> filigrane <\/a> <\/strong> du papier de cette lettre, visible seulement par transparence, repr\u00e9sente une couronne.<\/p>\n<p>(The <strong> <a href=\"\/rbx\/kolbp\/tour\/watermark\"> watermark <\/a> <\/strong> on the stationery of the letter above is the image of a crown which appears when the letter is held to a light source.)<\/p>\n<p>Lundi <strong> <a href=\"\/rbx\/kolbp\/tour\/corrfile\"> [22 ao\u00fbt 1904] <\/a> <\/strong> <strong> <sup><a href=\"\/rbx\/kolbp\/letter#note1\"> (1) <\/a> <\/sup><\/strong><\/p>\n<p>Mon cher <strong> <a href=\"\/rbx\/kolbp\/tour\/bibesco\"> Antoine <\/a> <\/strong><\/p>\n<p>Que deviens-tu? Donne-moi de tes nouvelles! O\u00f9 sont les Yeatman que je les remercie des jolies cartes postales? <strong> <sup> (2) <\/sup><\/strong> J&#8217;ai b\u00eatement rat\u00e9 la visite d&#8217;Emmanuel et en suis inconsolable. <strong> <sup> (3) <\/sup><\/strong> J&#8217;ai \u00e9t\u00e9 quelques jours sur le yacht du beau p\u00e8re de Billy. Joli bateau, jolie navigation, jolies femmes. Je ne sais o\u00f9 je vais repartir. Je ne puis comprendre comment ta cousine a \u00e9t\u00e9 d\u00e9d\u00e9cor\u00e9e, puisque c&#8217;\u00e9tait sign\u00e9. <strong> <sup> (4) <\/sup><\/strong> C&#8217;est une grande d\u00e9ception pour moi bien que je n&#8217;attache pas \u00e0 ces choses-l\u00e0 beaucoup d&#8217;importance. Je pense affectueusement \u00e0 toi et je serais content d&#8217;avoir de tes nouvelles.<\/p>\n<p>Marcel Proust<\/p>\n<p><a id=\"note1\" name=\"note1\"><\/a> (1) o. ph. Coll. U. Ill. Sur papier de grand deuil. Ne porte que la date du <cite> Lundi <\/cite> ; doit dater du <em> lundi 22 ao\u00fbt 1904 <\/em> : <strong> <a href=\"\/rbx\/kolbp\/tour\/cruise\"> allusions \u00e0 la croisi\u00e8re <\/a> <\/strong> \u00e0 bord du &#8220;yacht du beau p\u00e8re de Billy&#8221;, \u00e0 la d\u00e9coration de Mme de Noailles. Voir la note (4) ci-apr\u00e8s, et la lettre o\u00f9 Proust annonce son retour de la croisi\u00e8re, lettre que nous datons du <em> Lundi soir [15 ao\u00fbt 1904] <\/em> .<\/p>\n<p><a id=\"note2\" name=\"note2\"><\/a> (2) Cf. la lettre \u00e0 L\u00e9on Yeatman, ci-apr\u00e8s, que nous datons du <em> Mercredi [24 ao\u00fbt 1904] <\/em> .<\/p>\n<p><a id=\"note3\" name=\"note3\"><\/a> (3) Les princes Antoine et Emmanuel Bibesco sont nomm\u00e9s parmi les personnes ayant assist\u00e9 \u00e0 une repr\u00e9sentation de <cite> Le Coeur a ses raisons <\/cite> chez Mme Eug\u00e8ne Pouquet ( <cite> Le Figaro <\/cite> , 29 mai 1904, p. 2); <cite> Le Figaro <\/cite> du 10 juin 1904 note qu&#8217;ils ont donn\u00e9 un th\u00e9 \u00e0 <strong> <a href=\"\/rbx\/kolbp\/tour\/place\"> l&#8217;h\u00f4tel Ritz <\/a> <\/strong> . <cite> Le Figaro <\/cite> du 24 juin 1904 annonce, sous la rubrique des <cite> d\u00e9placements et vill\u00e9giatures <\/cite> : &#8220;M. le prince Antoine Bibesco, \u00e0 Londres.&#8221;<\/p>\n<p><a id=\"note4\" name=\"note4\"><\/a> (4) <strong> <cite> <a href=\"\/rbx\/kolbp\/tour\/periodical\"> Le Gil Blas <\/a> <\/cite> <\/strong> du lundi 8 ao\u00fbt 1904, page 2, annonce, sous la rubrique <cite> Le Diable Boiteux. Le ruban rouge <\/cite> : &#8220;&#8230; La comtesse Mathieu de Noailles n&#8217;aura pas le ruban rouge cette ann\u00e9e. Le ministre l&#8217;avait pourtant mise sur sa liste. Mais la grande chancellerie a trouv\u00e9 que l&#8217;auteur du <strong> <cite> <a href=\"\/rbx\/kolbp\/tour\/literary\"> Visage \u00e9merveill\u00e9 <\/a> <\/cite> <\/strong> \u00e9tait trop jeune. Esp\u00e9rons que douze mois suffiront \u00e0 r\u00e9aliser le miracle de rendre Mme de Noailles assez vieille.&#8221;<\/p>\n<p>Kolb, Philip. <cite> Correspondance de Marcel Proust <\/cite> , tome IV. Librairie Plon, Paris, 1978.<\/p>\n","protected":false},"excerpt":{"rendered":"<p>Le filigrane du papier de cette lettre, visible seulement par transparence, repr\u00e9sente une couronne. (The watermark on the stationery of the letter above is the image of a crown which appears when the letter is held to a light source.) Lundi [22 ao\u00fbt 1904] (1) Mon cher Antoine Que deviens-tu? Donne-moi de tes nouvelles! O\u00f9 [&hellip;]<\/p>\n","protected":false},"author":71,"featured_media":0,"parent":2603,"menu_order":0,"comment_status":"closed","ping_status":"closed","template":"","meta":{"_acf_changed":false,"footnotes":""},"class_list":["post-2595","page","type-page","status-publish","hentry"],"acf":[],"_links":{"self":[{"href":"https:\/\/wordpress.library.illinois.edu\/rbx\/wp-json\/wp\/v2\/pages\/2595","targetHints":{"allow":["GET"]}}],"collection":[{"href":"https:\/\/wordpress.library.illinois.edu\/rbx\/wp-json\/wp\/v2\/pages"}],"about":[{"href":"https:\/\/wordpress.library.illinois.edu\/rbx\/wp-json\/wp\/v2\/types\/page"}],"author":[{"embeddable":true,"href":"https:\/\/wordpress.library.illinois.edu\/rbx\/wp-json\/wp\/v2\/users\/71"}],"replies":[{"embeddable":true,"href":"https:\/\/wordpress.library.illinois.edu\/rbx\/wp-json\/wp\/v2\/comments?post=2595"}],"version-history":[{"count":1,"href":"https:\/\/wordpress.library.illinois.edu\/rbx\/wp-json\/wp\/v2\/pages\/2595\/revisions"}],"predecessor-version":[{"id":2701,"href":"https:\/\/wordpress.library.illinois.edu\/rbx\/wp-json\/wp\/v2\/pages\/2595\/revisions\/2701"}],"up":[{"embeddable":true,"href":"https:\/\/wordpress.library.illinois.edu\/rbx\/wp-json\/wp\/v2\/pages\/2603"}],"wp:attachment":[{"href":"https:\/\/wordpress.library.illinois.edu\/rbx\/wp-json\/wp\/v2\/media?parent=2595"}],"curies":[{"name":"wp","href":"https:\/\/api.w.org\/{rel}","templated":true}]}}