{"id":2594,"date":"2017-07-24T18:57:27","date_gmt":"2017-07-24T18:57:27","guid":{"rendered":"http:\/\/wordpress-dev.library.illinois.edu\/staff\/kolbp\/tour\/cruise\/"},"modified":"2017-07-24T18:57:27","modified_gmt":"2017-07-24T18:57:27","slug":"cruise","status":"publish","type":"page","link":"https:\/\/wordpress.library.illinois.edu\/rbx\/kolbproust\/tour\/cruise\/","title":{"rendered":"Chronological File"},"content":{"rendered":"<div id=\"colCenter\">\n<p>   <a href=\"\/rbx\/kolbp\/cruisejpg\">    <img decoding=\"async\" alt=\"image d'une fiche\" src=\"\/wp-content\/uploads\/sites\/52\/media\/img\/gif\/Cruise.gif\" \/><\/a>  <\/p>\n<p>   Cette fiche retrace le parcours de la croisi\u00e8re de Marcel Proust, d&#8217;apr\u00e8s les lettres qui y font allusion et les volumes de souvenirs de ses amis. Elle est extraite d&#8217;un fichier chronologique dans lequel Philip Kolb a rassembl\u00e9 tous les \u00e9v\u00e9nements pouvant servir \u00e0 la datation des lettres de Proust. Ces informations proviennent de lettres d\u00e9j\u00e0 dat\u00e9es, d&#8217;articles de journaux, de livres de souvenirs, de biographies.  <\/p>\n<\/p>\n<p>   This card gives the itinerary for a cruise taken by Proust. The itinerary is based both on letters which refer to the cruise as well as on the published memoires of Proust&#8217;s friends. The card is part of a chronological file in which Kolb cited any event which could help him date Proust&#8217;s letters. These events come from dated letters, newspaper articles, memoires and biographies.  <\/p>\n<p>   <a href=\"\/rbx\/kolbp\/tour\/letter\">    Retour \u00e0 la lettre\/Return to the letter   <\/a>  <\/p>\n<\/p><\/div>\n","protected":false},"excerpt":{"rendered":"<p>Cette fiche retrace le parcours de la croisi\u00e8re de Marcel Proust, d&#8217;apr\u00e8s les lettres qui y font allusion et les volumes de souvenirs de ses amis. Elle est extraite d&#8217;un fichier chronologique dans lequel Philip Kolb a rassembl\u00e9 tous les \u00e9v\u00e9nements pouvant servir \u00e0 la datation des lettres de Proust. Ces informations proviennent de lettres [&hellip;]<\/p>\n","protected":false},"author":71,"featured_media":0,"parent":2603,"menu_order":0,"comment_status":"closed","ping_status":"closed","template":"","meta":{"_acf_changed":false,"footnotes":""},"class_list":["post-2594","page","type-page","status-publish","hentry"],"acf":[],"_links":{"self":[{"href":"https:\/\/wordpress.library.illinois.edu\/rbx\/wp-json\/wp\/v2\/pages\/2594","targetHints":{"allow":["GET"]}}],"collection":[{"href":"https:\/\/wordpress.library.illinois.edu\/rbx\/wp-json\/wp\/v2\/pages"}],"about":[{"href":"https:\/\/wordpress.library.illinois.edu\/rbx\/wp-json\/wp\/v2\/types\/page"}],"author":[{"embeddable":true,"href":"https:\/\/wordpress.library.illinois.edu\/rbx\/wp-json\/wp\/v2\/users\/71"}],"replies":[{"embeddable":true,"href":"https:\/\/wordpress.library.illinois.edu\/rbx\/wp-json\/wp\/v2\/comments?post=2594"}],"version-history":[{"count":0,"href":"https:\/\/wordpress.library.illinois.edu\/rbx\/wp-json\/wp\/v2\/pages\/2594\/revisions"}],"up":[{"embeddable":true,"href":"https:\/\/wordpress.library.illinois.edu\/rbx\/wp-json\/wp\/v2\/pages\/2603"}],"wp:attachment":[{"href":"https:\/\/wordpress.library.illinois.edu\/rbx\/wp-json\/wp\/v2\/media?parent=2594"}],"curies":[{"name":"wp","href":"https:\/\/api.w.org\/{rel}","templated":true}]}}