{"id":2556,"date":"2017-07-24T18:57:26","date_gmt":"2017-07-24T18:57:26","guid":{"rendered":"http:\/\/wordpress-dev.library.illinois.edu\/staff\/kolbp\/proust\/biblio\/"},"modified":"2017-07-24T22:26:27","modified_gmt":"2017-07-24T22:26:27","slug":"biblio","status":"publish","type":"page","link":"https:\/\/wordpress.library.illinois.edu\/rbx\/kolbproust\/proust\/biblio\/","title":{"rendered":"Proust Bibliography"},"content":{"rendered":"<div id=\"colCenter\">\n<table border=\"0\" width=\"100%\" cellspacing=\"0\" cellpadding=\"0\">\n<tbody>\n<tr>\n<td valign=\"top\">Cette bibliographie n&#8217;est pas exhaustive. Dans chaque cat\u00e9gorie, les ouvrages signal\u00e9s peuvent servir de point de d\u00e9part \u00e0 des recherches bibliographiques plus approfondies. La liste est limit\u00e9e aux ouvrages en fran\u00e7ais et en anglais, sauf pour les sections &#8220;p\u00e9riodiques&#8221; et &#8220;bibliographies&#8221;.<\/td>\n<td valign=\"top\"><\/td>\n<td valign=\"top\">This bibliography is far from exhaustive. In each category, the listed items are meant to be starting points for more detailed research. The list is limited to works in French and English, except for the &#8220;Periodicals&#8221; and &#8220;Bibliographies&#8221; sections.<\/td>\n<\/tr>\n<\/tbody>\n<\/table>\n<p>EN = English text\u00a0 FR = texte en fran\u00e7ais<\/p>\n<table border=\"0\" width=\"100%\" cellspacing=\"0\" cellpadding=\"2\">\n<tbody>\n<tr>\n<td><a href=\"#roman\"> <strong> Le roman \/ The novel <\/strong> <\/a><\/td>\n<td><a href=\"#biogr\"> <strong> Biographies <\/strong> <\/a><\/td>\n<td><a href=\"#biblio\"> <strong> Bibliographies <\/strong> <\/a><\/td>\n<\/tr>\n<tr>\n<td><a href=\"#autres\"> <strong> Autres \u00e9crits de Proust \/ Other works by Proust <\/strong> <\/a><\/td>\n<td><a href=\"#cor\"> <strong> Correspondance \/ Correspondence <\/strong> <\/a><\/td>\n<td><a href=\"#period\"> <strong> P\u00e9riodiques \/ Periodicals <\/strong> <\/a><\/td>\n<\/tr>\n<tr>\n<td><a href=\"#texnum\"> <strong> Textes num\u00e9ris\u00e9s \/ Digitized Texts <\/strong> <\/a><\/td>\n<td><a href=\"#icono\"> <strong> Iconographie \/ Iconography <\/strong> <\/a><\/td>\n<td><a href=\"#guides\"> <strong> Guides \/ Guides to Proust <\/strong> <\/a><\/td>\n<\/tr>\n<\/tbody>\n<\/table>\n<h4><a id=\"roman\" name=\"roman\"><\/a> Le roman \/ The novel<\/h4>\n<table border=\"0\" width=\"100%\" cellspacing=\"0\" cellpadding=\"0\">\n<tbody>\n<tr>\n<td>FR<\/td>\n<td><cite> A la recherche du temps perdu <\/cite> . Ed. sous la direction de Jean-Yves Tadi\u00e9. Paris: collection Pl\u00e9iade, Gallimard, 1987-1989 (4 vols).<\/td>\n<\/tr>\n<tr>\n<td>FR<\/td>\n<td><cite> A la recherche du temps perdu. <\/cite> Ed. Livre de poche classique. 1993.<\/td>\n<\/tr>\n<tr>\n<td>FR<\/td>\n<td><cite> A la recherche du temps perdu <\/cite> . Ed. sous la direction de Jean Milly. Paris: Garnier Flammarion, 1984-1987 (10 vols).<\/td>\n<\/tr>\n<\/tbody>\n<\/table>\n<h4>Traductions \/ Translations<\/h4>\n<table border=\"0\" width=\"100%\">\n<tbody>\n<tr>\n<td>EN<\/td>\n<td><em> In Search of Lost Time <\/em> . General Editor: Christopher Prendergast. London: Allen Lane, 2002 (6 vols)<br \/>\n( <em> Way by Swann&#8217;s <\/em> &#8211; <em> In the Shadow of Young Girls in Flower <\/em> &#8211; <em> Guermantes Way <\/em> &#8211; <em> Sodom and Gomorrah <\/em> &#8211; <em> Prisoner <\/em> &#8211; <em> Fugitive <\/em> &#8211; <em> Finding Time Again <\/em> .)<\/td>\n<\/tr>\n<tr>\n<td>EN<\/td>\n<td>In Search of Lost Time. Translated by C.K. Scott Moncrieff and Terence Kilmartin. Revised by D.J. Enright. New York: The Modern Library, 1992.<br \/>\n( <em> Swann&#8217;s Way <\/em> &#8211; <em> Within a Budding Grove <\/em> &#8211; <em> The Guermantes Way <\/em> &#8211; <em> Sodom and Gomorrah <\/em> &#8211; <em> The Captive <\/em> &#8211; <em> The Fugitiv <\/em> e &#8211; <em> Time Regained <\/em> .)<\/td>\n<\/tr>\n<tr>\n<td>EN<\/td>\n<td><cite> Remembrance of Things Past <\/cite> . Translated by C. K. Scott Moncrieff and Terence Kilmartin. New York: Random House, 1981 (3 vols).<br \/>\n( <em> Swann&#8217;s Way <\/em> &#8211; <em> Within a Budding Grove <\/em> &#8211; <em> The Guermantes Way <\/em> &#8211; <em> Cities of the Plain <\/em> &#8211; <em> The Captive <\/em> &#8211; <em> The Fugitiv <\/em> e &#8211; <em> Time Regained <\/em> .)<\/td>\n<\/tr>\n<\/tbody>\n<\/table>\n<p>&nbsp;<\/p>\n<h3><a id=\"autres\" name=\"autres\"><\/a> Autres \u00e9crits de Proust \/ Other works by Proust<\/h3>\n<table border=\"0\" width=\"100%\">\n<tbody>\n<tr>\n<td>FR<\/td>\n<td><cite> Jean Santeuil, pr\u00e9c\u00e9d\u00e9 de Les Plaisirs et les Jours <\/cite> . Eds. Pierre Clarac et Yves Sandre. Paris: collection Pl\u00e9iade, Gallimard, 1971.<\/td>\n<\/tr>\n<tr>\n<td>FR<\/td>\n<td><cite> Contre Sainte-Beuve, pr\u00e9c\u00e9d\u00e9 de Pastiches et m\u00e9langes, et suivi de Essais et articles. <\/cite> Eds. Pierre Clarac et Yves Sandre. Paris: collection Pl\u00e9iade, Gallimard, 1971.<\/td>\n<\/tr>\n<tr>\n<td>FR<\/td>\n<td><em> Textes Retrouv\u00e9s <\/em> . Recueillis et pr\u00e9sent\u00e9s par Philip Kolb. Cahiers Marcel Proust nouvelle s\u00e9rie 3. Paris: Gallimard, 1971.<\/td>\n<\/tr>\n<tr>\n<td>FR<\/td>\n<td><em> Textes Retrouv\u00e9s <\/em> . Recueillis et pr\u00e9sent\u00e9s par Philip Kolb et Larkin B. Price. Urbana: University of Illinois Press, 1968.<\/td>\n<\/tr>\n<tr>\n<td>FR<\/td>\n<td><em> \u00c9crits de jeunesse 1887-1895 <\/em> . Ed. Anne Borrel. Illiers-Combray: Institut Marcel Proust International, 1991.<\/td>\n<\/tr>\n<tr>\n<td>FR<\/td>\n<td><em> L&#8217;Indiff\u00e9rent <\/em> . Pr\u00e9face de Philip Kolb. Paris: Gallimard, 1978.<\/td>\n<\/tr>\n<tr>\n<td>FR<\/td>\n<td><em> Le Carnet de 1908 <\/em> . \u00c9tabli et pr\u00e9sent\u00e9 par Philip Kolb. Cahiers Marcel Proust nouvelle s\u00e9rie 8. Paris: Gallimard, 1976.<\/td>\n<\/tr>\n<tr>\n<td>FR<\/td>\n<td><em> Carnets <\/em> . Edition \u00e9tablie et pr\u00e9sent\u00e9e par Florence Callu et Antoine Compagnon. Paris: Gallimard, 2002.<\/td>\n<\/tr>\n<\/tbody>\n<\/table>\n<h4>Traductions \/ Translations<\/h4>\n<table border=\"0\" width=\"100%\">\n<tbody>\n<tr>\n<td>EN<\/td>\n<td><em> The Complete Short Stories of Marcel Proust <\/em> . Compiled and Translated by Joachim Neugroschel. New York: Cooper Square Press, 2001.<br \/>\n( <em> Pleasures and Days <\/em> &#8211; <em> Norman Things <\/em> &#8211; <em> Memory <\/em> &#8211; <em> Portrait of Mme X. <\/em> &#8211; <em> Before the Night <\/em> &#8211; <em> Another Memory <\/em> &#8211; <em> The Indifferent Man <\/em> )<\/td>\n<\/tr>\n<tr>\n<td>EN<\/td>\n<td><em> Pleasures and Regrets <\/em> . Translated by Louise Varese. Hopewell: The Ecco Press, 1984 (reprint of Crown, 1949).<br \/>\n(this edition omits the following sections: <em> Mondanit\u00e9 et M\u00e9lomanie de Bouvard et P\u00e9cuchet <\/em> &#8211; <em> Portraits de peintres et de musiciens <\/em> .)<\/td>\n<\/tr>\n<tr>\n<td>EN<\/td>\n<td><em> Jean Santeuil <\/em> . Translated by Gerard Hopkins, with a preface by Andr\u00e9 Maurois. London: Penguin Books, 1985.<\/td>\n<\/tr>\n<tr>\n<td>EN<\/td>\n<td><em> By Way of Sainte-Beuve (Contre Sainte-Beuve) <\/em> . Translated by Sylvia Townsend Warner. London: Chatto and Windus, 1958.<br \/>\n(Based on the 1954 edition of <em> Contre Sainte-Beuve suivi de Nouveaux M\u00e9langes <\/em> by Bernard de Fallois &#8212; <strong> <a href=\"\/rbx\/kolbp\/proust\/CSB-translation-Warner\"> Table of Contents <\/a> <\/strong> )<\/td>\n<\/tr>\n<tr>\n<td>EN<\/td>\n<td><em> Marcel Proust. On Art and Literature. <\/em> Translated by Sylvia Townsend Warner. New York: Carroll &amp; Graf, 1984.<br \/>\n(Reprint of preceding item under a new title).<\/td>\n<\/tr>\n<tr>\n<td>EN<\/td>\n<td><em> Against Sainte-Beuve and Other Essays <\/em> . Translated with an introduction and notes by John Sturrock. London: Penguin Books, 1988.<br \/>\n(Based on the 1971 Pl\u00e9iade edition of Contre Sainte-Beuve &#8212; <strong> <a href=\"\/rbx\/kolbp\/proust\/CSB-translation\"> Table of Contents <\/a> <\/strong> )<\/td>\n<\/tr>\n<tr>\n<td>EN<\/td>\n<td><em> Marcel Proust. A Selection from his Miscellaneous Writings, <\/em> chosen and translated by Gerard Hopkins. London: Allan Wingate, 1948<br \/>\n( <strong> <a href=\"\/rbx\/kolbp\/proust\/varia-translation\"> Table of Contents <\/a> <\/strong> )<\/td>\n<\/tr>\n<tr>\n<td>EN<\/td>\n<td><em> On Reading Ruskin <\/em> . Prefaces to <em> La Bible d&#8217;Amiens <\/em> and <em> S\u00e9same et les Lys <\/em> . Translated and edited by Jean Autret, William Burford, and Phillip J. Wolfe. New Haven, London: Yale University Press, 1985.<\/td>\n<\/tr>\n<\/tbody>\n<\/table>\n<p>&nbsp;<\/p>\n<h3><a id=\"texnum\" name=\"texnum\"><\/a> Textes num\u00e9ris\u00e9s \/ Digitized Text<\/h3>\n<h4>Textes en acc\u00e8s libre \/ Freely available texts<\/h4>\n<table border=\"0\" width=\"100%\">\n<tbody>\n<tr>\n<td>FR<\/td>\n<td><a href=\"http:\/\/gallica.bnf.fr\/\"> <strong> Gallica <\/strong> <\/a> (Biblioth\u00e8que nationale de France):<br \/>\n<em> A la Recherche du Temps Perdu <\/em> , <em> La Bible d&#8217;Amiens <\/em> , <em> S\u00e9same et les Lys <\/em> en mode image, avec notices bibliographiques<br \/>\n<em> A la Recherche du Temps Perdu <\/em> , <em> La Bible d&#8217;Amiens <\/em> , <em> S\u00e9same et les Lys <\/em> in image mode, with bibliographic descriptions.<\/td>\n<\/tr>\n<tr>\n<td>FR<\/td>\n<td><strong> <a href=\"http:\/\/gallica.bnf.fr\/Proust\/\"> Gallica Proust <\/a> <\/strong> (Biblioth\u00e8que nationale de France):<br \/>\ndossier th\u00e9matique autour de Proust et du <em> Temps Retrouv\u00e9 <\/em> . Consultation en parall\u00e8le du manuscrit et de l&#8217;\u00e9dition de 1927 du <em> Temps Retrouv\u00e9 <\/em> (mode texte)<br \/>\nThematic website about Proust and <em> Le Temps Retrouv\u00e9 <\/em> ( <em> Time Regained <\/em> ). Parallel viewing of the manuscript and the original edition of the <em> Temps Retrouv\u00e9 <\/em> (text mode).<\/td>\n<\/tr>\n<tr>\n<td>FR<\/td>\n<td><a href=\"http:\/\/www.tierslivre.net\/index.html\"> <strong> TiersLivre.net <\/strong> <\/a> :<br \/>\npropose trois essais de Proust: <a href=\"http:\/\/www.tierslivre.net\/litt\/proustnerval.html\"> <strong> &#8220;[G\u00e9rard de Nerval]&#8221; <\/strong> <\/a> et <a href=\"http:\/\/www.tierslivre.net\/litt\/Proust_Balzac.html\"> <strong> &#8220;[Sainte-Beuve et Balzac]&#8221; <\/strong> <\/a> , tir\u00e9s de <em> Contre Sainte-Beuve <\/em> , et <a href=\"http:\/\/www.tierslivre.net\/litt\/proustbaudelaire.html\"> <strong> &#8220;A propos de Baudelaire&#8221; <\/strong> <\/a> , publi\u00e9 dans le num\u00e9ro de juin 1921 de la <em> Nouvelle Revue Fran\u00e7aise <\/em> .<br \/>\noffers three essays by Proust: <a href=\"http:\/\/www.tierslivre.net\/litt\/proustnerval.html\"> <strong> &#8220;[G\u00e9rard de Nerval]&#8221; <\/strong> <\/a> and <a href=\"http:\/\/www.tierslivre.net\/litt\/Proust_Balzac.html\"> <strong> &#8220;[Sainte-Beuve et Balzac]&#8221; <\/strong> <\/a> , excerpted from <em> Contre Sainte-Beuve <\/em> , and <strong> &#8221; <a href=\"http:\/\/www.tierslivre.net\/litt\/proustbaudelaire.html\"> A propos de Baudelaire <\/a> &#8221; <\/strong> , first published in the June 1921 issue of the <em> Nouvelle Revue Fran\u00e7aise <\/em> .<\/td>\n<\/tr>\n<\/tbody>\n<\/table>\n<p>&nbsp;<\/p>\n<p>&nbsp;<\/p>\n<h3><a id=\"biogr\" name=\"biogr\"><\/a> Biographies<\/h3>\n<table border=\"0\" width=\"100%\">\n<tbody>\n<tr>\n<td>EN<\/td>\n<td>William C. Carter. <em> Marcel Proust: A Life <\/em> . New Haven, London: Yale University Press, 2000<\/td>\n<\/tr>\n<tr>\n<td>FR<\/td>\n<td>Jean-Yves Tadi\u00e9. <cite> Marcel Proust <\/cite> . Paris: Gallimard, 1996<\/td>\n<\/tr>\n<tr>\n<td>EN<\/td>\n<td>* Jean-Yves Tadi\u00e9. <em> Marcel Proust <\/em> . Translated by Euan Cameron. New York: Viking, 2000<\/td>\n<\/tr>\n<tr>\n<td>EN<\/td>\n<td>Edmund White. <em> Marcel Proust <\/em> . (Penguin Lives Series). New York: Viking, 1999<\/td>\n<\/tr>\n<tr>\n<td>FR<\/td>\n<td>Michel Erman. <cite> Marcel Proust <\/cite> , Paris: Fayard, 1994<\/td>\n<\/tr>\n<tr>\n<td>FR<\/td>\n<td>Roger Duch\u00eane. <em> L&#8217;impossible Marcel Proust. <\/em> Paris: R. Laffont, 1994<\/td>\n<\/tr>\n<tr>\n<td>FR<\/td>\n<td>Ghislain de Diesbach. <em> Proust. <\/em> Paris: Perrin, 1991<\/td>\n<\/tr>\n<tr>\n<td>EN<\/td>\n<td>Ronald Hayman. <cite> Proust: a Biography <\/cite> . London: Heinemann, 1990<\/td>\n<\/tr>\n<tr>\n<td>FR<\/td>\n<td>C\u00e9leste Albaret. <cite> Monsieur Proust: souvenirs recueillis par Georges Belmont. <\/cite> Paris: Laffont, 1973<\/td>\n<\/tr>\n<tr>\n<td>EN<\/td>\n<td>* C\u00e9leste Albaret. <em> Monsieur Proust <\/em> . Ed. Georges Belmont. Translated by Barbara Bray. New York: McGraw-Hill, 1976<\/td>\n<\/tr>\n<\/tbody>\n<\/table>\n<p>&nbsp;<\/p>\n<h3><a id=\"cor\" name=\"cor\"><\/a> Correspondance \/ Correspondence<\/h3>\n<table border=\"0\" width=\"100%\">\n<tbody>\n<tr>\n<td>FR<\/td>\n<td><cite> Correspondance de Marcel Proust <\/cite> . Ed. Philip Kolb. Paris: Plon, 1970-1993 (21 vols).<\/td>\n<\/tr>\n<tr>\n<td>FR<\/td>\n<td><cite> Index G\u00e9n\u00e9ral de la Correspondance de Marcel Proust <\/cite> . Ed. Kazuyoshi Yoshikawa. Presses de l&#8217;Universit\u00e9 de Kyoto, 1998.<\/td>\n<\/tr>\n<\/tbody>\n<\/table>\n<h4>Choix de lettres \/ Selected Letters<\/h4>\n<table border=\"0\" width=\"100%\">\n<tbody>\n<tr>\n<td>EN<\/td>\n<td><cite> Selected Letters <\/cite> . Ed. Philip Kolb.<br \/>\nVol. 1: 1880-1903, tr. Ralph Manheim. New-York: Doubleday, 1983.<br \/>\nVol. 2: 1904-1909, tr. Terence Kilmartin. London: Collins, 1989.<br \/>\nVol. 3: 1910-1917, tr. Terence Kilmartin. London: HarperCollins, 1992.<br \/>\nVol. 4: 1918-1922, tr. Joanna Kilmartin. London: HarperCollins, 2000.<\/td>\n<\/tr>\n<tr>\n<td>FR<\/td>\n<td><em> Lettres (1879-1922) <\/em> . Ed. Fran\u00e7oise Leriche (&#8230;). Pr\u00e9face et postface de Katherine Kolb. Notices biographiques des correspondants par Virginie Greene. Paris: Plon, 2004.<\/td>\n<\/tr>\n<\/tbody>\n<\/table>\n<h4>Recueils par correspondants \/ Collections by correspondents<\/h4>\n<table border=\"0\" width=\"100%\">\n<tbody>\n<tr>\n<td>FR<\/td>\n<td><cite> Correspondance avec sa m\u00e8re 1887-1905 <\/cite> (r\u00e9\u00e9dition). Paris: Plon, 1992 (10\/18; 2302).<\/td>\n<\/tr>\n<tr>\n<td>FR<\/td>\n<td><cite> Correspondance avec Mme Straus <\/cite> (r\u00e9\u00e9dition). Paris: Union G\u00e9n\u00e9rale d&#8217;\u00c9ditions (10\/18).<\/td>\n<\/tr>\n<tr>\n<td>FR<\/td>\n<td>Marcel Proust. <cite> Lettres \u00e0 Reynaldo Hahn <\/cite> . Ed. Philip Kolb, pr\u00e9face d&#8217;Emmanuel Berl. Paris: Gallimard, 1956<\/td>\n<\/tr>\n<tr>\n<td>FR<\/td>\n<td>Marcel Proust-Jacques Rivi\u00e8re. <cite> Correspondance 1914-1922 <\/cite> . Ed. Philip Kolb, pr\u00e9face Jean Mouton. Paris: Gallimard, 1976.<\/td>\n<\/tr>\n<tr>\n<td>FR<\/td>\n<td>Marcel Proust-Gaston Gallimard. <cite> Correspondance <\/cite> . Ed. Pascal Fouch\u00e9. Paris: Gallimard, 1989.<\/td>\n<\/tr>\n<tr>\n<td>FR<\/td>\n<td>Marcel Proust, <cite> Correspondance avec Daniel Hal\u00e9vy <\/cite> . Eds. Anne Borrel et Jean-Pierre Hal\u00e9vy. Paris: Editions de Fallois, 1992<\/td>\n<\/tr>\n<tr>\n<td>FR<\/td>\n<td>Marcel Proust. <cite> Mon cher petit: Lettres \u00e0 Lucien Daudet <\/cite> . Ed. Michel Bonduelle. Paris: Gallimard, 1991.<\/td>\n<\/tr>\n<\/tbody>\n<\/table>\n<h4>Sur la correspondance \/ About the correspondence<\/h4>\n<table border=\"0\" width=\"100%\">\n<tbody>\n<tr>\n<td>FR<\/td>\n<td>Martin Robitaille. <em> Proust \u00e9pistolier <\/em> . Montr\u00e9al: Presses de l&#8217;Universit\u00e9 de Montr\u00e9al, 2003<\/td>\n<\/tr>\n<tr>\n<td>FR<\/td>\n<td>Luc Fraisse. <cite> La Correspondance de Marcel Proust. Son statut dans l&#8217;oeuvre. L&#8217;Histoire de son \u00e9dition <\/cite> . Besan\u00e7on: Annales Litt\u00e9raires de l&#8217;Universit\u00e9 de Franche-Comt\u00e9, 1998.<\/td>\n<\/tr>\n<tr>\n<td>FR<\/td>\n<td>Luc Fraisse. <cite> Proust au miroir de sa correspondance <\/cite> . Paris: SEDES, 1996.<\/td>\n<\/tr>\n<\/tbody>\n<\/table>\n<p>&nbsp;<\/p>\n<h3><a id=\"icono\" name=\"icono\"><\/a> Iconographie \/ Iconography<\/h3>\n<table border=\"0\" width=\"100%\">\n<tbody>\n<tr>\n<td>EN<\/td>\n<td>Mary Ann Caws. <em> Marcel Proust <\/em> . New York: Overlook Duck Worth, 2003.<\/td>\n<\/tr>\n<tr>\n<td>FR<\/td>\n<td><em> Le Monde de Proust vu par Paul Nadar <\/em> . Ed. Anne-Marie Bernard. Paris: \u00c9ditions du Patrimoine, 1999.<\/td>\n<\/tr>\n<tr>\n<td>EN<\/td>\n<td>* <em> The World of Proust as Seen by Paul Nadar <\/em> . Ed. Anne-Marie Bernard. Cambridge, London: MIT Press, 2002.<\/td>\n<\/tr>\n<tr>\n<td>FR<\/td>\n<td>J\u00e9r\u00f4me Picon. <em> Passion Proust : l&#8217;album d&#8217;une vie <\/em> . Paris: Textuel, 1999.<\/td>\n<\/tr>\n<tr>\n<td>FR<\/td>\n<td>Jean-Yves Tadi\u00e9. <em> Proust: la cath\u00e9drale du temps <\/em> . (D\u00e9couvertes). Paris: Gallimard, 1999.<\/td>\n<\/tr>\n<tr>\n<td>FR<\/td>\n<td>Philippe Sollers. <em> L&#8217;oeil de Proust : les dessins de Marcel Proust <\/em> . Paris: Stock, 1999.<br \/>\n[Drawings by Marcel Proust]<\/td>\n<\/tr>\n<tr>\n<td>FR<\/td>\n<td><em> Marcel Proust : l&#8217;\u00e9criture et les arts <\/em> . Eds Jean-Yves Tadi\u00e9, Florence Callu. Paris: Gallimard &#8211; Biblioth\u00e8que nationale de France &#8211; R\u00e9union des mus\u00e9es nationaux, 1999.<br \/>\nVoir aussi <a href=\"http:\/\/expositions.bnf.fr\/proust\/index.htm\"> <strong> l&#8217;exposition virtuelle <\/strong> <\/a> de la BnF\/ See also the BnF&#8217;s <a href=\"http:\/\/expositions.bnf.fr\/proust\/index.htm\"> <strong> virtual exhibition <\/strong> <\/a> .<\/td>\n<\/tr>\n<tr>\n<td>FR<\/td>\n<td>Yann Le Pichon. <em> Le Mus\u00e9e retrouv\u00e9 de Marcel Proust <\/em> . Paris: Stock, 1990.<\/td>\n<\/tr>\n<tr>\n<td>FR<\/td>\n<td><em> Album Proust <\/em> . Eds. Pierre Clarac, Andr\u00e9 Ferr\u00e9 (Collection Pl\u00e9iade). Paris: Gallimard, 1965.<\/td>\n<\/tr>\n<tr>\n<td>FR<\/td>\n<td><em> Marcel Proust : documents iconographiques <\/em> . Ed. Georges Cattaui. Gen\u00e8ve: Pierre Cailler, 1956.<\/td>\n<\/tr>\n<\/tbody>\n<\/table>\n<p>&nbsp;<\/p>\n<h3><a id=\"#biblio\" name=\"#biblio\"><\/a> Bibliographies<\/h3>\n<table border=\"0\" width=\"100%\">\n<tbody>\n<tr>\n<td>*<\/td>\n<td>Douglas W. Alden, <cite> Marcel Proust and His French Critics <\/cite> , [1\u00e8re \u00e9d. 1940], New York: Russell, 1973.<\/td>\n<\/tr>\n<tr>\n<td>*<\/td>\n<td>Eva Ahlstedt, <cite> La pudeur en crise: un aspect de l&#8217;accueil d&#8217;\u00c0 la recherche du temps perdu de Marcel Proust 1913-1930 <\/cite> , [Universit\u00e9 de G\u00f6teborg], Paris: J. Touzot, 1985.<\/td>\n<\/tr>\n<tr>\n<td>*<\/td>\n<td>Henri Bonnet, <cite> Proust de 1907 \u00e0 1914 <\/cite> , [Nizet, 1959] r\u00e9\u00e9d. vol. I, 1971: general bibliography before 1970 ; vol. II, 1976: complementary bibliography.<\/td>\n<\/tr>\n<tr>\n<td>*<\/td>\n<td>Victor E. Graham, <cite> Bibliographie des \u00e9tudes sur Marcel Proust et son oeuvre <\/cite> , Gen\u00e8ve: Droz, 1976.<\/td>\n<\/tr>\n<tr>\n<td>*<\/td>\n<td>Georges Pistorius, <cite> Marcel Proust und Deutschland: eine internationale Bibliographie. <\/cite> 2. Auflage. Heidelberg: Universit\u00e4tsverlag C. Winter, 2002.<\/td>\n<\/tr>\n<tr>\n<td>*<\/td>\n<td>Larkin B. Price, <cite> A check list of the Proust holdings at the University of Illinois Library at Urbana-Champaign <\/cite> , Champaign: University of Illinois,1975.<\/td>\n<\/tr>\n<\/tbody>\n<\/table>\n<h4>Les p\u00e9riodiques suivants contiennent une bibliographie:<br \/>\nThe following periodicals contain an annual bibliography:<\/h4>\n<table border=\"0\" width=\"100%\">\n<tbody>\n<tr>\n<td>*<\/td>\n<td><cite> Cahiers Marcel Proust <\/cite> . Nouvelle s\u00e9rie, Paris, Gallimard, 1971-1987.<br \/>\nLes num\u00e9ros 6 \u00e0 14 portent le sous-titre &#8220;\u00c9tudes proustiennes&#8221; et contiennent une bibliographie d\u00e9taill\u00e9e par Ren\u00e9 Rancoeur<br \/>\nIssues 6-14 bear the subtitle &#8220;\u00c9tudes proustiennes&#8221; and include a detailed bibliography by Ren\u00e9 Rancoeur.<\/td>\n<\/tr>\n<tr>\n<td>*<\/td>\n<td><cite> <a href=\"http:\/\/perso.wanadoo.fr\/marcelproust\/bulletin_marcel_proust.htm\"> <strong> Bulletin Marcel Proust <\/strong> <\/a> <\/cite> . 1950- . (BMP)<\/td>\n<\/tr>\n<tr>\n<td>*<\/td>\n<td><cite> <a href=\"http:\/\/www.item.ens.fr\/index.php?id=172954\"> <strong> Bulletin d&#8217;informations proustiennes <\/strong> <\/a> <\/cite> (Presses de l&#8217;\u00c9cole normale sup\u00e9rieure). Paris, 1975- . (BIP)<\/td>\n<\/tr>\n<\/tbody>\n<\/table>\n<p>&nbsp;<\/p>\n<h3><a id=\"period\" name=\"period\"><\/a> P\u00e9riodiques \/ Periodicals<\/h3>\n<table border=\"0\" width=\"100%\">\n<tbody>\n<tr>\n<td>FR<\/td>\n<td><strong> <cite> <a href=\"http:\/\/www.item.ens.fr\/index.php?id=172954\"> Bulletin d&#8217;Informations Proustiennes <\/a> <\/cite> . <\/strong> 1975-<br \/>\n(Sommaires disponibles sur le site du BIP \/ Tables of contents available on the BIP website)<\/td>\n<\/tr>\n<tr>\n<td>FR<\/td>\n<td><strong> <cite> <a href=\"http:\/\/perso.wanadoo.fr\/marcelproust\/bulletin_marcel_proust.htm\"> Bulletin Marcel Proust <\/a> <\/cite> . <\/strong> 1950-<br \/>\n(Sommaires disponibles sur le site du BMP \/ Tables of contents available on the BMP website)<\/td>\n<\/tr>\n<tr>\n<td>FR<\/td>\n<td><em> La Revue des Lettres Modernes <\/em> . S\u00e9rie Marcel Proust. 1992-<\/td>\n<\/tr>\n<tr>\n<td>FR<\/td>\n<td><cite> Les Cahiers Marcel Proust <\/cite> (nouvelle s\u00e9rie: 1970 -1987). Paris: Gallimard (14 vols).<\/td>\n<\/tr>\n<tr>\n<td>FR<\/td>\n<td><cite> Les Cahiers Marcel Proust <\/cite> (1\u00e8re s\u00e9rie: 1927-1935). Paris: Gallimard (7 vols).<\/td>\n<\/tr>\n<tr>\n<td>FR \/ EN<\/td>\n<td><em> <strong> <a href=\"http:\/\/www.rodopi.nl\/senj.asp?SerieId=Proust\"> Marcel Proust Aujourd&#8217;hui <\/a> <\/strong> <\/em> . 2003-\u00a0 Amsterdam, New York: Rodopi.<br \/>\n(Sommaires disponibles sur le site de la revue \/ Tables of contents available on the journal&#8217;s website)<\/td>\n<\/tr>\n<\/tbody>\n<\/table>\n<p>&nbsp;<\/p>\n<h3><a id=\"guides\" name=\"guides\"><\/a> Guides sur Proust \/ Guides to Proust<\/h3>\n<table border=\"0\" width=\"100%\">\n<tbody>\n<tr>\n<td>FR<\/td>\n<td><em> Dictionnaire Marcel Proust <\/em> . Eds. Annick Bouillaguet, Brian Rogers. Paris: Champion, 2004.<\/td>\n<\/tr>\n<tr>\n<td>EN<\/td>\n<td>Mary Ann Caws. <em> Marcel Proust <\/em> . New York: Overlook Duck Worth, 2003.<\/td>\n<\/tr>\n<tr>\n<td>EN<\/td>\n<td><em> Approaches to Teaching Proust&#8217;s Fiction and Criticism <\/em> . Eds Elyane Dezon-Jones, Inge Crosman Wimmer. New York : Modern Language Association of America, 2003.<\/td>\n<\/tr>\n<tr>\n<td>EN<\/td>\n<td><em> The Cambridge Companion to Proust <\/em> . Ed. Richard Bales. Cambridge, New York: Cambridge University Press, 2001.<\/td>\n<\/tr>\n<tr>\n<td>FR<\/td>\n<td>Jean-Yves Tadi\u00e9. <em> Proust: la cath\u00e9drale du temps <\/em> . (D\u00e9couvertes). Paris: Gallimard, 1999.<\/td>\n<\/tr>\n<\/tbody>\n<\/table>\n<\/div>\n","protected":false},"excerpt":{"rendered":"<p>Cette bibliographie n&#8217;est pas exhaustive. Dans chaque cat\u00e9gorie, les ouvrages signal\u00e9s peuvent servir de point de d\u00e9part \u00e0 des recherches bibliographiques plus approfondies. La liste est limit\u00e9e aux ouvrages en fran\u00e7ais et en anglais, sauf pour les sections &#8220;p\u00e9riodiques&#8221; et &#8220;bibliographies&#8221;. This bibliography is far from exhaustive. In each category, the listed items are meant [&hellip;]<\/p>\n","protected":false},"author":71,"featured_media":0,"parent":2615,"menu_order":0,"comment_status":"closed","ping_status":"closed","template":"","meta":{"_acf_changed":false,"footnotes":""},"class_list":["post-2556","page","type-page","status-publish","hentry"],"acf":[],"_links":{"self":[{"href":"https:\/\/wordpress.library.illinois.edu\/rbx\/wp-json\/wp\/v2\/pages\/2556","targetHints":{"allow":["GET"]}}],"collection":[{"href":"https:\/\/wordpress.library.illinois.edu\/rbx\/wp-json\/wp\/v2\/pages"}],"about":[{"href":"https:\/\/wordpress.library.illinois.edu\/rbx\/wp-json\/wp\/v2\/types\/page"}],"author":[{"embeddable":true,"href":"https:\/\/wordpress.library.illinois.edu\/rbx\/wp-json\/wp\/v2\/users\/71"}],"replies":[{"embeddable":true,"href":"https:\/\/wordpress.library.illinois.edu\/rbx\/wp-json\/wp\/v2\/comments?post=2556"}],"version-history":[{"count":1,"href":"https:\/\/wordpress.library.illinois.edu\/rbx\/wp-json\/wp\/v2\/pages\/2556\/revisions"}],"predecessor-version":[{"id":2692,"href":"https:\/\/wordpress.library.illinois.edu\/rbx\/wp-json\/wp\/v2\/pages\/2556\/revisions\/2692"}],"up":[{"embeddable":true,"href":"https:\/\/wordpress.library.illinois.edu\/rbx\/wp-json\/wp\/v2\/pages\/2615"}],"wp:attachment":[{"href":"https:\/\/wordpress.library.illinois.edu\/rbx\/wp-json\/wp\/v2\/media?parent=2556"}],"curies":[{"name":"wp","href":"https:\/\/api.w.org\/{rel}","templated":true}]}}