{"id":2548,"date":"2017-07-24T18:57:26","date_gmt":"2017-07-24T18:57:26","guid":{"rendered":"http:\/\/wordpress-dev.library.illinois.edu\/staff\/kolbp\/pe\/resources\/"},"modified":"2017-07-24T18:57:26","modified_gmt":"2017-07-24T18:57:26","slug":"resources","status":"publish","type":"page","link":"https:\/\/wordpress.library.illinois.edu\/rbx\/kolbproust\/pe\/resources\/","title":{"rendered":"Recommended Resources for Critical Research"},"content":{"rendered":"<div id=\"colCenter\">\n<p>   <em>    <a id=\"top\" name=\"top\">    <\/a>    Note: Most of the citations on this page were drawn from the bibliographies of Lawrence R. Schehr&#8217;s   <\/em>   The Third Sex   <em>    (Urbana and Chicago: Univ. of Illinois Press, 2007; a translation of Willy&#8217;s   <\/em>   Le Troisi\u00e8me sexe   <em>    ) and   <\/em>   French Gay Modernism   <em>    (Urbana and Chicago: Univ. of Illinois Press, 2004). These citations are included here with the gracious permission of the University of Illinois Press.   <\/em>  <\/p>\n<h2>   General Studies of Modern Gay Literature  <\/h2>\n<p>   Edelman, Lee.   <em>    Homographesis: Essays in Gay Literary and Cultural Theory.   <\/em>   New York: Routledge, 1994. (UIUC English Library Call Number: 810.9 ED27H)  <\/p>\n<p>   Everdell, William R.   <em>    The First Moderns: Profiles in the Origins of Twentieth-Century Thought.   <\/em>   Chicago: University of Chicago Press, 1997. (UIUC History, Philosophy &amp; Newspaper Library c.1 Temporarily Shelved at History, Philosophy &amp; Newspaper Call Number: 190.904 EV24F)  <\/p>\n<p>   Rosario, Vernon A.   <em>    The Erotic Imagination: French Histories of Perversity.   <\/em>   New York: Oxford University Press, 1997. (UIUC Main Stacks Call Number: 306.70944 R712E)  <\/p>\n<p>   Schehr, Lawrence R.   <em>    Alcibiades at the Door: Gay Discourses in French Literature.   <\/em>   Stanford, Calif.: Stanford University Press, 1995. (UIUC Modern Languages Library Call Number: 840.9 SCH242A)  <\/p>\n<p>   Schehr, Lawrence R.   <em>    French Gay Modernism.   <\/em>   Urbana: University of Illinois, 2004. (UIUC History, Philosophy &amp; Newspaper Library and Modern Languages Library Call Number: 840.93 Sch24f)  <\/p>\n<p>   Schehr, Lawrence R. \u201cInterpreting Proustian Interpretation.\u201d In   <em>    The Shock of Men: Homosexual Hermeneutics in French Writing.   <\/em>   Stanford University Press, 1995. (UIUC Modern Languages Library Call Number: 840.9 SCH242S)  <\/p>\n<h2>   On Fran\u00e7ois Augieras  <\/h2>\n<p>   Berthier, Philippe.   <em>    Fran\u00e7ois Augieras: L&#8217;apprenti sorcier.   <\/em>   Cognac: Le temps qu&#8217;il fait, 1990. (UIUC Modern Languages Library c.1 Temporarily Shelved at Modern Languages Call Number: 846 Au42DB461)  <\/p>\n<p>   Lontin, Annick.   <em>    Pour Fran\u00e7ois Augieras.   <\/em>   Lyon : Biblioth\u00e8que municipale; Cognac: Le Temps qu&#8217;il fait, 1990. (On order for UIUC)  <\/p>\n<p>   Richard, E.   <em>    Fran\u00e7ois Augieras: les ann\u00e9es de formation, 1940-1950.   <\/em>   Paris: Paris-M\u00e9diterran\u00e9e, 2005. (On order for UIUC, via Approval Plan)  <\/p>\n<p>   Verner, Joel.   <em>    Fran\u00e7ois Augieras: l&#8217;aventurier radical.   <\/em>   Paris: J.M. Place, 2004. (UIUC Main Stacks Call Number: 846 Au42DV595)  <\/p>\n<p>   Sedgwick, Eve Kosofsky.   <em>    Epistemology of the Closet.   <\/em>   Berkelely: University of California Press, 1990. (UIUC English Library Call Number: 813.09 SE28E)  <\/p>\n<h2>   On Francis Carco  <\/h2>\n<p>   Chabanaix, Philippe. &#8220;Francis Carco.&#8221;   <em>    Revue des Deux Mondes 1   <\/em>   (1968):344-51.  <\/p>\n<h2>   On or By Jean Cocteau  <\/h2>\n<p>   Borgal, Cl\u00e9ment.   <em>    Jean Cocteau ou de la claudication consid\u00e9r\u00e9e comme l&#8217;un des beaux-arts.   <\/em>   Paris: Presses Universitaires de France, 1989. (UIUC Main Stacks Call Number: 845 C64DB64J)  <\/p>\n<p>   Cocteau, Jean. Journal 1942-1945. Paris: Gallimard, 1989. (UIUC Main Stacks Call Number: 845 C64BC64JO)  <\/p>\n<p>   Cocteau, Jean. Lettres \u00e0 Jean Marais. Paris: Albin Michel, 1987. (UIUC Main Stacks Call Number: 845 C64CM324)  <\/p>\n<p>   Cocteau, Jean. Lettres \u00e0 Milorad. 2d ed. Paris: Le cherche midi Editeur (Editions Saint-Germain-des-Pr\u00e9s_), 1975. (UIUC Oak Street Facility [request only] Call Number: 845 C64CM63)  <\/p>\n<p>   Cocteau, Jean. Le Pass\u00e9 d\u00e9fini. 3 vols. Paris: Gallimard, 1983-89. (UIUC Main Stacks Call Number: 845 C64BC64PA)  <\/p>\n<p>   Cocteau, Jean. Mon premier voyage (tour du monde en 80 jours). Paris: Gallimard, 1936. (UIUC Main Stacks Call Number: 910.4 C64M3)  <\/p>\n<p>   Gerke, Daniel. &#8220;Ruin, Style, and Fetish: The Corpus of Jean Cocteau.&#8221;   <em>    Nottingham French Studies   <\/em>   32, no. 1 (1993): 10-18. (UIUC Main Stacks Call Number: 840.9 N84)  <\/p>\n<p>   Macris, Pierre. &#8220;L&#8217;ange et Cocteau.&#8221;   <em>    Revue des Lettres Modernes   <\/em>   298-303 (1972): 71-90. (UIUC Main Stacks Call Number: 805 REVD)  <\/p>\n<p>   Steegmuller, Francis.   <em>    Cocteau: A Biography.   <\/em>   Boston: Little, Brown, 1970. (UIUC Main Stacks Call Number: 845 C64DS81)  <\/p>\n<h2>   On or By Colette  <\/h2>\n<p>   Bonmariage, Sylvain.   <em>    Willy, Colette, et moi.   <\/em>   Paris: Anagramme, 2004. (UIUC holds a 1954 Fr\u00e9manger edition of this title at Main Stacks Call Number: 845 C67BB64)  <\/p>\n<p>   Colette.   <em>    Mes apprentissages.   <\/em>   Paris: Hachette, 1936. Oeuvres. Vol I. Paris: Gallimard [Pl\u00e9iade], 1984. (UIUC holds a 2004 Livres de poche edition of this title at Main Stacks Call Number: 845 C67BC67m2004)  <\/p>\n<h2>   On Georges Eekhoud  <\/h2>\n<p>   Eekhoud, Georges.   <em>    Georges Eekhoud: un illustre uraniste.   <\/em>   Lille: Gai-Kitsch-Camp, 1996. (On order for UIUC)  <\/p>\n<h2>   On Gustave Flaubert  <\/h2>\n<p>   Redman, Harry.   <em>    Le c\u00f4t\u00e9 homosexuel de Flaubert: essai.   <\/em>   [Gouy?]: A L&#8217;Ecart, 1991. (UIUC Main Stacks Call Number: 845 F612BR248)  <\/p>\n<p>   Schehr, Lawrence R.   <em>    Flaubert and Sons: Readings of Flaubert, Zola, and Proust.   <\/em>   New York: Peter Lang, 1986.  <\/p>\n<h2>   On or By Andr\u00e9 Gide  <\/h2>\n<p>   Gide, Andr\u00e9.   <em>    Journal 1887-1925.   <\/em>   Paris: Gallimard (Pl\u00e9iade), 1996.  <\/p>\n<p>   Gide, Andr\u00e9.   <em>    Souvenirs et voyages.   <\/em>   Paris: Gallimard, 2001. (UIUC Modern Languages Library Call Number: 845 G35BG35s)  <\/p>\n<p>   Lucey, Michael.   <em>    Gide&#8217;s Bent: Sexuality, Politics, Writing.   <\/em>   New York: Oxford University Press, 1995. (UIUC Main Stacks Call Number: 845 G35DL963)  <\/p>\n<p>   Segal, Naomi.   <em>    Andr\u00e9 Gide: Pederasty and Pedagogy.   <\/em>   Oxford: Clarendon, 1998. (UIUC Main Stacks Call Number: 845 G35DSe37 and Modern Languages Library Call Number: 845 G35DSe37a)  <\/p>\n<p>   <em>    Un aspect de la querelle Andr\u00e9 Gide et Eug\u00e8ne Montfort: Une enqu\u00eate de la revue Les Marges; Mars-Avril 1926.   <\/em>   Lille: Cahiers Gai-Kitsch-Camp, 1993. (In cataloguing at UIUC)  <\/p>\n<h2>   On Abel Hermant  <\/h2>\n<p>   Th\u00e9rive, Andr\u00e9.   <em>    Essai sur Abel Hermant.   <\/em>   Paris: Le Livre, 1926. (On order for UIUC)  <\/p>\n<h2>   On Pierre Loti (pseudonym for Julien Viaud)  <\/h2>\n<p>   Berrong, Richard M.   <em>    In Love with a Handsome Sailor: The Emergence of Gay Identity and the Novels of Pierre Loti.   <\/em>   Toronto: University of Toronto Press, 2003. (UIUC Modern Languages Library Call Number: 845V65DB459)  <\/p>\n<h2>   On Pierre Menard  <\/h2>\n<p>   Borges, Jorge Lu\u00eds. \u201cPierre Menard, Author of the Quixote.\u201d In   <em>    Collected Fictions   <\/em>   . Trans. Andrew Hurley. New York: Viking Penguin, 1998. 88-95.  <\/p>\n<h2>   On Marcel Proust  <\/h2>\n<p>   Deleuze, Gilles.   <em>    Proust et les signes.   <\/em>   4th ed. Paris: Presses Universitaires de France, 1976. (UIUC Modern Languages Library Call Number: 845 P94DD371976)  <\/p>\n<p>   de Man, Paul.   <em>    Allegories of Reading: Figural Language in Rousseau, Nietzsche, Rilke, and Proust.   <\/em>   New Haven, Conn.: Yale University Press, 1979. (UIUC Modern Languages Library Call Number: 809 D39A)  <\/p>\n<p>   Doubrovsky, Serge.   <em>    La Place de la madeleine: Ecriture et voyeurisme dans   <\/em>   A la recherche du temps perdu. Paris: A.-G. Nizet, 1988. (UIUC Main Stacks Call Number: 845 P94DD74)  <\/p>\n<p>   Dubois, Jacques.   <em>    Pour Albertine: Proust et le sens du social.   <\/em>   Paris: Seuil, 1997. (UIUC Main Stacks Call Number: 845 P94OAYDU)  <\/p>\n<p>   Erman, Michel.   <em>    L&#8217;OEil de Proust: Ecriture et voyeurisme dans   <\/em>   A la recherche du temps perdu. Paris: A.-G. Nizet, 1988. (UIUC Main Stacks Call Number: 845 P94OAYER)  <\/p>\n<p>   Infantino, Stephen C.   <em>    Photographic Vision in Proust.   <\/em>   New York: Peter Lang, 1992. (UIUC Main Stacks Call Number: 845 P94OAYIN)  <\/p>\n<p>   Ladenson, Elisabeth.   <em>    Proust&#8217;s Lesbianism.   <\/em>   Ithaca, N.Y.: Cornell University Press, 1999. (UIUC Main Stacks Call Number: 845 P94OaYla)  <\/p>\n<p>   Ladenson, Elisabeth. &#8220;Rereading Proust: Perversion and Prolepsis in   <em>    A la recherche du temps perdu   <\/em>   &#8221;   <em>    Second Thoughts: A Focus on Rereading.   <\/em>   Ed. David Galef. Detroit: Wayne State University Press, 1999. 249-65. (UIUC English Library Call Number: 801.95 Se24)  <\/p>\n<p>   Pouquet, Jeanne-Maurice.   <em>    Le Salon de Madame Arman de Caillavel. Ses Amis. Anatole France. Cmdt Rivi\u00e8re. Jules Lema\u00eetre. Pierre Loti. Marcel Proust. Etc&#8230;etc&#8230;   <\/em>   Paris: Hachette, 1926. (UIUC Modern Languages Kolb-Proust Archive Call Number: 845 C12CP86)  <\/p>\n<p>   Rivers, J.E.   <em>    Proust and the Art of Love.   <\/em>   New York: Columbia University Press, 1980. (UIUC Main Stacks Call Number: 845 P94DR524)  <\/p>\n<p>   Schehr, Lawrence R. \u201cInterpreting Proustian Interpretation.\u201d In   <em>    The Shock of Men: Homosexual Hermeneutics in French Writing.   <\/em>   Stanford University Press, 1995, p. 33 sq. (UIUC Modern Languages Library Call Number: 840.9 SCH242S)  <\/p>\n<p>   Shattuck, Roger.   <em>    Proust&#8217;s Binoculars: A Study of Memory, Time, and Recognition in   <\/em>   A la recherche du temps perdu. New York: Random House, 1963. (UIUC Main Stacks and Modern Languages Library Call Number: 845 P94OAYSH)  <\/p>\n<p>   Splitter, Randolph.   <em>    Proust&#8217;s Recherche: A Psychoanalytical Interpretation.   <\/em>   New York: Routledge and Kegan Paul, 1981. (UIUC Main Stacks Call Number: 845 P94OAYSP)  <\/p>\n<h2>   On Rachilde  <\/h2>\n<p>   Dauphin\u00e9, Claude.   <em>    Rachilde.   <\/em>   Paris: Mercure de France, 1991. (UIUC Main Stacks c.1 Temporarily Shelved at Modern Languages Library Call Number: 845 V243BD267r)  <\/p>\n<p>   Hawthorne, Melanie and Liz Constable. &#8220;Introduction.&#8221; Rachilde.   <em>    Monsieur V\u00e9nus: A Materialist Novel.   <\/em>   New York: MLA, 2004. (UIUC Modern Languages Library Call Number: 845 V243Om2004)  <\/p>\n<p>   Hawthorne, Melanie.   <em>    Rachilde and French Women&#8217;s Authorship: From Decadence to Modernism.   <\/em>   Lincoln: U of Nebraska P, 2001. (UIUC Modern Languages Library Call Number: 845 V243BH318)  <\/p>\n<p>   Holmes, Diana.   <em>    Rachilde: Decadence, Gender, and the Woman Writer.   <\/em>   Oxford: Berg, 2002. (UIUC Modern Languages Library Call Number: 845 V243DH734)  <\/p>\n<p>   Tegyey, Gabriella.   <em>    L&#8217;inscription du personnage dans les romans de Rachilde et de Marguerite Audoux.   <\/em>   Debrecen: Kossuth Lajos Tudom\u00e1nyegyetem, 1995.  <\/p>\n<h2>   On Willy  <\/h2>\n<p>   Caradec, Fran\u00e7ois.   <em>    Feu Willy avec et sans Colette.   <\/em>   Paris: Carr\u00e8re\/Pauvert, 1984. (UIUC Main Stacks Call Number: 845 W687BC17)  <\/p>\n<p>   Caradec, Fran\u00e7ois.   <em>    Willy. Le P\u00e8re des Claudine.   <\/em>   Paris: Fayard, 2004. (UIUC Main Stacks Call Number: 845 G238BC175)  <\/p>\n<p>   Willy.   <em>    Souvenirs litt\u00e9raires &#8230; et autres.   <\/em>   Paris: Editions Montaigne, 1925. (UIUC Main Stacks Call Number: 840.9 G22s; new edition at 840.9 G22s2007)  <\/p>\n<p>   <a href=\"#top\">    Back to top   <\/a>  <\/p>\n<\/p><\/div>\n","protected":false},"excerpt":{"rendered":"<p>Note: Most of the citations on this page were drawn from the bibliographies of Lawrence R. Schehr&#8217;s The Third Sex (Urbana and Chicago: Univ. of Illinois Press, 2007; a translation of Willy&#8217;s Le Troisi\u00e8me sexe ) and French Gay Modernism (Urbana and Chicago: Univ. of Illinois Press, 2004). These citations are included here with the [&hellip;]<\/p>\n","protected":false},"author":71,"featured_media":0,"parent":2598,"menu_order":0,"comment_status":"closed","ping_status":"closed","template":"","meta":{"_acf_changed":false,"footnotes":""},"class_list":["post-2548","page","type-page","status-publish","hentry"],"acf":[],"_links":{"self":[{"href":"https:\/\/wordpress.library.illinois.edu\/rbx\/wp-json\/wp\/v2\/pages\/2548","targetHints":{"allow":["GET"]}}],"collection":[{"href":"https:\/\/wordpress.library.illinois.edu\/rbx\/wp-json\/wp\/v2\/pages"}],"about":[{"href":"https:\/\/wordpress.library.illinois.edu\/rbx\/wp-json\/wp\/v2\/types\/page"}],"author":[{"embeddable":true,"href":"https:\/\/wordpress.library.illinois.edu\/rbx\/wp-json\/wp\/v2\/users\/71"}],"replies":[{"embeddable":true,"href":"https:\/\/wordpress.library.illinois.edu\/rbx\/wp-json\/wp\/v2\/comments?post=2548"}],"version-history":[{"count":0,"href":"https:\/\/wordpress.library.illinois.edu\/rbx\/wp-json\/wp\/v2\/pages\/2548\/revisions"}],"up":[{"embeddable":true,"href":"https:\/\/wordpress.library.illinois.edu\/rbx\/wp-json\/wp\/v2\/pages\/2598"}],"wp:attachment":[{"href":"https:\/\/wordpress.library.illinois.edu\/rbx\/wp-json\/wp\/v2\/media?parent=2548"}],"curies":[{"name":"wp","href":"https:\/\/api.w.org\/{rel}","templated":true}]}}