{"id":2543,"date":"2017-07-24T18:57:25","date_gmt":"2017-07-24T18:57:25","guid":{"rendered":"http:\/\/wordpress-dev.library.illinois.edu\/staff\/kolbp\/pe\/context\/"},"modified":"2017-07-24T18:57:25","modified_gmt":"2017-07-24T18:57:25","slug":"context","status":"publish","type":"page","link":"https:\/\/wordpress.library.illinois.edu\/rbx\/kolbproust\/pe\/context\/","title":{"rendered":"Cultural Context of the Collection: Resources"},"content":{"rendered":"<div id=\"colCenter\">\n<p>   <a id=\"top\" name=\"top\">   <\/a>  <\/p>\n<h2 class=\"hiddenItem\">   Menu  <\/h2>\n<ul>\n<li>    <a href=\"#retrospectives\">     Historical retrospectives on homosexuality    <\/a>   <\/li>\n<li>    <a href=\"#medical\">     Medical and psychological studies (late 19th-early 20th century)    <\/a>   <\/li>\n<li>    <a href=\"#Peladan\">     Jos\u00e9phin P\u00e9ladan on aesthetics and more    <\/a>   <\/li>\n<li>    <a href=\"#Church\">     The Church&#8217;s position on homosexuality    <\/a>   <\/li>\n<li>    <a href=\"#today\">     Works on homosexuality in France\/Europe today    <\/a>   <\/li>\n<\/ul>\n<h2>   <a id=\"retrospectives\" name=\"retrospectives\">   <\/a>   Historical retrospectives on homosexuality:  <\/h2>\n<p>   Barbedette, Gilles and Michel Carassou.   <em>    Paris Gay 1925.   <\/em>   Paris: Presses de la Renaissance, 1981. (UIUC Main Stacks Call Number: 306.7662 B232P)  <\/p>\n<p>   Borrillo, Daniel et Dominique Colas.   <em>    L&#8217;homosexualit\u00e9 de Platon \u00e0 Foucault.   <\/em>   Paris: Plon, 2005. (UIUC Main Stacks Call Number: 306.766 B647h)  <\/p>\n<p>   Herdt, Gilbert, ed.   <em>    Third Sex, Third Gender. Beyond Sexual Dimorphism in Cultural History.   <\/em>   New York: Zone Books, 1993. (UIUC Education Library Call Number: 305.3 T348)  <\/p>\n<p>   Leroy-Forgeot, Flora.   <em>    Histoire juridique de l&#8217;homosexualit\u00e9 en Europe.   <\/em>   Paris: PUF, 1997. (UIUC Main Stacks Call Number: 346.013094 L562h)  <\/p>\n<p>   Mauque, Annelise.   <em>    L&#8217;Identit\u00e9 masculine en crise au tournant du si\u00e8cle, 1871-1914.   <\/em>   Paris, Marseille: Rivages, 2006. (2001 ed. at UIUC, Main Stacks Call Number: 840.93 M443i2001)  <\/p>\n<p>   Mossuz-Lavau, Janine.   <em>    Les lois de l&#8217;amour : les politiques de la sexualit\u00e9 en France de 1950 \u00e0 nos jours.   <\/em>   Paris: Editions Payot, 2002. (UIUC Main Stacks Call Number: 364.1530944 M855l)  <\/p>\n<p>   Porch\u00e9.   <em>    L&#8217;amour qui n&#8217;ose pas dire son nom.   <\/em>   Paris: B. Grasset, 1927. (UIUC Oak Street Facility [request only] c.1 Temporarily Shelved at Modern Languages Call Number: 132.75 P82A)  <\/p>\n<p>   Revenin, R\u00e9gis.   <em>    Homosexualit\u00e9 et prostitution masculines \u00e0 Paris: 1870-1918.   <\/em>   Paris : Harmattan, 2005. (UIUC Main Stacks Call Number: 306.766 R322h)  <\/p>\n<p>   Romer, Thomas and Loyse Bonjour.   <em>    L&#8217;homosexualit\u00e9 dans le Proche-Orient ancient et la Bible.   <\/em>   Geneva: Labor et Fides, 2005. (UIUC Main Stacks Call Number: 270.08664 R664h)  <\/p>\n<p>   Sergent, Bernard.   <em>    Homosexualit\u00e9 et initiation chez les peuples indo-europ\u00e9ens.   <\/em>   Paris: Payot, 1996. (UIUC Main Stacks Call Number: 306.766 Se668h)  <\/p>\n<p>   Surbled, Dr.   <em>    La vie de jeune homme.   <\/em>   Paris : A. Maloine, 1906. (On order for UIUC)  <\/p>\n<p>   Tamagne, Florence.   <em>    Histoire de l&#8217;homosexualit\u00e9 en Europe: Berlin, Londres, Paris, 1919-1939.   <\/em>   Paris: Seuil, 2000.  <\/p>\n<p>   Tamagne, Florence.   <em>    Mauvais genre: une histoire des repr\u00e9sentations de l\u2019homosexualit\u00e9.   <\/em>   Paris: Ed. LM : [Martini\u00e8re?], 2001. (UIUC Main Stacks Call Number: 306.766 T15m)  <\/p>\n<p>   Tardieu, Ambroise.   <em>    Les attentats aux moeurs (1857).   <\/em>   Grenoble: Editions J. Millon, 1995 [1857]. (UIUC Main Stacks c.1 Temporarily Shelved at Modern Languages Call Number: 614.1 T173e)  <\/p>\n<p>   <a href=\"#top\">    Back to top   <\/a>  <\/p>\n<h2>   <a id=\"medical\" name=\"medical\">   <\/a>   Medical and psychological studies (late 19th-early 20th century):  <\/h2>\n<p>   Carlier, Francois.   <em>    \u00c9tudes de pathologie sociale: Les deux prostitutions (1860-1870).   <\/em>   2nd \u00e9d. Paris: E. Dentu, 1889.  <\/p>\n<p>   Hesnard, A.   <em>    Psychologie homosexuelle.   <\/em>   Paris: Librairie Stock, 1929. (UIUC Oak Street Facility [request only] Call Number: 306.7662 H462p1929)  <\/p>\n<p>   Krafft-Ebing, R. von.   <em>    Psychopathia sexualis, avec recherches sp\u00e9ciales sue l&#8217;inversion sexuelle.   <\/em>   Paris: Carr\u00e9, 1895. (UIUC holds English translations of this title)  <\/p>\n<p>   Lisandre, Hubert.   <em>    Parole d&#8217;homme: les gays sous le regard de Freud.   <\/em>   Paris: Hachette, 2005. (UIUC Main Stacks Call Number: 616.8917 L68p)  <\/p>\n<p>   Moreau, Paul.   <em>    Des aberrations du sens g\u00e9n\u00e9sique.   <\/em>   Paris: Asselin and Houzeau, 1887.  <\/p>\n<p>   Saint-Paul, Docteur G.   <em>    Th\u00e8mes psychologiques n 4. Invertis et homosexuels.   <\/em>   Nouvelle \u00e9dition du &#8220;Laupis&#8221; suivie de &#8220;La prostitution doit aider la prophylaxie&#8221;. Pr\u00e9face par Emile Zola. Paris: Vigot Fr\u00e8res Editeurs, 1930. (On order for UIUC)  <\/p>\n<p>   Tardieu, Ambroise.   <em>    \u00c9tude m\u00e9dico-l\u00e9gale sur les attentats aux moeurs (1857).   <\/em>   Grenoble: Editions J. Millon, 1995 [1857]. (UIUC Main Stacks c.1 Temporarily Shelved at Modern Languages Call Number: 614.1 T173e)  <\/p>\n<p>   Thoinot, L.   <em>    Attentats aux moeurs et perversions du sens g\u00e9nital; le\u00e7ons profess\u00e9es \u00e0 la Facult\u00e9 de m\u00e9decine.   <\/em>   Paris: Doin, 1898. (UIUC holds English translation,   <em>    Medicolegal aspects of moral offenses   <\/em>   , Main Stacks Call Number: 614.23 T35M)  <\/p>\n<p>   <a href=\"#top\">    Back to top   <\/a>  <\/p>\n<h2>   <a id=\"Peladan\" name=\"Peladan\">   <\/a>   Jos\u00e9phin P\u00e9ladan on aesthetics and other topics  <\/h2>\n<p>   P\u00e9ladan, Jos\u00e9phin.   <em>    Introduction \u00e0 l&#8217;Esth\u00e9tique.   <\/em>   Paris: E. Sansot, 1907.  <\/p>\n<p>   P\u00e9ladan, Jos\u00e9phin.   <em>    La D\u00e9cadence esth\u00e9tique.   <\/em>  <\/p>\n<p>   P\u00e9ladan, Jos\u00e9phin.   <em>    La revue hebdomadaire.   <\/em>   [Poitiers]: Par\u00e9iasaure th\u00e9romorphe, 1995.  <\/p>\n<p>   P\u00e9ladan, Jos\u00e9phin.   <em>    L&#8217;art et la guerre.   <\/em>   Paris: E. de Boccard, 1917.  <\/p>\n<p>   P\u00e9ladan, Jos\u00e9phin.   <em>    Vice supr\u00eame [La D\u00e9cadence Latine I].   <\/em>   Gen\u00e8ve: \u00c9ditions Slatkine, 1979, 1896.  <\/p>\n<p>   <a href=\"#top\">    Back to top   <\/a>  <\/p>\n<h2>   <a id=\"Church\" name=\"Church\">   <\/a>   The Church\u2019s position on homosexuality:  <\/h2>\n<p>   Beaulieu, Christian.   <em>    Coeur bless\u00e9, esp\u00e8re!   <\/em>   Charlesbourg, Qu\u00e9bec: Editions Le Renouveau, 1983. (Main Stacks Call Number: 306.766 B383c)  <\/p>\n<p>   Boswell, John.   <em>    Christianity, Social Tolerance, and Homosexuality.   <\/em>   Chicago: University of Chicago Press, 1980. (UIUC Undergraduate Library Call Number: 306.76094 B657C)  <\/p>\n<p>   Buisson-Fenet, H\u00e9l\u00e8ne.   <em>    Un sexe probl\u00e9matique: L&#8217;\u00e9glise et l&#8217;homosexualit\u00e9 masculine en France, 1971-2000.   <\/em>   Saint-Denis: Presses universitaires de Vincennes, 2004. (UIUC Main Stacks Temporary Shelving [request only] c.1 Temporarily Shelved at Main Stacks Temporary Shelving [request only] Call Number: 306.766 B868u)  <\/p>\n<p>   Demur, Christian and Denis Muller.   <em>    L&#8217;homosexualit\u00e9: un dialogue th\u00e9ologique.   <\/em>   Geneva: Labor et Fides, 1992. (On order for UIUC)  <\/p>\n<p>   Graessele, Isabelle and Pierre Buhler.   <em>    Qui a peur des homosexuel-les?: discussions autour des prises de position des eglises protestantes de Suisse.   <\/em>   Geneva: Labor et Fides, 2001. (UIUC Main Stacks Call Number: 270.08664 Q401)  <\/p>\n<p>   &#8220;Henri etc.&#8221;   <em>    Assis-pas-bouger!: t\u00e9moignage d&#8217;un homo, catho, aristo.   <\/em>   [Saint-Germain-en-Laye]: Odin, 2005. (UIUC Main Stacks Call Number: 306.7660944 H394a)  <\/p>\n<p>   Lesegretain, Claire.   <em>    Les chr\u00e9tiens et l&#8217;homosexualit\u00e9: L&#8217;enqu\u00eate.   <\/em>   Paris: Presses de la Renaissance, 2004. (UIUC Main Stacks Call Number: 306.766 L565c)  <\/p>\n<p>   Thevenot, Xavier.   <em>    Homosexualit\u00e9s masculines et morale chr\u00e9tienne.   <\/em>   Paris: Editions du Cerf, 1985. (In cataloguing at UIUC)  <\/p>\n<p>   <a href=\"#top\">    Back to top   <\/a>  <\/p>\n<h2>   <a id=\"today\" name=\"today\">   <\/a>   Works on homosexuality in France\/Europe today  <\/h2>\n<p>   Angelotti, Philippe and Alain-Gilles Minella.   <em>    G\u00e9n\u00e9rations gay.   <\/em>   Monaco: Editions du Rocher, 1996. (UIUC Main Stacks Call Number: 306.766 L565c)  <\/p>\n<p>   Bensadon, Ney.   <em>    Sodome ou l&#8217;homosexualit\u00e9.   <\/em>   Paris: Harmattan, 2004. (UIUC Main Stacks Call Number: 306.766 B442s)  <\/p>\n<p>   Bergeret, Jean.   <em>    L&#8217;\u00e9rotisme narcissique: homosexualit\u00e9 et homo\u00e9rotisme.   <\/em>   Paris: Dunod, 1999. (UIUC Main Stacks Call Number: 155.3 L562)  <\/p>\n<p>   Borrillo, Daniel.   <em>    L&#8217;homophobie.   <\/em>   Paris: PUF, 2001. (UIUC Main Stacks Call Number: 306.766 B647ho)  <\/p>\n<p>   Borrillo, Daniel.   <em>    Homosexualit\u00e9s et droit: de la tol\u00e9rance sociale \u00e0 la reconnaissance juridique.   <\/em>   Paris: PUF, 1999. (UIUC Main Stacks Call Number: 306.766 H754)  <\/p>\n<p>   Borrillo, Daniel; Pierre Lascoumes.   <em>    Amours \u00e9gales: le PACS, les homosexuels, et la gauche.   <\/em>   Paris: D\u00e9couverte, 2002. (UIUC Main Stacks Call Number: 306.7660944 B647a)  <\/p>\n<p>   Daniel-Ange.   <em>    Ton corps fait pour un meme corps: Homosexualit\u00e9: deviance, diff\u00e9rence.   <\/em>   Paris: Sarment-Fayard, 1997. (In cataloguing at UIUC)  <\/p>\n<p>   Dermange, Fran\u00e7ois, C\u00e9line Ehrwein, Denis M\u00fcller et Jean-Daniel Causse.   <em>    La reconnaissance des couples homosexuels.   <\/em>   Geneva: Labor et Fides, 2000. (UIUC Main Stacks Call Number: 306.848 R245)  <\/p>\n<p>   Devoucoux du Buysson, Francois.   <em>    Les Khmers roses: essai sur l&#8217;id\u00e9ologie homosexuelle.   <\/em>   Paris: Blanche, 2003. (In cataloguing at UIUC)  <\/p>\n<p>   Eribon, Didier et Lerch, Arnaud.   <em>    Dictionnaire des cultures gays et lesbiennes.   <\/em>   Paris: Larousse, 2003. (UIUC Main Stacks Call Number: 306.76603 D5612)  <\/p>\n<p>   Fassin, Eric.   <em>    L&#8217;inversion de la question homosexuelle.   <\/em>   Paris: Editions Amsterdam, 2005. (UIUC Main Stacks Call Number: 306.7660944 F264i)  <\/p>\n<p>   Fourest, Caroline and Flammetta Venner.   <em>    Les anti-PaCS, ou, La derni\u00e8re croisade homophobe.   <\/em>   Paris: Prochoix, 1999. (UIUC Main Stacks Call Number: 306.8480944 F826a)  <\/p>\n<p>   Galembert, Laurent de.   <em>    La vie gayment.   <\/em>   Puteaux: Laurent de Galembert, 2002. (UIUC Main Stacks Call Number: 306.7660944 G131v)  <\/p>\n<p>   Grenin, Antonin.   <em>    Petit fut\u00e9 France gay et lesbien.   <\/em>   Paris: Nouvelles \u00e9ditions de l&#8217;universit\u00e9, 2004. (On order for UIUC)  <\/p>\n<p>   Hatt\u00e9, B\u00e9atrice and Pierre Wheeler.   <em>    Homosexualit\u00e9 aujourd&#8217;hui: une r\u00e9flexion m\u00e9dicale, l\u00e9gislative et sociologique, historique, biblique et pastorale de la Commission \u00c9thique de la F\u00e9d\u00e9ration \u00e9vang\u00e9lique de France.   <\/em>   Dozule: Editions Barnabas, 2001. (UIUC Main Stacks Call Number: 306.766 H7549)  <\/p>\n<p>   Hocquenghem, Guy; Ren\u00e9 Sch\u00e9rer.   <em>    Le d\u00e9sir homosexual.   <\/em>   Paris: Fayard, 2000. (UIUC Main Stacks Call Number: 306.766 H659d)  <\/p>\n<p>   Lacroix, Xavier.   <em>    L&#8217;amour du semblable: questions sur l&#8217;homosexualit\u00e9.   <\/em>   Paris: Cerf, 2001. (UIUC Main Stacks Temporary Shelving [request only] c.1 Temporarily Shelved at Main Stacks Temporary Shelving [request only] Call Number: 306.766 Am69)  <\/p>\n<p>   Larocque, Gonzauge de.   <em>    Les homosexuels.   <\/em>   Paris: Cavalier bleu, 2003. (In cataloguing at UIUC)  <\/p>\n<p>   Le Bitoux, Jean; Herv\u00e9 Chevaux; Bruno-Marcel Proth.   <em>    Citoyen de seconde zone: 30 ans de lutte pour la reconnaissance de l&#8217;homosexualit\u00e9 en France (1971-2002).   <\/em>   Paris: Hachette litteratures, 2003. (UIUC Main Stacks Call Number: 306.7660944 L492c)  <\/p>\n<p>   LeBitoux, Jean.   <em>    Entretiens sur la question gay.   <\/em>   Beziers: H and O, 2005. (UIUC Main Stacks Call Number: 306.7660944 En872)  <\/p>\n<p>   Lelait, David.   <em>    Gayculture.   <\/em>   Paris: A. Carriere, 1998. (UIUC Main Stacks Call Number: 306.7662 L538g)  <\/p>\n<p>   Mauri\u00e8s, Patrick et Eduardo Mendicutti.   <em>    Les gays saviors.   <\/em>   Paris: Gallimard, 1998. (UIUC Modern Languages Library Call Number: 306.766081 G257)  <\/p>\n<p>   Mecary, Caroline.   <em>    Droit et homosexualit\u00e9.   <\/em>   Paris: Dalloz, 2000. (UIUC Main Stacks Call Number: 306.7660944 M566d)  <\/p>\n<p>   Mecary, Caroline et G\u00e9raud de Geouffre de La Pradelle.   <em>    Les droits des homosexuel\/les.   <\/em>   Paris: PUF, 2003. (UIUC Main Stacks Call Number: 346.44013 M566d)  <\/p>\n<p>   Menard, Emmanuel.   <em>    Il n&#8217;est jamais trop tard pour parler de l&#8217;homosexualit\u00e9.   <\/em>   [Paris?]: La Martiniere, 2002. (UIUC Main Stacks Call Number: 306.7660944 M566i)  <\/p>\n<p>   Menard, Guy.   <em>    De Sodome a l&#8217;Exode: jalons pour une th\u00e9ologie de la lib\u00e9ration gaie.   <\/em>   Montreal: L&#8217;Aurore\/Univers, 1980. (UIUC Main Stacks Call Number: 306.766 M566d)  <\/p>\n<p>   Meynard, Philippe.   <em>    Le prix de la diff\u00e9rence.   <\/em>   Neuilly-sur-Seine: Lafon, 2000. (On order for UIUC)  <\/p>\n<p>   Picquart, Julien.   <em>    Pour en finir avec l&#8217;homophobie.   <\/em>   Paris: Scheer, 2005. (UIUC Main Stacks Call Number: 306.7660944 P588p)  <\/p>\n<p>   Rambach, Anne et Marine Rambach.   <em>    La culture gaie et lesbienne.   <\/em>   Paris: Fayard, 2003. (UIUC Main Stacks Call Number: 306.766 R141c)  <\/p>\n<p>   Randa, Philippe.   <em>    La maffia rose: Panorama du monde homosexual.   <\/em>   Paris: Dualpha, 1999. (UIUC Main Stacks Call Number: 306.7660944 R158m)  <\/p>\n<p>   Servat, Henry-Jean and Cyrille Boulay.   <em>    Les nouvelles amours particuli\u00e8res.   <\/em>   Paris: Pr\u00e9 aux clercs, 2005. (UIUC Main Stacks Call Number: 306.848092 Se691n)  <\/p>\n<p>   Simon, Serge.   <em>    Homophobie, France 2004.   <\/em>   Latresne: Bord de l&#8217;eau, 2004. (UIUC Main Stacks Call Number: 306.7660944 M31s)  <\/p>\n<p>   Tin, Louis-Georges et Genevi\u00e8ve Pastre.   <em>    Homosexualit\u00e9s: expression\/r\u00e9pression.   <\/em>   Paris: Stock, 2000. (UIUC Main Stacks Call Number: 306.766 H7541)  <\/p>\n<p>   <a href=\"#top\">    Back to top   <\/a>  <\/p>\n<\/p><\/div>\n","protected":false},"excerpt":{"rendered":"<p>Menu Historical retrospectives on homosexuality Medical and psychological studies (late 19th-early 20th century) Jos\u00e9phin P\u00e9ladan on aesthetics and more The Church&#8217;s position on homosexuality Works on homosexuality in France\/Europe today Historical retrospectives on homosexuality: Barbedette, Gilles and Michel Carassou. Paris Gay 1925. Paris: Presses de la Renaissance, 1981. (UIUC Main Stacks Call Number: 306.7662 B232P) [&hellip;]<\/p>\n","protected":false},"author":71,"featured_media":0,"parent":2598,"menu_order":0,"comment_status":"closed","ping_status":"closed","template":"","meta":{"_acf_changed":false,"footnotes":""},"class_list":["post-2543","page","type-page","status-publish","hentry"],"acf":[],"_links":{"self":[{"href":"https:\/\/wordpress.library.illinois.edu\/rbx\/wp-json\/wp\/v2\/pages\/2543","targetHints":{"allow":["GET"]}}],"collection":[{"href":"https:\/\/wordpress.library.illinois.edu\/rbx\/wp-json\/wp\/v2\/pages"}],"about":[{"href":"https:\/\/wordpress.library.illinois.edu\/rbx\/wp-json\/wp\/v2\/types\/page"}],"author":[{"embeddable":true,"href":"https:\/\/wordpress.library.illinois.edu\/rbx\/wp-json\/wp\/v2\/users\/71"}],"replies":[{"embeddable":true,"href":"https:\/\/wordpress.library.illinois.edu\/rbx\/wp-json\/wp\/v2\/comments?post=2543"}],"version-history":[{"count":0,"href":"https:\/\/wordpress.library.illinois.edu\/rbx\/wp-json\/wp\/v2\/pages\/2543\/revisions"}],"up":[{"embeddable":true,"href":"https:\/\/wordpress.library.illinois.edu\/rbx\/wp-json\/wp\/v2\/pages\/2598"}],"wp:attachment":[{"href":"https:\/\/wordpress.library.illinois.edu\/rbx\/wp-json\/wp\/v2\/media?parent=2543"}],"curies":[{"name":"wp","href":"https:\/\/api.w.org\/{rel}","templated":true}]}}