{"id":2538,"date":"2017-07-24T18:57:24","date_gmt":"2017-07-24T18:57:24","guid":{"rendered":"http:\/\/wordpress-dev.library.illinois.edu\/staff\/kolbp\/links\/"},"modified":"2021-02-24T17:14:50","modified_gmt":"2021-02-24T17:14:50","slug":"links","status":"publish","type":"page","link":"https:\/\/wordpress.library.illinois.edu\/rbx\/kolbproust\/links\/","title":{"rendered":"Useful Links"},"content":{"rendered":"<div id=\"colCenter\">\n<h2>   <a id=\"bases\" name=\"bases\" title=\"bases\">   <\/a>   Electronic textbases  <\/h2>\n<p>   <strong>    <a href=\"https:\/\/artfl-project.uchicago.edu\/\">     ARTFL Project    <\/a>   <\/strong>   for American and French Research on the Treasury of the French Language, University of Chicago. Subscription required. (Contains the 1954 Pl\u00e9iade edition of   <em>    A la recherche du temps perdu   <\/em>   .)  <\/p>\n<p>   <strong>    <a href=\"http:\/\/www.atilf.fr\/\">     Frantext    <\/a>   <\/strong>   : Follow the &#8220;ressources linguistiques&#8221; link in the left-hand frame, then &#8220;ressources linguistiques informatis\u00e9es&#8221;. 3500 French texts from the 16th to the 20th centuries. Subscription required. (Contains the 1954 Pl\u00e9iade edition of   <em>    A la recherche du temps perdu   <\/em>   .)  <\/p>\n<p>   <strong>    <a href=\"http:\/\/gallica.bnf.fr\/\">     Gallica    <\/a>   <\/strong>   : Images and texts from the Biblioth\u00e8que nationale de France&#8217;s digital collections. It includes   <strong>    <a href=\"http:\/\/gallica.bnf.fr\/Proust\/\">     Gallica Proust    <\/a>   <\/strong>   , a website built around the manuscript of   <em>    Le Temps Retrouv\u00e9   <\/em>   , on the occasion of the 1999-2000 exhibition Marcel Proust: &#8220;L&#8217;\u00e9criture et les Arts&#8221;.  <\/p>\n<p>   <strong>    <a href=\"http:\/\/www.bmlisieux.com\/\">     Biblioth\u00e8que \u00e9lectronique de Lisieux    <\/a>   <\/strong>   : A collection of 19th-century French texts digitized by the municipal library of Lisieux.  <\/p>\n<p>   <strong>    <a href=\"http:\/\/cedric.cnam.fr\/ABU\/\">     ABU: la Biblioth\u00e8que Universelle    <\/a>   <\/strong>   : Access to the full text of selected French works in the public domain.  <\/p>\n<p>   <strong>    <a href=\"https:\/\/www.bu.univ-paris8.fr\/\">     La Biblioth\u00e8que num\u00e9rique    <\/a>   <\/strong>   : Site of the University of Paris-8. Digitized French literary works (in French).  <\/p>\n<p>   <strong>    <a href=\"http:\/\/www.swarthmore.edu\/Humanities\/clicnet\/litterature\/sujets\/XIX.html\">     ClicNet: Litt\u00e9rature francophone virtuelle du XIXe si\u00e8cle    <\/a>   <\/strong>   : links, by aphabetical order of authors, to francophone literary works of the 19th century (in French).  <\/p>\n<p>   <strong>    <a href=\"http:\/\/www.gutenberg.org\/\">     Project Gutenberg    <\/a>   <\/strong>   : offers 13,000 books in electronic format, including texts by Marcel Proust:   <em>    Du C\u00f4t\u00e9 de chez Swann   <\/em>   ,   <em>    A l&#8217;Ombre des jeunes filles en fleurs   <\/em>   ,   <em>    Le C\u00f4t\u00e9 de Guermantes   <\/em>   ,   <em>    Sodome et Gomorrhe   <\/em>   (all in French), and   <em>    Swann&#8217;s Way   <\/em>   (in English).  <\/p>\n<p>   <a href=\"http:\/\/ebooks.adelaide.edu.au\/p\/proust\/marcel\/\">    University of Adelaide   <\/a>   : provides full text to selected works by Marcel Proust to read online or download. Both French and English versions are available.  <\/p>\n<p>   <a href=\"http:\/\/www.litteratureaudio.com\/index.php?s=proust&amp;sbutt=Ok\">   <\/a>   <a href=\"http:\/\/www.litteratureaudio.com\/index.php?s=proust&amp;sbutt=Ok\">   <\/a>   <a href=\"http:\/\/www.litteratureaudio.com\/\">    Litterature audio.com   <\/a>   : Free French audio versions of many texts to download in mp3 format, including those of   <a href=\"http:\/\/www.litteratureaudio.com\/index.php?s=proust&amp;sbutt=Ok\">    Marcel Proust   <\/a>   .  <\/p>\n<p>   <a href=\"http:\/\/www.publie.net\/tnc\/spip.php?rubrique10\">    Publie.net   <\/a>   : public domain works in electronic formats including audio, e-book, and flip-book to use online or download.  <\/p>\n<\/p>\n<h2>   <a id=\"sites\" name=\"sites\" title=\"sites\">   <\/a>   Sites about Marcel Proust  <\/h2>\n<p>   <a href=\"http:\/\/media.library.illinois.edu\/cgi\/b\/bib\/kp-idx?page=simple&amp;c=kpchr&amp;c=kpbib\">    <strong>     Inventory of Proust letters at the University of Illinois    <\/strong>   <\/a>   : the database can be searched by sender&#8217;s or recipient&#8217;s name.  <\/p>\n<p>   ITEM &#8211;   <a href=\"http:\/\/www.item.ens.fr\/index.php?id=13857\">    <strong>     The PROUST unit of the CNRS    <\/strong>   <\/a>   : The unit has participated in all of the republications of   <em>    \u00c0 la recherche du temps perdu   <\/em>   since 1987. It brings together researchers from France and from around the world.\u00a0See also the   <a href=\"http:\/\/www.item.ens.fr\/index.php?id=172954\">    <strong>     Bulletin d&#8217;Informations Proustiennes    <\/strong>   <\/a>   .  <\/p>\n<p>   <strong>    <a href=\"http:\/\/perso.wanadoo.fr\/marcelproust\">     Soci\u00e9t\u00e9 des Amis de Marcel Proust et des Amis de Combray    <\/a>   <\/strong>   : This site provides information about the Soci\u00e9t\u00e9; its publication, the Bulletin Marcel Proust; the house of &#8220;Tante L\u00e9onie&#8221;, etc (in French).   <br \/>   (If you reside in the U.S. and would like to join the Soci\u00e9t\u00e9, please read   <strong>    <a href=\"http:\/\/www.library.illinois.edu\/KPA-webpages\/SAMP.htm\">     this announcement    <\/a>   <\/strong>   .)  <\/p>\n<p>   <strong>    <a href=\"https:\/\/web.archive.org\/web\/20090624204600\/http:\/\/www.mercantilelibrary.org:80\/groups\/proust.php\">     The Proust Society of America    <\/a>   <\/strong>   &#8220;The Society&#8217;s mission is to encourage the reading, study and enjoyment of the works of the French writer Marcel Proust&#8221; .  <\/p>\n<p>   <strong>    <a href=\"http:\/\/www.dmpg.de\/\">     Die Marcel Proust Gesellschaft    <\/a>   <\/strong>   Site of the German Proust Society. Provides biographical and bibliographical resources, as well as details about their calendar of events.  <\/p>\n<p>   <strong>    <a href=\"http:\/\/www.marcelproust.nl\/\">     Marcel Proust Vereniging Nederland    <\/a>   <\/strong>   Site of the Dutch Proust Society. Under construction. Provides biographical and bibliographical resources, and a calendar of events (pages in Dutch and French).  <\/p>\n<\/p>\n<h2>   <a id=\"other\" name=\"other\" title=\"other\">   <\/a>   Other sites  <\/h2>\n<p>   <strong>    <a href=\"http:\/\/www.bnf.fr\/\">     Biblioth\u00e8que Nationale de France    <\/a>   <\/strong>   : Information about the collections, access to the on-line catalogs, etc.  <\/p>\n<p>   <strong>    <a href=\"http:\/\/www.archivesnationales.culture.gouv.fr\/\">     Archives Nationales    <\/a>   <\/strong>   : Information about the collections and access to various databases.  <\/p>\n<p>   <strong>    <a href=\"http:\/\/www.sdn.ac.uk\/listedixneuf\/welcome.html\">     DIX-NEUF: ressources sur le dix-neuvi\u00e8me si\u00e8cle    <\/a>   <\/strong>   : DIX-NEUF offers links to sites on various aspects of francophone 19th century, as well as a discussion list (in French).  <\/p>\n<p>   <strong>    <a href=\"http:\/\/ead.univ-angers.fr\/~bu\/index.php?S_file=archives\/fiche.php&amp;ref_archive=5\">     Fonds Octave Mirbeau    <\/a>   <\/strong>   : Information about Octave Mirbeau (1848-1917), novelist, journalist, critic.  <\/p>\n<p>   <strong>    <a href=\"http:\/\/freresgoncourt.free.fr\/\">     Edmond et Jules de Goncourt    <\/a>   <\/strong>   : This site offers biographic and bibliographic information on Jules and Edmond de Goncourt, as well as some full-text works accessible only to members of the parent association.  <\/p>\n<p>   <strong>    <a href=\"http:\/\/www.marcel-schwob.org\/Articles\/133\/revue-blanche\">     <em>      La Revue Blanche     <\/em>    <\/a>    :   <\/strong>   Index of the   <em>    Revue Blanche   <\/em>   first established by Harmut Gatze, currently offered with some revisions on the   <strong>    <a href=\"http:\/\/www.marcel-schwob.org\/\">     Marcel Schwob    <\/a>   <\/strong>   website.  <\/p>\n<p>   <strong>    <a href=\"http:\/\/www.gidiana.net\/\">     http:\/\/www.gidiana.net\/    <\/a>   <\/strong>   This site, hosted by the   <strong>    <a href=\"http:\/\/www.shef.ac.uk\/french\/research\/projects\/gide.html\">     Andr\u00e9 Gide Editions Project    <\/a>   <\/strong>   of the University of Sheffield (UK) in liaison with the Soci\u00e9t\u00e9 des Amis d&#8217;Andr\u00e9 Gide, offers scholarly information about Andr\u00e9 Gide, such as detailed bibliographies of works by and about Gide, as well as rare and inaccessible writings in full-text.  <\/p>\n<\/p><\/div>\n","protected":false},"excerpt":{"rendered":"<p>Electronic textbases ARTFL Project for American and French Research on the Treasury of the French Language, University of Chicago. Subscription required. (Contains the 1954 Pl\u00e9iade edition of A la recherche du temps perdu .) Frantext : Follow the &#8220;ressources linguistiques&#8221; link in the left-hand frame, then &#8220;ressources linguistiques informatis\u00e9es&#8221;. 3500 French texts from the 16th [&hellip;]<\/p>\n","protected":false},"author":71,"featured_media":0,"parent":2509,"menu_order":0,"comment_status":"closed","ping_status":"closed","template":"","meta":{"_acf_changed":false,"footnotes":""},"class_list":["post-2538","page","type-page","status-publish","hentry"],"acf":[],"_links":{"self":[{"href":"https:\/\/wordpress.library.illinois.edu\/rbx\/wp-json\/wp\/v2\/pages\/2538","targetHints":{"allow":["GET"]}}],"collection":[{"href":"https:\/\/wordpress.library.illinois.edu\/rbx\/wp-json\/wp\/v2\/pages"}],"about":[{"href":"https:\/\/wordpress.library.illinois.edu\/rbx\/wp-json\/wp\/v2\/types\/page"}],"author":[{"embeddable":true,"href":"https:\/\/wordpress.library.illinois.edu\/rbx\/wp-json\/wp\/v2\/users\/71"}],"replies":[{"embeddable":true,"href":"https:\/\/wordpress.library.illinois.edu\/rbx\/wp-json\/wp\/v2\/comments?post=2538"}],"version-history":[{"count":3,"href":"https:\/\/wordpress.library.illinois.edu\/rbx\/wp-json\/wp\/v2\/pages\/2538\/revisions"}],"predecessor-version":[{"id":4763,"href":"https:\/\/wordpress.library.illinois.edu\/rbx\/wp-json\/wp\/v2\/pages\/2538\/revisions\/4763"}],"up":[{"embeddable":true,"href":"https:\/\/wordpress.library.illinois.edu\/rbx\/wp-json\/wp\/v2\/pages\/2509"}],"wp:attachment":[{"href":"https:\/\/wordpress.library.illinois.edu\/rbx\/wp-json\/wp\/v2\/media?parent=2538"}],"curies":[{"name":"wp","href":"https:\/\/api.w.org\/{rel}","templated":true}]}}