{"id":2525,"date":"2017-07-24T18:57:25","date_gmt":"2017-07-24T18:57:25","guid":{"rendered":"http:\/\/wordpress-dev.library.illinois.edu\/staff\/kolbp\/fr\/intro\/"},"modified":"2017-07-24T18:57:25","modified_gmt":"2017-07-24T18:57:25","slug":"intro","status":"publish","type":"page","link":"https:\/\/wordpress.library.illinois.edu\/rbx\/kolbproust\/fr\/intro\/","title":{"rendered":"Ressources du Centre"},"content":{"rendered":"<div id=\"colCenter\">\n<p>   Le but de la s\u00e9rie de liens que vous allez suivre \u00e0 partir de cette page est de vous faire d\u00e9couvrir les diff\u00e9rents types de documents du Centre.  <\/p>\n<p>   Cette d\u00e9monstration commence avec une lettre \u00e9crite par Marcel Proust. Sous l&#8217;image du manuscrit se trouve le texte de la lettre, qui contient des liens vers d&#8217;autres documents en rapport avec cette lettre. Apr\u00e8s avoir consult\u00e9 un document, retournez \u00e0 la lettre pour trouver des liens vers d&#8217;autres documents.  <\/p>\n<p>   Cliquez ici pour   <strong>    <a href=\"\/rbx\/kolbp\/tour\/letter\">     commencer maintenant    <\/a>   <\/strong>   ou lisez les paragraphes:  <\/p>\n<p>   Une partie importante du fonds est constitu\u00e9e par des fichiers contenant environ 40,000 fiches. Il existe   <strong>    <a href=\"\/rbx\/kolbp\/fr\/filesf\">     plusieurs types de fichiers    <\/a>   <\/strong>   . Nous sommes actuellement en train de saisir les donn\u00e9es et de marquer les diff\u00e9rents types d&#8217;information pour les rendre disponibles sur Internet. Notre objectif est de pr\u00e9server tous ces documents (vous remarquerez la fragilit\u00e9 de certaines fiches) et d&#8217;en faciliter l&#8217;acc\u00e8s.  <\/p>\n<p>   Les images num\u00e9ris\u00e9es des fiches telles qu&#8217;elles apparaissent dans cette d\u00e9monstration ne seront pas accessibles, mais toutes les informations qu&#8217;elles contiennent seront pr\u00e9sentes dans la base de donn\u00e9es.  <\/p>\n<p>   <a href=\"\/rbx\/kolbp\/tour\/\">    version anglaise\/English version   <\/a>  <\/p>\n<\/p><\/div>\n","protected":false},"excerpt":{"rendered":"<p>Le but de la s\u00e9rie de liens que vous allez suivre \u00e0 partir de cette page est de vous faire d\u00e9couvrir les diff\u00e9rents types de documents du Centre. Cette d\u00e9monstration commence avec une lettre \u00e9crite par Marcel Proust. Sous l&#8217;image du manuscrit se trouve le texte de la lettre, qui contient des liens vers d&#8217;autres [&hellip;]<\/p>\n","protected":false},"author":71,"featured_media":0,"parent":2514,"menu_order":0,"comment_status":"closed","ping_status":"closed","template":"","meta":{"_acf_changed":false,"footnotes":""},"class_list":["post-2525","page","type-page","status-publish","hentry"],"acf":[],"_links":{"self":[{"href":"https:\/\/wordpress.library.illinois.edu\/rbx\/wp-json\/wp\/v2\/pages\/2525","targetHints":{"allow":["GET"]}}],"collection":[{"href":"https:\/\/wordpress.library.illinois.edu\/rbx\/wp-json\/wp\/v2\/pages"}],"about":[{"href":"https:\/\/wordpress.library.illinois.edu\/rbx\/wp-json\/wp\/v2\/types\/page"}],"author":[{"embeddable":true,"href":"https:\/\/wordpress.library.illinois.edu\/rbx\/wp-json\/wp\/v2\/users\/71"}],"replies":[{"embeddable":true,"href":"https:\/\/wordpress.library.illinois.edu\/rbx\/wp-json\/wp\/v2\/comments?post=2525"}],"version-history":[{"count":0,"href":"https:\/\/wordpress.library.illinois.edu\/rbx\/wp-json\/wp\/v2\/pages\/2525\/revisions"}],"up":[{"embeddable":true,"href":"https:\/\/wordpress.library.illinois.edu\/rbx\/wp-json\/wp\/v2\/pages\/2514"}],"wp:attachment":[{"href":"https:\/\/wordpress.library.illinois.edu\/rbx\/wp-json\/wp\/v2\/media?parent=2525"}],"curies":[{"name":"wp","href":"https:\/\/api.w.org\/{rel}","templated":true}]}}