{"id":2521,"date":"2017-07-24T18:57:25","date_gmt":"2017-07-24T18:57:25","guid":{"rendered":"http:\/\/wordpress-dev.library.illinois.edu\/staff\/kolbp\/fr\/guide\/chronof\/"},"modified":"2017-07-24T21:59:30","modified_gmt":"2017-07-24T21:59:30","slug":"chronof","status":"publish","type":"page","link":"https:\/\/wordpress.library.illinois.edu\/rbx\/kolbproust\/fr\/guide\/chronof\/","title":{"rendered":"Le Fichier Chronologique"},"content":{"rendered":"<div id=\"colCenter\">\n<p>Philip Kolb a rassembl\u00e9 dans son fichier chronologique les \u00e9pisodes de la vie de Proust et de ses proches, ainsi que les \u00e9v\u00e9nements contemporains dat\u00e9s de mani\u00e8re certaine. Ce fichier lui fournissait une s\u00e9rie de points de rep\u00e8re pour son travail de datation et de classement de la correspondance de Proust.<\/p>\n<p>Le fichier est compos\u00e9 d&#8217;environ 9500 fiches couvrant les ann\u00e9es 1844 \u00e0 1922 (ann\u00e9e du d\u00e9c\u00e8s de Proust), ainsi que quelques fiches \u00e0 propos des anc\u00eatres de Proust, et d&#8217;autres, plus r\u00e9centes, qui recensent des dates importantes pour l&#8217;oeuvre de Proust (passage dans le domaine public par exemple). La p\u00e9riode <strong> 1844-1915 <\/strong> , accessible sur notre site, contient environ 7350 entr\u00e9es, soit plus de 75% de ces fiches.<\/p>\n<p>Les donn\u00e9es contenues dans cette chronologie proviennent de diff\u00e9rentes sources. Elles sont tir\u00e9es en grande partie de quotidiens et de revues de l&#8217;\u00e9poque, qui fournissent des dates pr\u00e9cises pour les \u00e9v\u00e9nements de l&#8217;\u00e9poque, petits et grands. On trouvera \u00e9galement dans ce fichier des extraits de lettres de Proust dat\u00e9es de mani\u00e8re s\u00fbre, des informations provenant de biographies, de m\u00e9moires, de r\u00e9pertoires et d&#8217;almanachs, parfois des fragments d&#8217;oeuvres litt\u00e9raires.<\/p>\n<p>La pr\u00e9sentation des fiches suit toujours le m\u00eame mod\u00e8le:<\/p>\n<table border=\"0\" width=\"100%\" cellspacing=\"0\" cellpadding=\"0\">\n<tbody>\n<tr>\n<td valign=\"baseline\"><\/td>\n<td valign=\"top\">une en-t\u00eate contenant la date (ann\u00e9e, mois, jour)<\/td>\n<\/tr>\n<tr>\n<td valign=\"baseline\"><\/td>\n<td valign=\"top\">un ou plusieurs paragraphes donnant le contenu de la fiche<\/td>\n<\/tr>\n<tr>\n<td valign=\"baseline\"><\/td>\n<td valign=\"top\">la source de ces informations appara\u00eet sous forme de citations bibliographiques (auteur, titre(s), date, pages)<\/td>\n<\/tr>\n<\/tbody>\n<\/table>\n<p>&nbsp;<\/p>\n<p>Lorsque la source contient un renvoi vers une autre fiche de la chronologie, nous avons ins\u00e9r\u00e9 un lien hypertexte vers cette seconde fiche. Pour y acc\u00e9der, vous devez cliquer sur [ <a href=\"kolbp\/fr\/guide\/chronof#auto\"> fiche <\/a> ]. Pour revenir \u00e0 la premi\u00e8re fiche, utilisez la fonction retour de votre navigateur. La plupart des navigateurs vous offrent \u00e9galement la possibilit\u00e9 d&#8217;ouvrir une nouvelle fen\u00eatre quand vous suivez un lien.<br \/>\nLes citations bibliographiques contiennent parfois le terme &#8220;vu&#8221;, suivi de r\u00e9f\u00e9rences de journaux. Ex.: Vu <strong> Figaro <\/strong> du 15 janvier au 22 f\u00e9vrier 1892.<br \/>\nCela signifie que le ou les titres cit\u00e9s ont \u00e9t\u00e9 consult\u00e9s pour la p\u00e9riode indiqu\u00e9e mais que l&#8217;information mentionn\u00e9e sur la fiche n&#8217;a pas \u00e9t\u00e9 trouv\u00e9e.<\/p>\n<p>Cette section du fichier chronologique (1633-1915) contient les noms de plus de 6470 personnes et personnages diff\u00e9rents. Afin de faciliter la recherche de personnes dans la chronologie, nous avons mis en place un syst\u00e8me de codes, invisibles pour l&#8217;utilisateur, qui permet d&#8217;identifier une personne sous ses diff\u00e9rents noms: pseudonymes, surnoms, nom de jeune fille ou d&#8217;\u00e9pouse, titres de noblesse, etc. (Pour plus de pr\u00e9cisions sur l&#8217;utilisation de ce module de recherche, consultez notre <strong> <a href=\"kolbp\/fr\/guide\/guidef#person\"> guide de recherche <\/a> <\/strong> .) Dans ce module, nous avons ajout\u00e9 les dates de naissance et de d\u00e9c\u00e8s et quelques \u00e9l\u00e9ments biographiques sommaires sur ces personnes, chaque fois que cela \u00e9tait possible.<\/p>\n<p>Malgr\u00e9 nos efforts, certaines personnes n&#8217;ont pu \u00eatre identifi\u00e9es pr\u00e9cis\u00e9ment, lorsque leur nom n&#8217;a \u00e9t\u00e9 recens\u00e9 dans aucun des outils biographiques dont nous disposons, ou lorsqu&#8217;une fiche ne contient pas assez de d\u00e9tails pour identifier de fa\u00e7on certaine une personne dont le nom est tr\u00e8s r\u00e9pandu. Dans quelques cas, nous n&#8217;avons d&#8217;autre information que celles donn\u00e9es dans la fiche, par exemple: Mme Trousseau, se trouvait \u00e0 Trouville en 1894. Si le m\u00eame nom repara\u00eet dans une autre fiche, avec aussi peu de pr\u00e9cision, nous ne pouvons pas \u00eatre s\u00fbrs qu&#8217;il s&#8217;agit de la m\u00eame personne: est-ce la m\u00eame Mme Trousseau qui se trouvait chez Mme Aubernon de Nerville en 1897? Dans de tels cas, nous avons pris le parti d&#8217;\u00eatre prudents et donc de distinguer diff\u00e9rentes personnes, l\u00e0 o\u00f9 peut-\u00eatre il s&#8217;agit d&#8217;une seule et m\u00eame personne.<\/p>\n<p>Un autre probl\u00e8me se pose pour les grandes familles dont les membres ne sont pas toujours clairement distingu\u00e9s dans les journaux. Un baron ou une demoiselle de Rothschild, un Montesquiou, un Ganay, etc., sont mis dans notre index dans une entr\u00e9e ind\u00e9termin\u00e9e, qui peut recouvrir des personnes diff\u00e9rentes. Cette entr\u00e9e se compose du patronyme suivi du terme &#8220;famille&#8221;. Par exemple, &#8220;Rothschild, famille&#8221; se retrouve dans quatre fiches diff\u00e9rentes. Enfin quand un groupe de personnes du m\u00eame nom appara\u00eet sans autres pr\u00e9cisions, &#8220;les Daudet&#8221;, &#8220;les Baign\u00e8res&#8221;, nous avons cr\u00e9\u00e9 cette m\u00eame entr\u00e9e ind\u00e9termin\u00e9e. Nous sugg\u00e9rons donc aux usagers cherchant \u00e0 cerner une personne particuli\u00e8re, de consulter aussi les entr\u00e9es du m\u00eame nom (non identifi\u00e9 ou collectif).<\/p>\n<p>Il y a certainement des erreurs d&#8217;identification dans notre base, et nous serons reconnaissants aux usagers de nous communiquer leurs remarques et corrections \u00e9ventuelles. Dans quelques rares cas, nous avons ajout\u00e9 dans l&#8217;index des noms de personnes qui n&#8217;apparaissent pas dans la partie disponible de la chronologie. Il s&#8217;agit en g\u00e9n\u00e9ral de conjoints ou de membres d&#8217;une m\u00eame famille pour lesquels nous avons relev\u00e9 des informations au cours de nos recherches.<\/p>\n<p>Nous avons essay\u00e9 de rendre ces fiches aussi lisibles que possible, en d\u00e9veloppant les abr\u00e9viations utilis\u00e9es par Philip Kolb, en compl\u00e9tant les citations quand elles se pr\u00e9sentaient comme un aide-m\u00e9moire cursif. Nous avons ajout\u00e9 des notes explicatives quand nous l&#8217;avons jug\u00e9 n\u00e9cessaire et quand cela nous a \u00e9t\u00e9 possible. Ces notes se d\u00e9tachent du texte de Philip Kolb, et sont sign\u00e9es des initiales de leurs auteurs:<\/p>\n<table cellspacing=\"1%\" cellpadding=\"4\">\n<tbody>\n<tr>\n<td>CS<\/td>\n<td>Caroline Szylowicz<\/td>\n<\/tr>\n<tr>\n<td>VG<\/td>\n<td>Virginie Greene<\/td>\n<\/tr>\n<tr>\n<td>FL<\/td>\n<td>Fran\u00e7oise Leriche<\/td>\n<\/tr>\n<tr>\n<td>PR<\/td>\n<td>Patrick Reidenbaugh<\/td>\n<\/tr>\n<tr>\n<td>SP<\/td>\n<td>St\u00e9phane Pillet<\/td>\n<\/tr>\n<tr>\n<td>SPP<\/td>\n<td>Sean Patrick Palmer<\/td>\n<\/tr>\n<tr>\n<td>JB<\/td>\n<td>Jacqueline Burns<\/td>\n<\/tr>\n<\/tbody>\n<\/table>\n<p>&nbsp;<\/p>\n<p><a href=\"\/rbx\/kolbp\/guide\/infochron\"> version anglaise\/English version <\/a><\/p>\n<\/div>\n","protected":false},"excerpt":{"rendered":"<p>Philip Kolb a rassembl\u00e9 dans son fichier chronologique les \u00e9pisodes de la vie de Proust et de ses proches, ainsi que les \u00e9v\u00e9nements contemporains dat\u00e9s de mani\u00e8re certaine. Ce fichier lui fournissait une s\u00e9rie de points de rep\u00e8re pour son travail de datation et de classement de la correspondance de Proust. Le fichier est compos\u00e9 [&hellip;]<\/p>\n","protected":false},"author":71,"featured_media":0,"parent":2678,"menu_order":0,"comment_status":"closed","ping_status":"closed","template":"","meta":{"_acf_changed":false,"footnotes":""},"class_list":["post-2521","page","type-page","status-publish","hentry"],"acf":[],"_links":{"self":[{"href":"https:\/\/wordpress.library.illinois.edu\/rbx\/wp-json\/wp\/v2\/pages\/2521","targetHints":{"allow":["GET"]}}],"collection":[{"href":"https:\/\/wordpress.library.illinois.edu\/rbx\/wp-json\/wp\/v2\/pages"}],"about":[{"href":"https:\/\/wordpress.library.illinois.edu\/rbx\/wp-json\/wp\/v2\/types\/page"}],"author":[{"embeddable":true,"href":"https:\/\/wordpress.library.illinois.edu\/rbx\/wp-json\/wp\/v2\/users\/71"}],"replies":[{"embeddable":true,"href":"https:\/\/wordpress.library.illinois.edu\/rbx\/wp-json\/wp\/v2\/comments?post=2521"}],"version-history":[{"count":1,"href":"https:\/\/wordpress.library.illinois.edu\/rbx\/wp-json\/wp\/v2\/pages\/2521\/revisions"}],"predecessor-version":[{"id":2683,"href":"https:\/\/wordpress.library.illinois.edu\/rbx\/wp-json\/wp\/v2\/pages\/2521\/revisions\/2683"}],"up":[{"embeddable":true,"href":"https:\/\/wordpress.library.illinois.edu\/rbx\/wp-json\/wp\/v2\/pages\/2678"}],"wp:attachment":[{"href":"https:\/\/wordpress.library.illinois.edu\/rbx\/wp-json\/wp\/v2\/media?parent=2521"}],"curies":[{"name":"wp","href":"https:\/\/api.w.org\/{rel}","templated":true}]}}