{"id":2517,"date":"2017-07-24T18:57:25","date_gmt":"2017-07-24T18:57:25","guid":{"rendered":"http:\/\/wordpress-dev.library.illinois.edu\/staff\/kolbp\/fr\/filesf\/"},"modified":"2017-07-24T20:56:55","modified_gmt":"2017-07-24T20:56:55","slug":"filesf","status":"publish","type":"page","link":"https:\/\/wordpress.library.illinois.edu\/rbx\/kolbproust\/fr\/filesf\/","title":{"rendered":"Description des diff\u00e9rents fichiers du Centre du Recherche Kolb-Proust"},"content":{"rendered":"<div id=\"colCenter\">\n<p><a href=\"\/rbx\/kolbp\/tour\/cardfiles\"> version anglaise\/English version <\/a><\/p>\n<h2><a id=\"person\" name=\"person\"><\/a> Fichier des personnes <a id=\"correspondence\" name=\"correspondence\"><\/a><\/h2>\n<p>Recense tous les correspondants de Marcel Proust, les personnes mentionn\u00e9es dans la correspondance, leurs oeuvres et leurs personnages. (Pr\u00e9sent\u00e9 par ordre alphab\u00e9tique de nom de personne)<\/p>\n<h2><a id=\"correspondence\" name=\"correspondence\"><\/a> Fichier des lettres<\/h2>\n<p>Recense toutes les lettres re\u00e7ues et \u00e9crites par Marcel Proust. Chaque lettre dont l&#8217;existence est attest\u00e9e est repr\u00e9sent\u00e9e par une fiche. (Pr\u00e9sent\u00e9 par ordre chronologique)<\/p>\n<h2><a id=\"chronologie\" name=\"chronologie\"><\/a> <a href=\"\/rbx\/kolbp\/fr\/guide\/chronof\"> Fichier chronologique <\/a><\/h2>\n<p>Recense tous les rep\u00e8res chronologiques de la vie de Proust et les \u00e9v\u00e9nements de l&#8217;\u00e9poque permettant de dater les lettres. Ces \u00e9l\u00e9ments proviennent de lettres dat\u00e9es avec certitude, des journaux de l&#8217;\u00e9poque, des m\u00e9moires de amis de Proust, de biographies&#8230; (pr\u00e9sent\u00e9 par ordre chronologique)<\/p>\n<h2><a id=\"place\" name=\"place\"><\/a> Fichier des lieux<\/h2>\n<p>Recense tous les lieux apparaissant dans la correspondance (noms de villes, de r\u00e9gions, de rues, h\u00f4tels particuliers), contient trois subdivisions pour les h\u00f4tels de Paris, de province et les cercles priv\u00e9s. (Pr\u00e9sent\u00e9 par ordre alphab\u00e9tique)<\/p>\n<h2><a id=\"papers\" name=\"papers\"><\/a><\/h2>\n<h2>Fichier des papers et filigranes<\/h2>\n<p>Recense les diff\u00e9rentes qualit\u00e9s de papier utilis\u00e9es par Proust tout au long de sa vie. Les dessins des filigranes ont \u00e9t\u00e9 reproduits \u00e0 la main par Philip Kolb, avec la liste des lettres comportant ces filigranes. Lorsque le texte d&#8217;une lettre ne contient aucun \u00e9l\u00e9ment datable, le filigrane et les dimensions du papier permettent au moins de cerner une p\u00e9riode, par comparaison avec d&#8217;autres lettres d\u00e9j\u00e0 dat\u00e9es. (Pr\u00e9sent\u00e9 par nom de marque de papier)<\/p>\n<h2><a id=\"lit\" name=\"lit\"><\/a> Fichier des titres d&#8217;oeuvres<\/h2>\n<p>Recense un certain nombre de titres d&#8217;oeuvres litt\u00e9raires, th\u00e9\u00e2trales ou musicales mentionn\u00e9es dans la correspondance. Ces notices donnent simplement le titre et l&#8217;auteur; elles renvoient au fichier des correspondants, o\u00f9 les oeuvres sont class\u00e9es par nom d&#8217;auteur. (Pr\u00e9sent\u00e9 par ordre alphab\u00e9tique de titre)<\/p>\n<h2><a id=\"period\" name=\"period\"><\/a> Fichier des titres de p\u00e9riodiques <a id=\"period\" name=\"period\"><\/a><\/h2>\n<p>Recense les journaux et revues de l&#8217;\u00e9poque de Proust, avec la p\u00e9riodicit\u00e9, la date de premi\u00e8re parution, la tendance politique, le nom des directeurs et collaborateurs, des r\u00e9f\u00e9rences d&#8217;articles concernant Proust ou cit\u00e9s dans la correspondance. (Pr\u00e9sent\u00e9 par ordre alphab\u00e9tique de titre de p\u00e9riodique)<\/p>\n<h2><a id=\"bib\" name=\"bib\"><\/a> <a href=\"\/rbx\/kolbp\/fr\/guide\/bibliof\"> Bibliographie des \u00e9crits de Proust et sur Proust <\/a> <a id=\"bib\" name=\"bib\"><\/a><\/h2>\n<p>Recense tous les textes de Marcel Proust publi\u00e9s de son vivant et de fa\u00e7on posthume, tous les articles publi\u00e9s sur lui jusqu&#8217;en 1922 et un certain nombre d&#8217;ouvrages et d&#8217;articles publi\u00e9s apr\u00e8s sa mort. (Pr\u00e9sent\u00e9 par ordre chronologique, en 2 parties : \u00e9crits de Proust, \u00e9crits sur Proust)<\/p>\n<h2><a id=\"litcit\" name=\"litcit\"><\/a> Fichier de citations litt\u00e9raires<\/h2>\n<p>Recense toutes les citations litt\u00e9raires trouv\u00e9es dans la correspondance, avec le texte cit\u00e9 par Proust, le texte original (les citations ne sont pas toujours exactes) et les r\u00e9f\u00e9rences de l&#8217;extrait. (Pr\u00e9sent\u00e9 par ordre alphab\u00e9tique d&#8217;auteur)<\/p>\n<h2><a id=\"not\" name=\"not\"><\/a> Fichier des personnes de l&#8217;\u00e9poque dont le nom n&#8217;appara\u00eet pas dans la correspondance<\/h2>\n<p>Recense un certain nombre de personnes de l&#8217;\u00e9poque de Marcel Proust dont le nom n&#8217;est pas cit\u00e9 dans les lettres de Marcel Proust qui ont \u00e9t\u00e9 retrouv\u00e9es, mais qui peuvent pr\u00e9senter un int\u00e9r\u00eat. Ce fichier compl\u00e8te le fichier des correspondants et des personnes cit\u00e9es dans la correspondance. (Pr\u00e9sent\u00e9 par ordre alphab\u00e9tique de nom)<\/p>\n<\/div>\n","protected":false},"excerpt":{"rendered":"<p>version anglaise\/English version Fichier des personnes Recense tous les correspondants de Marcel Proust, les personnes mentionn\u00e9es dans la correspondance, leurs oeuvres et leurs personnages. (Pr\u00e9sent\u00e9 par ordre alphab\u00e9tique de nom de personne) Fichier des lettres Recense toutes les lettres re\u00e7ues et \u00e9crites par Marcel Proust. Chaque lettre dont l&#8217;existence est attest\u00e9e est repr\u00e9sent\u00e9e par une [&hellip;]<\/p>\n","protected":false},"author":71,"featured_media":0,"parent":2514,"menu_order":0,"comment_status":"closed","ping_status":"closed","template":"","meta":{"_acf_changed":false,"footnotes":""},"class_list":["post-2517","page","type-page","status-publish","hentry"],"acf":[],"_links":{"self":[{"href":"https:\/\/wordpress.library.illinois.edu\/rbx\/wp-json\/wp\/v2\/pages\/2517","targetHints":{"allow":["GET"]}}],"collection":[{"href":"https:\/\/wordpress.library.illinois.edu\/rbx\/wp-json\/wp\/v2\/pages"}],"about":[{"href":"https:\/\/wordpress.library.illinois.edu\/rbx\/wp-json\/wp\/v2\/types\/page"}],"author":[{"embeddable":true,"href":"https:\/\/wordpress.library.illinois.edu\/rbx\/wp-json\/wp\/v2\/users\/71"}],"replies":[{"embeddable":true,"href":"https:\/\/wordpress.library.illinois.edu\/rbx\/wp-json\/wp\/v2\/comments?post=2517"}],"version-history":[{"count":1,"href":"https:\/\/wordpress.library.illinois.edu\/rbx\/wp-json\/wp\/v2\/pages\/2517\/revisions"}],"predecessor-version":[{"id":2649,"href":"https:\/\/wordpress.library.illinois.edu\/rbx\/wp-json\/wp\/v2\/pages\/2517\/revisions\/2649"}],"up":[{"embeddable":true,"href":"https:\/\/wordpress.library.illinois.edu\/rbx\/wp-json\/wp\/v2\/pages\/2514"}],"wp:attachment":[{"href":"https:\/\/wordpress.library.illinois.edu\/rbx\/wp-json\/wp\/v2\/media?parent=2517"}],"curies":[{"name":"wp","href":"https:\/\/api.w.org\/{rel}","templated":true}]}}