{"id":2516,"date":"2017-07-24T18:57:25","date_gmt":"2017-07-24T18:57:25","guid":{"rendered":"http:\/\/wordpress-dev.library.illinois.edu\/staff\/kolbp\/fr\/centre\/"},"modified":"2017-07-24T18:57:25","modified_gmt":"2017-07-24T18:57:25","slug":"centre","status":"publish","type":"page","link":"https:\/\/wordpress.library.illinois.edu\/rbx\/kolbproust\/fr\/centre\/","title":{"rendered":"Centre de Recherche Kolb-Proust"},"content":{"rendered":"<div id=\"colCenter\">\n<p>   Le Centre de Recherche Kolb-Proust a \u00e9t\u00e9 constitu\u00e9 \u00e0 l&#8217;automne 1993. Le professeur Robert Wedgeworth, directeur de la Biblioth\u00e8que universitaire, a cr\u00e9\u00e9 ce centre de recherche pour rendre accessibles aux chercheurs les informations et les documents rassembl\u00e9s par   <a href=\"\/rbx\/kolbp\/fr\/philipkolbf\/kolb\">    Philip Kolb   <\/a>   , professeur de fran\u00e7ais \u00e0 l&#8217;Universit\u00e9 d&#8217;Illinois et \u00e9diteur de la correspondance de Marcel Proust. Aujourd&#8217;hui une premi\u00e8re s\u00e9rie de documents est accessible sur le World-Wide Web gr\u00e2ce \u00e0 une base textuelle, cod\u00e9e en SGML (Standard Generalized Markup Language) et librement interrogeable.  <\/p>\n<p>   Depuis sa venue \u00e0 l&#8217;Universit\u00e9 comme professeur de fran\u00e7ais en 1945, Kolb a travaill\u00e9 sans rel\u00e2che \u00e0 l&#8217;\u00e9dition de la volumineuse correspondance de Marcel Proust, et ce jusqu&#8217;\u00e0 sa mort en 1992. L&#8217;ann\u00e9e suivante a vu la parution du 21\u00e8me et dernier volume de cette correspondance publi\u00e9e par Plon, \u00e0 Paris. Dans son bureau \u00e0 la biblioth\u00e8que de l&#8217;Universit\u00e9, Kolb a laiss\u00e9 un vaste fichier, constituant une mine d&#8217;informations, non seulement sur Marcel Proust, mais \u00e9galement sur la vie intellectuelle fran\u00e7aise du d\u00e9but du si\u00e8cle. Henri Bergson, Gabriel Faur\u00e9 sont des exemples parmi les   <a href=\"\/rbx\/kolbp\/fr\/catagorf\">    personnalit\u00e9s repr\u00e9sent\u00e9es   <\/a>   dans ces fiches. De nombreuses reproductions de lettres originales de Proust, ou adress\u00e9es \u00e0 lui, sont \u00e9galement conserv\u00e9es dans le bureau. Ces reproductions compl\u00e8tent la collection de lettres originales de Proust ou \u00e0 Proust de la &#8221;   <a href=\"http:\/\/www.library.illinois.edu\/rbx\/\">    Rare Book and Special Collections Library&#8221;   <\/a>   .  <\/p>\n<p>   <a href=\"\/rbx\/kolbp\/about\">    Version anglaise\/English version   <\/a>  <\/p>\n<\/p><\/div>\n","protected":false},"excerpt":{"rendered":"<p>Le Centre de Recherche Kolb-Proust a \u00e9t\u00e9 constitu\u00e9 \u00e0 l&#8217;automne 1993. Le professeur Robert Wedgeworth, directeur de la Biblioth\u00e8que universitaire, a cr\u00e9\u00e9 ce centre de recherche pour rendre accessibles aux chercheurs les informations et les documents rassembl\u00e9s par Philip Kolb , professeur de fran\u00e7ais \u00e0 l&#8217;Universit\u00e9 d&#8217;Illinois et \u00e9diteur de la correspondance de Marcel Proust. [&hellip;]<\/p>\n","protected":false},"author":71,"featured_media":0,"parent":2514,"menu_order":0,"comment_status":"closed","ping_status":"closed","template":"","meta":{"_acf_changed":false,"footnotes":""},"class_list":["post-2516","page","type-page","status-publish","hentry"],"acf":[],"_links":{"self":[{"href":"https:\/\/wordpress.library.illinois.edu\/rbx\/wp-json\/wp\/v2\/pages\/2516","targetHints":{"allow":["GET"]}}],"collection":[{"href":"https:\/\/wordpress.library.illinois.edu\/rbx\/wp-json\/wp\/v2\/pages"}],"about":[{"href":"https:\/\/wordpress.library.illinois.edu\/rbx\/wp-json\/wp\/v2\/types\/page"}],"author":[{"embeddable":true,"href":"https:\/\/wordpress.library.illinois.edu\/rbx\/wp-json\/wp\/v2\/users\/71"}],"replies":[{"embeddable":true,"href":"https:\/\/wordpress.library.illinois.edu\/rbx\/wp-json\/wp\/v2\/comments?post=2516"}],"version-history":[{"count":0,"href":"https:\/\/wordpress.library.illinois.edu\/rbx\/wp-json\/wp\/v2\/pages\/2516\/revisions"}],"up":[{"embeddable":true,"href":"https:\/\/wordpress.library.illinois.edu\/rbx\/wp-json\/wp\/v2\/pages\/2514"}],"wp:attachment":[{"href":"https:\/\/wordpress.library.illinois.edu\/rbx\/wp-json\/wp\/v2\/media?parent=2516"}],"curies":[{"name":"wp","href":"https:\/\/api.w.org\/{rel}","templated":true}]}}