{"id":2515,"date":"2017-07-24T18:57:25","date_gmt":"2017-07-24T18:57:25","guid":{"rendered":"http:\/\/wordpress-dev.library.illinois.edu\/staff\/kolbp\/fr\/catagorf\/"},"modified":"2017-07-24T22:17:32","modified_gmt":"2017-07-24T22:17:32","slug":"catagorf","status":"publish","type":"page","link":"https:\/\/wordpress.library.illinois.edu\/rbx\/kolbproust\/fr\/catagorf\/","title":{"rendered":"S\u00e9lection de cat\u00e9gories de personnes dans les fichiers de Philip Kolb"},"content":{"rendered":"<div id=\"colCenter\">\n<p><a href=\"\/rbx\/kolbp\/categories\"> version anglaise\/English version <\/a><\/p>\n<h2><a id=\"arts\" name=\"arts\"><\/a> Arts<\/h2>\n<ul>\n<li>ECRIVAINS: po\u00e8tes, romanciers, dramaturges, critiques litt\u00e9raires (presque tous les plus importants de l&#8217;\u00e9poque et beaucoup d&#8217;\u00e9crivains &#8220;mineurs&#8221;)<\/li>\n<li>JOURNALISTES<\/li>\n<li>DIRECTEURS ET REDACTEURS DE JOURNAUX ET DE REVUES<\/li>\n<li>EDITEURS: les maisons d&#8217;\u00e9dition importantes de l&#8217;\u00e9poque (Gallimard, Grasset, Fasquelle, Fayard, etc.)<\/li>\n<li>DIRECTEURS DE THEATRE<\/li>\n<li>ACTEURS ET ACTRICES (Sarah Bernhardt, R\u00e9jane, etc.)<\/li>\n<li>DANSEURS (Nijinsky, Isadora Duncan, Anna Pavlova, etc.)<\/li>\n<li>MUSICIENS: compositeurs, instrumentists, chefs d&#8217;orchestre, chanteurs (chanteurs d&#8217;op\u00e9ra comme Melbaet Caruso, ou chanteurs populaires comme Yvette Guilbert et Mistinguett)<\/li>\n<li>PEINTRES: Manet, Monet, C\u00e9zanne, Picasso, Renoir, etc.<\/li>\n<li>SCULPTEURS: Rodin<\/li>\n<li>ARCHITECTES: Eiffel, Vaudoyer<\/li>\n<li>CRITIQUES ET HISTORIENS D&#8217;ART: Ruskin, Walter Pater, Berenson<\/li>\n<li>COLLECTIONNEURS<\/li>\n<li>MARCHANDS D&#8217;ART<\/li>\n<li>MARCHANDS D&#8217;AUTOGRAPHES ET DE LIVRES RARES: Charavay<\/li>\n<li>EBENISTES (Emile Gall\u00e9)<\/li>\n<li>BIJOUTIERS, ORFEVRES (Lalique, Cartier)<\/li>\n<li>CREATEURS DE MODE (Paul Poiret, Worth, Reboux, Fortuny)<\/li>\n<\/ul>\n<h2><a id=\"university\" name=\"university\"><\/a> Universit\u00e9<\/h2>\n<ul>\n<li>PROFESSEURS<\/li>\n<li>ERUDITS: chercheurs influents dans le domaine des sciences humaines (comme Bergson, Emile M\u00e2le, Gaston Paris) et des sciences exactes (comme Claude Bernard, Pierre et Marie Curie, Branly, Edison, Einstein, Poincar\u00e9)<\/li>\n<li>BIBLIOTHECAIRES<\/li>\n<\/ul>\n<h2><a id=\"academies\" name=\"academies\"><\/a> Acad\u00e9mies<\/h2>\n<ul>\n<li>La plupart des acad\u00e9miciens vivant du temps de Marcel Proust, et beaucoup de futurs acad\u00e9miciens sont repr\u00e9sent\u00e9s dans les fichiers.<\/li>\n<\/ul>\n<h2><a id=\"politique\" name=\"politique\"><\/a> Politique<\/h2>\n<ul>\n<li>HOMMES D&#8217;ETAT: Pr\u00e9sidents de la R\u00e9publique, ministres, Pr\u00e9sidents du Conseil<\/li>\n<li>DEPUTES<\/li>\n<li>SENATEURS<\/li>\n<li>DIPLOMATES: fran\u00e7ais et \u00e9trangers (comme l&#8217;ambassadeur des Etats-Unis \u00e0 Paris \u00e0 l&#8217;\u00e9poque)<\/li>\n<li>CHEFS DE FILE DES PARTIS POLITIQUES<\/li>\n<\/ul>\n<h2><a id=\"affaires\" name=\"affaires\"><\/a> Affaires et finances<\/h2>\n<ul>\n<li>ADMINISTRATEURS DE GRANDES COMPAGNIES (la famille Wendel, propi\u00e9taire des aci\u2013ries de Lorraine; la famille Renault, propri\u00e9taire des usines de voitures Renault; Louis Bl\u00e9riot, pionnier de l&#8217;aviation et propri\u00e9taire d&#8217;une usine d&#8217;avions)<\/li>\n<li>INGENIEURS<\/li>\n<li>BANQUIERS (les Rothschild, les Finaly, les Mirabaud, les Germain)<\/li>\n<li>AGENTS DE CHANGE<\/li>\n<\/ul>\n<h2><a id=\"medecine\" name=\"medecine\"><\/a> M\u00e9decine<\/h2>\n<ul>\n<li>Le p\u00e8re et le fr\u00e8re de Marcel Proust \u00e9taient tous deux des m\u00e9decins r\u00e9put\u00e9s, en contact avec les sommit\u00e9s m\u00e9dicales de leur temps.<\/li>\n<\/ul>\n<h2><a id=\"army\" name=\"army\"><\/a> Arm\u00e9es<\/h2>\n<ul>\n<li>HAUT COMMANDEMENT: la plupart des g\u00e9n\u00e9raux et mar\u00e9chaux de la premi\u00e8re guerre mondiale (Joffre, Foch, Haig, Hindenburg)<\/li>\n<li>OFFICIERS: la plupart des amis de Marcel Proust furent officiers pendant la guerre<\/li>\n<li>SOLDATS<\/li>\n<\/ul>\n<h2><a id=\"religion\" name=\"religion\"><\/a> Religion<\/h2>\n<ul>\n<li>CATHOLIQUE : papes, cardinaux, \u00e9v\u00eaques, abb\u00e9s<\/li>\n<li>PROTESTANTE: pasteurs<\/li>\n<li>JUIVE: rabbins<\/li>\n<\/ul>\n<h2><a id=\"society\" name=\"society\"><\/a> Haute Soci\u00e9t\u00e9<\/h2>\n<ul>\n<li>CLUBMEN<\/li>\n<li>FEMMES DU MONDE TENANT UN SALON: la plupart des salons influents de l&#8217;\u00e9poque et leurs h\u00f4tesses sont repr\u00e9sent\u00e9s dans les fichiers.<\/li>\n<li>ARISTOCRATIE<\/li>\n<\/ul>\n<h2><a id=\"domestiques\" name=\"domestiques\"><\/a> Domestiques<\/h2>\n<ul>\n<li>CHAUFFEURS (Odilon Albaret et Alfred Agostinelli)<\/li>\n<li>PERSONNEL HOTELIER (Grand H\u00f4tel \u00e0 Cabourg)<\/li>\n<li>GOUVERNANTES (C\u00e9line Cottin, C\u00e9leste Albaret)<\/li>\n<li>SERVEURS (H\u00f4tel Ritz)<\/li>\n<\/ul>\n<h3><\/h3>\n<p>&nbsp;<\/p>\n<\/div>\n","protected":false},"excerpt":{"rendered":"<p>version anglaise\/English version Arts ECRIVAINS: po\u00e8tes, romanciers, dramaturges, critiques litt\u00e9raires (presque tous les plus importants de l&#8217;\u00e9poque et beaucoup d&#8217;\u00e9crivains &#8220;mineurs&#8221;) JOURNALISTES DIRECTEURS ET REDACTEURS DE JOURNAUX ET DE REVUES EDITEURS: les maisons d&#8217;\u00e9dition importantes de l&#8217;\u00e9poque (Gallimard, Grasset, Fasquelle, Fayard, etc.) DIRECTEURS DE THEATRE ACTEURS ET ACTRICES (Sarah Bernhardt, R\u00e9jane, etc.) DANSEURS (Nijinsky, Isadora [&hellip;]<\/p>\n","protected":false},"author":71,"featured_media":0,"parent":2514,"menu_order":0,"comment_status":"closed","ping_status":"closed","template":"","meta":{"_acf_changed":false,"footnotes":""},"class_list":["post-2515","page","type-page","status-publish","hentry"],"acf":[],"_links":{"self":[{"href":"https:\/\/wordpress.library.illinois.edu\/rbx\/wp-json\/wp\/v2\/pages\/2515","targetHints":{"allow":["GET"]}}],"collection":[{"href":"https:\/\/wordpress.library.illinois.edu\/rbx\/wp-json\/wp\/v2\/pages"}],"about":[{"href":"https:\/\/wordpress.library.illinois.edu\/rbx\/wp-json\/wp\/v2\/types\/page"}],"author":[{"embeddable":true,"href":"https:\/\/wordpress.library.illinois.edu\/rbx\/wp-json\/wp\/v2\/users\/71"}],"replies":[{"embeddable":true,"href":"https:\/\/wordpress.library.illinois.edu\/rbx\/wp-json\/wp\/v2\/comments?post=2515"}],"version-history":[{"count":1,"href":"https:\/\/wordpress.library.illinois.edu\/rbx\/wp-json\/wp\/v2\/pages\/2515\/revisions"}],"predecessor-version":[{"id":2691,"href":"https:\/\/wordpress.library.illinois.edu\/rbx\/wp-json\/wp\/v2\/pages\/2515\/revisions\/2691"}],"up":[{"embeddable":true,"href":"https:\/\/wordpress.library.illinois.edu\/rbx\/wp-json\/wp\/v2\/pages\/2514"}],"wp:attachment":[{"href":"https:\/\/wordpress.library.illinois.edu\/rbx\/wp-json\/wp\/v2\/media?parent=2515"}],"curies":[{"name":"wp","href":"https:\/\/api.w.org\/{rel}","templated":true}]}}