{"id":2514,"date":"2017-07-24T19:01:53","date_gmt":"2017-07-24T19:01:53","guid":{"rendered":"http:\/\/wordpress-dev.library.illinois.edu\/staff\/kolbp\/fr\/"},"modified":"2017-07-24T22:16:14","modified_gmt":"2017-07-24T22:16:14","slug":"fr","status":"publish","type":"page","link":"https:\/\/wordpress.library.illinois.edu\/rbx\/kolbproust\/fr\/","title":{"rendered":"Le Centre de Recherche Kolb-Proust"},"content":{"rendered":"<div id=\"colCenter\">\n<div class=\"colSplit colPad\">\n<h2>En savoir plus sur:<\/h2>\n<ul>\n<li><a href=\"\/rbx\/kolbp\/fr\/centre\"> Le centre Kolb-Proust <\/a><\/li>\n<li><a href=\"\/rbx\/kolbp\/fr\/intro\"> Ressources du centre <\/a><\/li>\n<li><a href=\"\/rbx\/kolbp\/fr\/philipkolbf\/kolb\"> Philip Kolb (1907-1992) <\/a><\/li>\n<li><a href=\"\/rbx\/kolbp\/fr\/proust\/proust\"> Marcel Proust (1871-1922) <\/a><\/li>\n<li><a href=\"\/rbx\/kolbp\/fr\/proust\/corr\"> Correspondance de Proust <\/a><\/li>\n<\/ul>\n<p>&nbsp;<\/p>\n<h2>Collections num\u00e9riques<\/h2>\n<ul>\n<li><a title=\"formulaire de recherche\" href=\"http:\/\/kolbproust.library.illinois.edu\/proust\/search\" target=\"_blank\"> Faire une recherche <\/a><\/li>\n<li><a href=\"\/rbx\/kolbp\/fr\/guide\/guidef\"> Guide de recherche <\/a><\/li>\n<li><a href=\"\/rbx\/kolbp\/fr\/guide\/bibliof\"> Bibliographie <\/a> (nature et \u00e9tendue des documents)<\/li>\n<li><a href=\"\/rbx\/kolbp\/fr\/guide\/chronof\"> Chronologie <\/a> (nature et \u00e9tendue des documents) Consultable jusqu&#8217;\u00e0 1915 (27\/2\/06)<\/li>\n<li><a href=\"\/rbx\/kolbproust\"> Kolb-Proust pages in English <\/a><\/li>\n<\/ul>\n<p>&nbsp;<\/p>\n<p>&nbsp;<\/p>\n<p>&nbsp;<\/p>\n<p><a href=\"\/rbx\/kolbp\/fr\/philipkolbf\/kolb\"><br \/>\n<\/a><\/p>\n<p>&nbsp;<\/p>\n<\/div>\n<p><!-- closes colSplit --><\/p>\n<div class=\"colSplit\">\n<h2>Ressources utiles<\/h2>\n<ul>\n<li><a href=\"\/rbx\/kolbp\/proust\/qst\"> 2 questionnaires de Proust <\/a><\/li>\n<li><a href=\"\/rbx\/kolbp\/conferences\"> Ouvrages de base sur Proust <\/a><\/li>\n<li><a href=\"\/rbx\/kolbp\/conferences\"> Conferences, appels \u00e0 communications <\/a><\/li>\n<li><a href=\"\/rbx\/kolbp\/links\"> Autres sites utiles <\/a><\/li>\n<li><a href=\"\/rbx\/kolbp\/contact\"> Nous contacter <\/a><\/li>\n<\/ul>\n<p>&nbsp;<\/p>\n<p>&nbsp;<\/p>\n<p>&nbsp;<\/p>\n<p>&nbsp;<\/p>\n<p><a href=\"\/rbx\/kolbp\/fr\/philipkolbf\/kolb\"><br \/>\n<\/a><\/p>\n<\/div>\n<p>&nbsp;<\/p>\n<\/div>\n","protected":false},"excerpt":{"rendered":"<p>En savoir plus sur: Le centre Kolb-Proust Ressources du centre Philip Kolb (1907-1992) Marcel Proust (1871-1922) Correspondance de Proust &nbsp; Collections num\u00e9riques Faire une recherche Guide de recherche Bibliographie (nature et \u00e9tendue des documents) Chronologie (nature et \u00e9tendue des documents) Consultable jusqu&#8217;\u00e0 1915 (27\/2\/06) Kolb-Proust pages in English &nbsp; &nbsp; &nbsp; &nbsp; Ressources utiles 2 [&hellip;]<\/p>\n","protected":false},"author":71,"featured_media":0,"parent":2509,"menu_order":0,"comment_status":"closed","ping_status":"closed","template":"","meta":{"_acf_changed":false,"footnotes":""},"class_list":["post-2514","page","type-page","status-publish","hentry"],"acf":[],"_links":{"self":[{"href":"https:\/\/wordpress.library.illinois.edu\/rbx\/wp-json\/wp\/v2\/pages\/2514","targetHints":{"allow":["GET"]}}],"collection":[{"href":"https:\/\/wordpress.library.illinois.edu\/rbx\/wp-json\/wp\/v2\/pages"}],"about":[{"href":"https:\/\/wordpress.library.illinois.edu\/rbx\/wp-json\/wp\/v2\/types\/page"}],"author":[{"embeddable":true,"href":"https:\/\/wordpress.library.illinois.edu\/rbx\/wp-json\/wp\/v2\/users\/71"}],"replies":[{"embeddable":true,"href":"https:\/\/wordpress.library.illinois.edu\/rbx\/wp-json\/wp\/v2\/comments?post=2514"}],"version-history":[{"count":5,"href":"https:\/\/wordpress.library.illinois.edu\/rbx\/wp-json\/wp\/v2\/pages\/2514\/revisions"}],"predecessor-version":[{"id":2690,"href":"https:\/\/wordpress.library.illinois.edu\/rbx\/wp-json\/wp\/v2\/pages\/2514\/revisions\/2690"}],"up":[{"embeddable":true,"href":"https:\/\/wordpress.library.illinois.edu\/rbx\/wp-json\/wp\/v2\/pages\/2509"}],"wp:attachment":[{"href":"https:\/\/wordpress.library.illinois.edu\/rbx\/wp-json\/wp\/v2\/media?parent=2514"}],"curies":[{"name":"wp","href":"https:\/\/api.w.org\/{rel}","templated":true}]}}