{"id":2513,"date":"2017-07-24T18:57:24","date_gmt":"2017-07-24T18:57:24","guid":{"rendered":"http:\/\/wordpress-dev.library.illinois.edu\/staff\/kolbp\/conferences\/"},"modified":"2021-05-17T16:25:49","modified_gmt":"2021-05-17T16:25:49","slug":"conferences","status":"publish","type":"page","link":"https:\/\/wordpress.library.illinois.edu\/rbx\/kolbproust\/conferences\/","title":{"rendered":"Conferences &amp; Associations"},"content":{"rendered":"<div id=\"colCenter\">\n<h2>   Proustian institutions and resources  <\/h2>\n<p>   <strong>   <\/strong>   <a href=\"http:\/\/www.dmpg.de\/\">    <strong>     Die Marcel Proust Gesellschaft    <\/strong>   <\/a>   : see their program of   <a href=\"https:\/\/web.archive.org\/web\/20150205015756\/http:\/\/dmpg.de\/aktuelles\/index.html\">    <strong>     activities    <\/strong>   <\/a>  <\/p>\n<p>   <strong>   <\/strong>   <a href=\"http:\/\/perso.wanadoo.fr\/marcelproust\/\">    <strong>     Soci\u00e9t\u00e9 des Amis de Marcel Proust et des Amis de Combray    <\/strong>   <\/a>   : see the page   <a href=\"https:\/\/web.archive.org\/web\/20060510214443\/http:\/\/perso.wanadoo.fr:80\/marcelproust\/actualite_proustienne.htm\">    <strong>     &#8220;actualit\u00e9 proustienne&#8221;    <\/strong>   <\/a>   for a list of events sponsored by the Soci\u00e9t\u00e9 or of interest to Proust scholars.  <\/p>\n<p>   <a href=\"http:\/\/www.item.ens.fr\/index.php?id=13857\">    ITEM\/\u00e9quipe Proust   <\/a>   : for the calendar of ITEM&#8217;s Proust seminar, follow the link &#8221;   <a href=\"http:\/\/www.item.ens.fr\/index.php?identifier=seminaires\">    s\u00e9minaires   <\/a>   &#8221; at the side of the page.  <\/p>\n<p>   <a href=\"https:\/\/web.archive.org\/web\/20090624204600\/http:\/\/www.mercantilelibrary.org:80\/groups\/proust.php\">    Proust Society of America   <\/a>   : the Society presents several lectures, hosts reading discussion groups, and holds a dinner talk on Proust&#8217;s birthday.  <\/p>\n<h2>   General literary societies and events  <\/h2>\n<p>   <strong>   <\/strong>   <a href=\"http:\/\/www.fabula.org\/\">    <strong>     Fabula.org    <\/strong>   <\/a>   : Fabula is an extraordinary web resource for literary studies. See in particular their very detailed   <a href=\"http:\/\/www.fabula.org\/calendrier.php\">    <strong>     &#8220;calendrier&#8221;    <\/strong>   <\/a>   section, which lists upcoming conferences and calls for papers.  <\/p>\n<p>   <strong>   <\/strong>   <strong>    <a href=\"http:\/\/www.southalabama.edu\/languages\/french\/NCFS_2007_CFP.htm\">    <\/a>   <\/strong>   <a href=\"https:\/\/ncfs-assn.byu.edu\/\">    Nineteenth Century French Studies Association   <\/a>   :   <em>    an annual conference is held for research presentations and discussions, as well as the bestowal of an award to an outstanding graduate student.   <\/em>  <\/p>\n<p>   <strong>   <\/strong>   <a href=\"http:\/\/frit.umn.edu\/2021\/2021.html\">    <strong>     20th and 21st Century French and Francophone Studies International Colloquium    <\/strong>   <\/a>   : the 2009 conference will be held in Minneapolis, Minnesota.  <\/p>\n<p>   <strong>   <\/strong>   <a href=\"http:\/\/www.mla.org\/\">    <strong>     Modern Language Association    <\/strong>   <\/a>   : MLA holds a four day conference every year in December.\u00a0 The Association has roughly 30,000 members and the conventions typically draw 8 to 10,000 participants.  <\/p>\n<p>   <strong>   <\/strong>   <a href=\"https:\/\/www.luc.edu\/mmla\/\">    <strong>     Midwest Modern Language Association    <\/strong>   <\/a>   : this regional arm of the MLA holds a convention each year in November.  <\/p>\n<p>   <strong>   <\/strong>   <a href=\"http:\/\/www.pamla.org\/\">    <strong>     Pacific Ancient and Modern Language Association    <\/strong>   <\/a>   :\u00a0 PAMLA holds an annual conference in November and publishes the journal   <em>    Pacific Coast Philology   <\/em>   .  <\/p>\n<p>   <strong>   <\/strong>   <a href=\"https:\/\/www.rmmla.org\/\">    <strong>     Rocky Mountain Modern Language Association    <\/strong>   <\/a>   :   <strong>    <a href=\"https:\/\/www.rmmla.org\/convention\">    <\/a>   <\/strong>   RMMLA holds a conference each year in October.\u00a0 Their website has wealth of information on submitting proposals for article publications, conference papers, and grants.  <\/p>\n<p>   <strong>   <\/strong>   <strong>    <a href=\"http:\/\/www.ou.edu\/scmla\/\">     South Central Modern Language Association    <\/a>   <\/strong>   :   <strong>    <a href=\"http:\/\/www.ou.edu\/scmla\/MemphisConv.htm\">    <\/a>   <\/strong>   SCMLA has an annual November convention, with some publication information on the website.  <\/p>\n<\/p><\/div>\n","protected":false},"excerpt":{"rendered":"<p>Proustian institutions and resources Die Marcel Proust Gesellschaft : see their program of activities Soci\u00e9t\u00e9 des Amis de Marcel Proust et des Amis de Combray : see the page &#8220;actualit\u00e9 proustienne&#8221; for a list of events sponsored by the Soci\u00e9t\u00e9 or of interest to Proust scholars. ITEM\/\u00e9quipe Proust : for the calendar of ITEM&#8217;s Proust [&hellip;]<\/p>\n","protected":false},"author":71,"featured_media":0,"parent":2509,"menu_order":0,"comment_status":"closed","ping_status":"closed","template":"","meta":{"_acf_changed":false,"footnotes":""},"class_list":["post-2513","page","type-page","status-publish","hentry"],"acf":[],"_links":{"self":[{"href":"https:\/\/wordpress.library.illinois.edu\/rbx\/wp-json\/wp\/v2\/pages\/2513","targetHints":{"allow":["GET"]}}],"collection":[{"href":"https:\/\/wordpress.library.illinois.edu\/rbx\/wp-json\/wp\/v2\/pages"}],"about":[{"href":"https:\/\/wordpress.library.illinois.edu\/rbx\/wp-json\/wp\/v2\/types\/page"}],"author":[{"embeddable":true,"href":"https:\/\/wordpress.library.illinois.edu\/rbx\/wp-json\/wp\/v2\/users\/71"}],"replies":[{"embeddable":true,"href":"https:\/\/wordpress.library.illinois.edu\/rbx\/wp-json\/wp\/v2\/comments?post=2513"}],"version-history":[{"count":7,"href":"https:\/\/wordpress.library.illinois.edu\/rbx\/wp-json\/wp\/v2\/pages\/2513\/revisions"}],"predecessor-version":[{"id":4860,"href":"https:\/\/wordpress.library.illinois.edu\/rbx\/wp-json\/wp\/v2\/pages\/2513\/revisions\/4860"}],"up":[{"embeddable":true,"href":"https:\/\/wordpress.library.illinois.edu\/rbx\/wp-json\/wp\/v2\/pages\/2509"}],"wp:attachment":[{"href":"https:\/\/wordpress.library.illinois.edu\/rbx\/wp-json\/wp\/v2\/media?parent=2513"}],"curies":[{"name":"wp","href":"https:\/\/api.w.org\/{rel}","templated":true}]}}