{"id":2062,"date":"2018-08-17T15:20:45","date_gmt":"2018-08-17T15:20:45","guid":{"rendered":"http:\/\/wordpress.library.illinois.edu\/mtx\/?page_id=2062"},"modified":"2018-08-24T18:49:05","modified_gmt":"2018-08-24T18:49:05","slug":"uberprufung-des-beweises-fur-den-vierfarbensatz","status":"publish","type":"page","link":"https:\/\/wordpress.library.illinois.edu\/mtx\/uberprufung-des-beweises-fur-den-vierfarbensatz\/","title":{"rendered":"U. Schmidt (1982), \u00dcberpr\u00fcfung des beweises f\u00fcr den Vierfarbensatz"},"content":{"rendered":"<p><strong><\/p>\n<h3>Paper information<\/h3>\n<p><\/strong><\/p>\n<table width=\"100%\">\n<tr>\n<td width=\"85%\">\n<strong>Title:<\/strong> \u00dcberpr\u00fcfung des beweises f\u00fcr den Vierfarbensatz<br \/>\n<strong>Author:<\/strong> Ulrich Schmidt<br \/>\n<strong>Source:<\/strong> Diplomarbeit, Matr.-Nr. 066040, Mai 1982<br \/>\nLehrgebiet Allgemeine Elektrotechnik und Datenverarbeitung,<br \/>\nRheinisch-Westf\u00e4lische Technische Hochschule Aachen<br \/>\n<strong>Received from:<\/strong> Ulrich Schmidt, June 2018 by <a href=\"https:\/\/ischool.illinois.edu\/people\/bertram-ludascher\">Professor Bertram Lud\u00e4scher<\/a>, School of Information Sciences<br \/>\nAccess provided by the <a href=\"http:\/\/www.library.illinois.edu\/mtx\/\">Mathematics Library<\/a> of the University of Illinois at Urbana-Champaign with the permission of Ulrich Schmidt.<br \/>\n<strong>Available online:<\/strong> since August 2018\n<\/td>\n<td width=\"15%\">\n<a href=\"http:\/\/www.library.illinois.edu\/mtx\/wp-content\/uploads\/sites\/18\/2018\/08\/Schmidt1982_frontpage.jpg\"><img decoding=\"async\" src=\"http:\/\/www.library.illinois.edu\/mtx\/wp-content\/uploads\/sites\/18\/2018\/08\/Schmidt1982_frontpage.jpg\" alt=\"Schmidt1982_frontpage\" width=\"100px\" \/><\/a>\n<\/td>\n<\/tr>\n<\/table>\n<h3><strong><\/p>\n<p align=\"center\">Table of Contents<\/strong><\/h3>\n<\/p>\n<ol>\n<li><a href=\"http:\/\/www.library.illinois.edu\/mtx\/wp-content\/uploads\/sites\/18\/2018\/08\/Schmidt1982_Chapter1.pdf#page=4\">EINF\u00dcHRUNG<\/a><\/li>\n<li><a href=\"http:\/\/www.library.illinois.edu\/mtx\/wp-content\/uploads\/sites\/18\/2018\/08\/Schmidt1982_Chapter2.pdf#page=1\">BEGRIFFE UND DEFINITIONEN DER GRAPHENTHEORIE<\/a><\/li>\n<p>    <a href=\"http:\/\/www.library.illinois.edu\/mtx\/wp-content\/uploads\/sites\/18\/2018\/08\/Schmidt1982_Chapter2.pdf#page=3\">2.1. Definitionen<\/a><br \/>\n    <a href=\"http:\/\/www.library.illinois.edu\/mtx\/wp-content\/uploads\/sites\/18\/2018\/08\/Schmidt1982_Chapter2.pdf#page=6\">2.2. Kantenfolgen und Zusammenhang<\/a><br \/>\n    <a href=\"http:\/\/www.library.illinois.edu\/mtx\/wp-content\/uploads\/sites\/18\/2018\/08\/Schmidt1982_Chapter2.pdf#page=10\">2.3. Ebene Graphen<\/a><\/p>\n<li><a href=\"http:\/\/www.library.illinois.edu\/mtx\/wp-content\/uploads\/sites\/18\/2018\/08\/Schmidt1982_Chapter3.pdf#page=1\">DIE GESCHICHTE DES VIERFARBENSATZES<\/a><\/li>\n<p>    <a href=\"http:\/\/www.library.illinois.edu\/mtx\/wp-content\/uploads\/sites\/18\/2018\/08\/Schmidt1982_Chapter3.pdf#page=3\">3.1. Kempes Beweis<\/a><br \/>\n    <a href=\"http:\/\/www.library.illinois.edu\/mtx\/wp-content\/uploads\/sites\/18\/2018\/08\/Schmidt1982_Chapter3.pdf#page=14\">3.2. Der F\u00fcnffarbensatz<\/a><\/p>\n<li><a href=\"http:\/\/www.library.illinois.edu\/mtx\/wp-content\/uploads\/sites\/18\/2018\/08\/Schmidt1982_Chapter4.pdf#page=1\">REDUZIERBARKEIT<\/a><\/li>\n<p>    <a href=\"http:\/\/www.library.illinois.edu\/mtx\/wp-content\/uploads\/sites\/18\/2018\/08\/Schmidt1982_Chapter4.pdf#page=1\">4.1. Definitionen<\/a><br \/>\n    <a href=\"http:\/\/www.library.illinois.edu\/mtx\/wp-content\/uploads\/sites\/18\/2018\/08\/Schmidt1982_Chapter4.pdf#page=4\">4.2. Reduktionsarten<\/a><\/p>\n<li><a href=\"http:\/\/www.library.illinois.edu\/mtx\/wp-content\/uploads\/sites\/18\/2018\/08\/Schmidt1982_Chapter5.pdf#page=1\">ENTLADUNGSPROZEDUREN<\/a><\/li>\n<p>    <a href=\"http:\/\/www.library.illinois.edu\/mtx\/wp-content\/uploads\/sites\/18\/2018\/08\/Schmidt1982_Chapter5.pdf#page=1\">5.1. Der Graph als elektrisches Netzwerk<\/a><br \/>\n    <a href=\"http:\/\/www.library.illinois.edu\/mtx\/wp-content\/uploads\/sites\/18\/2018\/08\/Schmidt1982_Chapter5.pdf#page=5\">5.2. Eine einfache Entladungsprozedur<\/a><br \/>\n    <a href=\"http:\/\/www.library.illinois.edu\/mtx\/wp-content\/uploads\/sites\/18\/2018\/08\/Schmidt1982_Chapter5.pdf#page=7\">5.3. Reduktionshindernisse<\/a><br \/>\n    <a href=\"http:\/\/www.library.illinois.edu\/mtx\/wp-content\/uploads\/sites\/18\/2018\/08\/Schmidt1982_Chapter5.pdf#page=9\">5.4. Die Entladungsprozedur von Appel und Haken<\/a><\/p>\n<li><a href=\"http:\/\/www.library.illinois.edu\/mtx\/wp-content\/uploads\/sites\/18\/2018\/08\/Schmidt1982_Chapter6.pdf#page=1\">\u00dcBERPR\u00dcFUNG DES BEWEISES<\/a><\/li>\n<p>    <a href=\"http:\/\/www.library.illinois.edu\/mtx\/wp-content\/uploads\/sites\/18\/2018\/08\/Schmidt1982_Chapter6.pdf#page=1\">6.1. Vorgehensweise<\/a><br \/>\n    <a href=\"http:\/\/www.library.illinois.edu\/mtx\/wp-content\/uploads\/sites\/18\/2018\/08\/Schmidt1982_Chapter6.pdf#page=6\">6.2. Datenstrukturen<\/a><br \/>\n    <a href=\"http:\/\/www.library.illinois.edu\/mtx\/wp-content\/uploads\/sites\/18\/2018\/08\/Schmidt1982_Chapter6.pdf#page=12\">6.3. Randkreise<\/a><br \/>\n    <a href=\"http:\/\/www.library.illinois.edu\/mtx\/wp-content\/uploads\/sites\/18\/2018\/08\/Schmidt1982_Chapter6.pdf#page=16\">6.4. Der Verschmelzungsalgorithmus<\/a><br \/>\n    <a href=\"http:\/\/www.library.illinois.edu\/mtx\/wp-content\/uploads\/sites\/18\/2018\/08\/Schmidt1982_Chapter6.pdf#page=27\">6.5. Auffinden reduzibler Teilfiguren<\/a><br \/>\n    <a href=\"http:\/\/www.library.illinois.edu\/mtx\/wp-content\/uploads\/sites\/18\/2018\/08\/Schmidt1982_Chapter6.pdf#page=28\">6.6. Die Prozedur &#8216;entlade&#8217;<\/a><br \/>\n    <a href=\"http:\/\/www.library.illinois.edu\/mtx\/wp-content\/uploads\/sites\/18\/2018\/08\/Schmidt1982_Chapter6.pdf#page=29\">6.7. Ergebnisse<\/a><\/p>\n<li><a href=\"http:\/\/www.library.illinois.edu\/mtx\/wp-content\/uploads\/sites\/18\/2018\/08\/Schmidt1982_Chapter7.pdf#page=1\">PHILOSOPHISCHE AUSWIRKUNGEN DES VIERFARBENPROBLEMS<\/a><\/li>\n<li><a href=\"http:\/\/www.library.illinois.edu\/mtx\/wp-content\/uploads\/sites\/18\/2018\/08\/Schmidt1982_Anhang.pdf#page=1\">ANHANG<\/a><\/li>\n<p>    <a href=\"http:\/\/www.library.illinois.edu\/mtx\/wp-content\/uploads\/sites\/18\/2018\/08\/Schmidt1982_Anhang.pdf#page=2\">A. Das Programm &#8216;Entladung&#8217;<\/a><br \/>\n    <a href=\"http:\/\/www.library.illinois.edu\/mtx\/wp-content\/uploads\/sites\/18\/2018\/08\/Schmidt1982_Anhang.pdf#page=44\">B. Output<\/a>\n<\/ol>\n","protected":false},"excerpt":{"rendered":"<p>Paper information Title: \u00dcberpr\u00fcfung des beweises f\u00fcr den Vierfarbensatz Author: Ulrich Schmidt Source: Diplomarbeit, Matr.-Nr. 066040, Mai 1982 Lehrgebiet Allgemeine Elektrotechnik und Datenverarbeitung, Rheinisch-Westf\u00e4lische Technische Hochschule Aachen Received from: Ulrich Schmidt, June 2018 by Professor Bertram Lud\u00e4scher, School of Information Sciences Access provided by the Mathematics Library of the University of Illinois at Urbana-Champaign with [&hellip;]<\/p>\n","protected":false},"author":296,"featured_media":0,"parent":0,"menu_order":0,"comment_status":"closed","ping_status":"closed","template":"","meta":{"_acf_changed":false,"footnotes":""},"class_list":["post-2062","page","type-page","status-publish","hentry"],"acf":[],"_links":{"self":[{"href":"https:\/\/wordpress.library.illinois.edu\/mtx\/wp-json\/wp\/v2\/pages\/2062","targetHints":{"allow":["GET"]}}],"collection":[{"href":"https:\/\/wordpress.library.illinois.edu\/mtx\/wp-json\/wp\/v2\/pages"}],"about":[{"href":"https:\/\/wordpress.library.illinois.edu\/mtx\/wp-json\/wp\/v2\/types\/page"}],"author":[{"embeddable":true,"href":"https:\/\/wordpress.library.illinois.edu\/mtx\/wp-json\/wp\/v2\/users\/296"}],"replies":[{"embeddable":true,"href":"https:\/\/wordpress.library.illinois.edu\/mtx\/wp-json\/wp\/v2\/comments?post=2062"}],"version-history":[{"count":20,"href":"https:\/\/wordpress.library.illinois.edu\/mtx\/wp-json\/wp\/v2\/pages\/2062\/revisions"}],"predecessor-version":[{"id":2259,"href":"https:\/\/wordpress.library.illinois.edu\/mtx\/wp-json\/wp\/v2\/pages\/2062\/revisions\/2259"}],"wp:attachment":[{"href":"https:\/\/wordpress.library.illinois.edu\/mtx\/wp-json\/wp\/v2\/media?parent=2062"}],"curies":[{"name":"wp","href":"https:\/\/api.w.org\/{rel}","templated":true}]}}