{"id":96,"date":"2024-10-02T15:14:34","date_gmt":"2024-10-02T15:14:34","guid":{"rendered":"https:\/\/wordpress.library.illinois.edu\/latin-american\/?page_id=96"},"modified":"2026-03-04T21:51:40","modified_gmt":"2026-03-04T21:51:40","slug":"selected-special-rare-collection-items","status":"publish","type":"page","link":"https:\/\/wordpress.library.illinois.edu\/latin-american\/latin-american-caribbean-studies\/collection\/selected-special-rare-collection-items\/","title":{"rendered":"Selected Special &amp; Rare Collection Items"},"content":{"rendered":"<div class=\"shortcode sh-grid sh-grid-cols-1 md:sh-grid-cols-12 sh-gap-3\"><div class=\"shortcode sh-col-span-3 sh-pb-3\"><\/div><div class=\"shortcode sh-col-span-9 sh-pb-3\"><\/p>\n<h2><a href=\"https:\/\/i-share-uiu.primo.exlibrisgroup.com\/permalink\/01CARLI_UIU\/gpjosq\/alma99389835112205899\" target=\"_blank\" rel=\"noopener noreferrer\">Bolivian Pamphlet Collection, 1761-1938<\/a><\/h2>\n<p>An eclectic collection of 82 historical Bolivian imprints, including speeches, official memoranda, memoirs, educational materials, sermons, and more. Although a few items are hand-written, including the earliest sermon (1761, Oruro, Bolivia) the majority of items come from official presses in Chuquisaca (La Plata\/Sucre) during the immediate post-revolutionary period (1830s-) and deal with ongoing border conflicts between Chilean, Bolivian, and Peruvian political elements.<\/p>\n<h2>Brazilian Telenovelas, 1970-2013<\/h2>\n<p>Acquired in 2013, these 25 Brazilian telenovelas were produced between 1970 and 2013 with a majority of them from the early to mid-2000s. Topics covered include love, class relations, race, slavery, <em>o sert\u00e3o<\/em>, country life, urban life, modernization, military dictatorship, and comedy, among others. Plots cover from colonial times to the present. Most of the telenovelas are in color, yet a few are in black and white. The majority are in Portuguese without subtitles, yet some have subtitles in Spanish, English, French, or Portuguese. <strong>Contact Prof. Sotomayor for a full list with descriptions and call numbers: asotomay@illinois.edu.<\/strong><\/p>\n<h2><a href=\"https:\/\/i-share-uiu.primo.exlibrisgroup.com\/permalink\/01CARLI_UIU\/gpjosq\/alma99326560612205899\" target=\"_blank\" rel=\"noopener noreferrer\">Carl Sandburg Spanish American War Diary, 25 July &#8211; 12 August 1898<\/a><\/h2>\n<p>A brief diary kept by prominent Illinois poet Carl Sandburg during part of his eight month tour in Puerto Rico as a member of Company C, 6th Infantry Regiment, Illinois Volunteers during the Spanish-American War. Covers the period 25 July 1898 to 12 August 1898.<\/p>\n<h2><a href=\"https:\/\/i-share-uiu.primo.exlibrisgroup.com\/permalink\/01CARLI_UIU\/gpjosq\/alma99442698412205899\" target=\"_blank\" rel=\"noopener noreferrer\">Collection of Sixteenth Century Mexican Legal Imprints, 1562-1623<\/a><\/h2>\n<p>Set of 12 fine and rare legal documents printed in New Spain (Mexico City), between 1562 and 1623. A great example of American incunabula, most of the documents were printed by Pedro Ocharte, the son-in-law of Juan Pablos, the first printer in the Western Hemisphere. The set of cases printed in 1563 comprise the first compilation of Mexican law printed by Ocharte, and he stands out as printer of legal documents. Manuscript sections of some documents are inscribed by notary and signed by all parties involved.<\/p>\n<h2><a href=\"https:\/\/i-share-uiu.primo.exlibrisgroup.com\/permalink\/01CARLI_UIU\/gpjosq\/alma99721636012205899\" target=\"_blank\" rel=\"noopener noreferrer\">Collecc\u0327\u00e3o das leis do Brazil, 1808-1891<\/a><\/h2>\n<p>Collection of the laws of Brazil from the time of the relocation of the Portuguese Court to Rio de Janeiro in 1808, to little after the end of the Brazilian Monarchy in 1891. The first section, 1808-1821 appears with the captions: &#8220;Cartas de lei alvar\u00e1s decretos e cartas r\u00e9gias 1808-1818&#8221; and &#8220;Alvar\u00e1s decretos e cartas r\u00e9gias 1819-1820.&#8221; From 1821-1890 the title is &#8220;Collec\u00e7\u00e3o das leis do Imperio do Brazil.&#8221;<\/p>\n<h2><a href=\"https:\/\/i-share-uiu.primo.exlibrisgroup.com\/permalink\/01CARLI_UIU\/gpjosq\/alma99531858312205899\" target=\"_blank\" rel=\"noopener noreferrer\">Conde de Montemar Correspondence, 1761-1799<\/a><\/h2>\n<p><img loading=\"lazy\" decoding=\"async\" class=\" wp-image-2021 alignright\" src=\"http:\/\/wordpress.library.illinois.edu\/latin-american\/wp-content\/uploads\/sites\/110\/2024\/10\/Albornoz.jpg\" alt=\"albornoz\" width=\"316\" height=\"422\" \/><br \/>\nCollection of letters belonging to the family of the Conde de Montemar, Diego Jos\u00e9 Carrillo de Albornoz y Bravo de Lagunas. The letters, of which we have approximately 300, were written between 1761 and 1799, mainly by one of the Count\u2019s brothers, Pedro Carrillo de Albornoz y Bravo de Lagunas, but some by another brother, Fernando Carrillo de Albornoz y Bravo de Lagunas and their brother-in-law Francisco Manrique de Lara. This family was one of the wealthiest and most prestigious in all of the Viceroyalty of Peru, and in the Royal Court in Madrid, Spain. The letters\u2019 topics include intimate familial matters, vice-royal politics, the church, Indian affairs, and economic activity.<\/p>\n<h2><a href=\"https:\/\/i-share-uiu.primo.exlibrisgroup.com\/permalink\/01CARLI_UIU\/gpjosq\/alma99530842612205899\" target=\"_blank\" rel=\"noopener noreferrer\">Gabriela Mistral Notebook, c1947<\/a><\/h2>\n<p>This manuscript consists of around 70 pages of personal notes from the celebrated Chilean poet, journalist, educator, diplomat, and first Latin American recipient of the Noble Prize in Literature, Gabriela Mistral (1889-1957).<\/p>\n<h2><a href=\"https:\/\/i-share-uiu.primo.exlibrisgroup.com\/permalink\/01CARLI_UIU\/gpjosq\/alma99300994412205899\" target=\"_blank\" rel=\"noopener noreferrer\">Hispanic Society of America Picture Post Cards of Spain and South America<\/a><\/h2>\n<p>Series of 544 black and white post cards of landscapes and street scenes from all over South America and Spain. The postcards date from the late 1920s and 1930s. The majority of images are cityscapes of the metropolises and coastal centers of Peru, Uruguay, Argentina, Brazil, Bolivia, and Chile, but other popular images include Andean landscapes and street scenes of Andean Indians at market.<\/p>\n<h2><a href=\"https:\/\/i-share-uiu.primo.exlibrisgroup.com\/permalink\/01CARLI_UIU\/gpjosq\/alma99356908912205899\" target=\"_blank\" rel=\"noopener noreferrer\">Imprenta de los Ni\u00f1os Exp\u00f3sitos: Collection of Imprints on Napoleon, Spain, and Spanish America<\/a><\/h2>\n<p>Collection of 58 imprints from the viceroyal press of Buenos Aires (La Real Imprenta de Ni\u00f1os Exp\u00f3sitos, Buenos Ayres) dating from the period of the Napoleonic Conquest and shortly after (1808-1813). The preserved imprints are typical of the press&#8217;s publications at the time, which were mainly a patchwork of dispatches collected from various European newspapers. The fragmentary reports are a valuable primary source for the study of the Peninsular War from the perspective of Iberian sympathizers in South America.<\/p>\n<h2><a href=\"http:\/\/www.library.illinois.edu\/hpnl\/newspapers\/results_full.php?bib_id=170\" target=\"_blank\" rel=\"noopener noreferrer\">Jornal do Brasil<\/a><\/h2>\n<p>Founded in 1891, the Jornal do Brasil is one of Brazil&#8217;s oldest and most important newspapers. The Library has in print from 1966 to 2005, one of very few longest running collections for the newspaper in the US. The Library also has in microfilm from 1891 to 1901.<\/p>\n<h2><a href=\"https:\/\/i-share-uiu.primo.exlibrisgroup.com\/permalink\/01CARLI_UIU\/gpjosq\/alma99605675412205899\" target=\"_blank\" rel=\"noopener noreferrer\">Jornal do Brasil &#8211; Suplemento Dominical<\/a><\/h2>\n<p>One of only two copies in the US (Center for Research Libraries). We have a complete run from June 1956 to December 1961. The Collection is available on DVD at the International and Area Studies Library, in-room use only.<\/p>\n<h2><a href=\"https:\/\/i-share-uiu.primo.exlibrisgroup.com\/discovery\/search?query=any,contains,palafox%20y%20mendoza&amp;tab=LibraryCatalog&amp;search_scope=MyInstitution&amp;vid=01CARLI_UIU:CARLI_UIU&amp;lang=en&amp;offset=0\" target=\"_blank\" rel=\"noopener noreferrer\">Juan de Palafox y Mendoza, 1600-1659<\/a><\/h2>\n<p>Palafox was a seventeenth century Spanish bishop in Mexico who also served briefly as viceroy of New Spain from June 10, 1642 to November 23, 1642. The library maintains a collection of works by Palafox and others who were involved in his career, including 23 manuscripts, historical prints and translations housed in the Rare Books &amp; Manuscripts library.<\/p>\n<h2><a href=\"http:\/\/archives.library.illinois.edu\/archon\/index.php?p=collections\/controlcard&amp;id=2437&amp;q=julian+steward\" target=\"_blank\" rel=\"noopener noreferrer\">Julian H. Steward Papers, 1942-1976<\/a><\/h2>\n<p>Papers of Julian Haynes Steward (1902-72), professor of anthropology (1952-72), including correspondence, reports, manuscripts, reviews, publications, government documents, minutes, newsletters, directories, conference programs, research proposals and applications, student records and evaluations, lecture notes, diaries, field notes, drawings, maps, charts and photographs relating to research and fieldwork on petroglyphs, cultural ecology and evolution, human ecology, cultural anthropology theory, multilinear evolution, ethnography, indigenous religions, cross cultural regularities, North and South American indigenous cultures, Ute, Paiute Carrier and Shoshone peoples, Southwestern United States archaeology and ethnology, Utah, Great Basin, Puerto Rico, travels and teaching in Japan as Director of the Kyoto American Studies Seminar (1956-57), and work on the Indian claims commission hearings (ca. 1950-55) and the Bureau of Indian Affairs (1936-37); etc.<\/p>\n<h2><a href=\"https:\/\/i-share-uiu.primo.exlibrisgroup.com\/permalink\/01CARLI_UIU\/gpjosq\/alma99176366312205899\" target=\"_blank\" rel=\"noopener noreferrer\">Mexican Pamphlet Collection, 1813-1908<\/a><\/h2>\n<p>Collection contains 1476 pamphlets bound in 65 volumes covering the period from 1813 to 1908, the collection features speeches, essays, lectures, sermons, and dissertations together with manuscripts, newspapers clippings, political broadsides, and photographs dealing with Mexican politics and government, geography, religion, biography, history, etc. Taken as a whole they provide a first-hand account of the economic, political, and social conditions of 19th century M\u00e9xico. The pamphlets originated primarily from the major publishing centers of the era, namely Aguascalientes, Guadalajara, Guanajuato, Le\u00f3n, M\u00e9xico, Puebla, Quer\u00e9taro, San Luis Potos\u00ed, and Zacatecas. Prominent Mexican authors and historical figures represented in the collection include Jes\u00fas Acal Ilisalituri, Ignacio Davila Garibi, Agust\u00edn Rivera, Alberto Santoscoy, Fortuno Hip\u00f3lito Vera, among others. View the full finding aid and catalog <a href=\"http:\/\/libsysdigi.library.illinois.edu\/oca\/Books2008-02\/catalogueof19thc00mund\/\">here<\/a>.<\/p>\n<h2><a href=\"https:\/\/i-share-uiu.primo.exlibrisgroup.com\/permalink\/01CARLI_UIU\/gpjosq\/alma99759726612205899\" target=\"_blank\" rel=\"noopener noreferrer\">Mundo Deportivo, 1949-1956<\/a><\/h2>\n<p>Complete run between 1949-1956 of the weekly magazine &#8220;Mundo Deportivo&#8221; (Buenos Aires) that covered news, events, programs, advertisement, etc. about Argentinean sport and recreation, and served as a tool for political and cultural propaganda for Juan Domingo Per\u00f3n\u2019s regime. These were the heydays of Argentinean sport, when the country was a leader in developing populist sport programs locally, but also at the Olympic level. The Argentineans led the organization and establishment of the Pan-American Games (first held in Argentina in 1951) and worked closely with Avery Brundage, who at this time was the Chair of the Organization of Pan American sports. the magazine is in overall good condition and can be consulted in room only at IASL.<\/p>\n<h2><a href=\"http:\/\/archives.library.illinois.edu\/archon\/index.php?p=collections\/controlcard&amp;id=2433\" target=\"_blank\" rel=\"noopener noreferrer\">Oscar and Ruth Lewis Papers, 1944-1976<\/a><\/h2>\n<p>Papers of Oscar Lewis, professor of anthropology (1948-70) and Ruth Maslow Lewis, his wife and research associate (1918-2008), includes correspondence, publications, manuscripts, reviews and tapes relating to research in anthropology, American Indians, North Indian villages and culture, the sub-culture of poverty in urban Mexico and Puerto Rico and New York. Includes correspondence, reviews, typescript, galley proofs, and edited tape recordings of personal interviews used as source material for <em>The Children of Sanchez<\/em> (Random House, 1961); reviews and tape recorded interviews used as source material for <em>Pedro Martinez, A Mexican Peasant and his Family<\/em> (Random House, 1964) and the manuscript and galley proofs for <em>La Vida: A Puerto Rican Family in the Culture of Poverty<\/em> &#8211; San Juan and New York (Random House, 1966).<\/p>\n<p><\/div>\n<\/div>\n","protected":false},"excerpt":{"rendered":"<p>Bolivian Pamphlet Collection, 1761-1938 An eclectic collection of 82 historical Bolivian imprints, including speeches, official memoranda, memoirs, educational materials, sermons, and more. Although a few items are hand-written, including the earliest sermon (1761, Oruro, Bolivia) the majority of items come from official presses in Chuquisaca (La Plata\/Sucre) during the immediate post-revolutionary period (1830s-) and deal [&hellip;]<\/p>\n","protected":false},"author":453,"featured_media":0,"parent":93,"menu_order":0,"comment_status":"closed","ping_status":"closed","template":"","meta":{"_acf_changed":false,"footnotes":""},"class_list":["post-96","page","type-page","status-publish","hentry"],"acf":[],"_links":{"self":[{"href":"https:\/\/wordpress.library.illinois.edu\/latin-american\/wp-json\/wp\/v2\/pages\/96","targetHints":{"allow":["GET"]}}],"collection":[{"href":"https:\/\/wordpress.library.illinois.edu\/latin-american\/wp-json\/wp\/v2\/pages"}],"about":[{"href":"https:\/\/wordpress.library.illinois.edu\/latin-american\/wp-json\/wp\/v2\/types\/page"}],"author":[{"embeddable":true,"href":"https:\/\/wordpress.library.illinois.edu\/latin-american\/wp-json\/wp\/v2\/users\/453"}],"replies":[{"embeddable":true,"href":"https:\/\/wordpress.library.illinois.edu\/latin-american\/wp-json\/wp\/v2\/comments?post=96"}],"version-history":[{"count":7,"href":"https:\/\/wordpress.library.illinois.edu\/latin-american\/wp-json\/wp\/v2\/pages\/96\/revisions"}],"predecessor-version":[{"id":195,"href":"https:\/\/wordpress.library.illinois.edu\/latin-american\/wp-json\/wp\/v2\/pages\/96\/revisions\/195"}],"up":[{"embeddable":true,"href":"https:\/\/wordpress.library.illinois.edu\/latin-american\/wp-json\/wp\/v2\/pages\/93"}],"wp:attachment":[{"href":"https:\/\/wordpress.library.illinois.edu\/latin-american\/wp-json\/wp\/v2\/media?parent=96"}],"curies":[{"name":"wp","href":"https:\/\/api.w.org\/{rel}","templated":true}]}}