{"id":106,"date":"2024-10-02T15:20:07","date_gmt":"2024-10-02T15:20:07","guid":{"rendered":"https:\/\/wordpress.library.illinois.edu\/latin-american\/?page_id=106"},"modified":"2024-10-02T15:20:07","modified_gmt":"2024-10-02T15:20:07","slug":"latin-american-associations-organizations","status":"publish","type":"page","link":"https:\/\/wordpress.library.illinois.edu\/latin-american\/latin-american-caribbean-studies\/resources\/latin-american-associations-organizations\/","title":{"rendered":"Latin American Associations &amp; Organizations"},"content":{"rendered":"<div class=\"shortcode sh-grid sh-grid-cols-1 md:sh-grid-cols-12 sh-gap-3\"><div class=\"shortcode sh-col-span-3 sh-pb-3\"><\/div><div class=\"shortcode sh-col-span-9 sh-pb-3\"><\/p>\n<p><strong>\n  <div id=\"ui_lib_panel\" class=\"shortcode sh-w-full !sh-border !sh-border-gray-300 sh-drop-shadow-sm sh-mb-2\">\n    \n    <div class=\"shortcode sh-w-full sh-px-3 sh-py-1.5 sh-bg-neutral-200 !sh-text-black sh-flex sh-justify-between sh-items-center sh-relative\">\n      <div><span class=\"shortcode sh-text-base sh-font-semibold sh-no-underline\">Academic Associations<\/span><\/div>\n      <div>\n        <div class=\"sh-flex sh-flex-col\"> \n          <div><span class=\"shortcode sh-text-xs sh-transition sh-duration-500 sh-ease-in-out sh-bg-neutral-200 !sh-text-black !sh-no-underline ui-lib-coll-pan-id1_label\" > expand <\/span><\/div>\n          <div class=\"sh-flex sh-justify-center -sh-mt-1\"><i class=\"shortcode fa-solid fa-caret-down sh-text-xl sh-font-semibold sh-transition sh-duration-500 sh-ease-in-out sh-bg-neutral-200 !sh-text-black !sh-no-underline ui-lib-coll-pan-id1_arrow\" ><\/i> <\/div>\n        <\/div>\n      <\/div>\n      <button type=\"button\" id=\"ui-lib-coll-pan-id1\" class=\"shortcode sh-absolute sh-top-0 sh-left-0 sh-w-full sh-h-full sh-bg-transparent focus:sh-outline-none focus-visible:sh-ring focus-visible:sh-ring-orange-700\" data-toggle=\"ui_lib_collapse\" data-target=\".ui-lib-coll-pan-id1\" aria-controls=\"ui-lib-coll-pan-id1\" aria-expanded=\"false\" title=\"Academic Associations\"><\/button>\n    <\/div>\n  <div class=\"shortcode sh-text-black sh-block sh-h-auto sh-max-h-0 sh-overflow-hidden sh-transition-max-height sh-duration-500 sh-ease-in-out ui-lib-coll-pan-id1\"  inert>\n      <div class=\"shortcode sh-px-2 sh-py-2\"><\/strong><\/p>\n<p><a href=\"http:\/\/associationlatinamericanart.org\/\" target=\"_blank\" rel=\"noopener\">Association for Latin American Art (ALAA)<\/a><\/p>\n<p><a href=\"http:\/\/www.brasa.org\/\" target=\"_blank\" rel=\"noopener\">Brazilian Studies Association (BRASA)<\/a><\/p>\n<p><a href=\"http:\/\/www.balas.org\/\" target=\"_blank\" rel=\"noopener\">Business Association of Latin American Studies (BALAS)<\/a><\/p>\n<p><a href=\"http:\/\/www.can-latam.org\/\" target=\"_blank\" rel=\"noopener\">Canadian Association for Latin American &amp; Caribbean Studies (CALACS)<\/a><\/p>\n<p><a href=\"http:\/\/www.caribbeanstudiesassociation.org\/\" target=\"_blank\" rel=\"noopener\">Caribbean Studies Association (CSA)<\/a><\/p>\n<p><a href=\"https:\/\/www.uexternado.edu.co\/centro-estudios-latinoamericanos-del-caribe-celac\/\" target=\"_blank\" rel=\"noopener\">Centro de Estudios de Am\u00e9rica Latina y el Caribe (CEALC)<\/a><\/p>\n<p><a href=\"http:\/\/clagscholar.org\/\" target=\"_blank\" rel=\"noopener\">Conference of Latin American Geographers (CLAG)<\/a><\/p>\n<p><a href=\"http:\/\/www.claspprograms.org\/\" target=\"_blank\" rel=\"noopener\">Consortium of Latin American Studies Programs (CLASP)<\/a><\/p>\n<p><a href=\"http:\/\/www.flacso.org\/\" target=\"_blank\" rel=\"noopener\">Facultad Latinoamericana de Ciencias Sociales (FLACSO)<\/a><\/p>\n<p><a href=\"http:\/\/www.famsi.org\/about.htm\" target=\"_blank\" rel=\"noopener\">Foundation for the Advancement of Mesoamerican Studies (FAMSI)<\/a><\/p>\n<p><a href=\"http:\/\/www.vanderbilt.edu\/gsn\/\" target=\"_blank\" rel=\"noopener\">Guatemalan Scholars Network<\/a><\/p>\n<p><a href=\"http:\/\/www.bireme.br\/bvs\/bireme\/I\/homepage.htm\" target=\"_blank\" rel=\"noopener\">Latin American and Caribbean Center on Health Sciences Information (BIREME)<\/a><\/p>\n<p><a href=\"http:\/\/www.clacso.org\/\" target=\"_blank\" rel=\"noopener\">Latin American Council on Social Sciences (CLACSO)<\/a><\/p>\n<p><a href=\"http:\/\/www.lajsa.org\/\" target=\"_blank\" rel=\"noopener\">Latin American Jewish Studies Association (LAJSA)<\/a><\/p>\n<p><a href=\"http:\/\/www.laspau.harvard.edu\/\" target=\"_blank\" rel=\"noopener\">Latin American Scholarship Program of American Universities (LASPAU)<\/a><\/p>\n<p><a href=\"http:\/\/lasa.international.pitt.edu\/\" target=\"_blank\" rel=\"noopener\">Latin American Studies Association (LASA)<\/a><\/p>\n<p><a href=\"http:\/\/www.naccs.org\/naccs\/default.asp\" target=\"_blank\" rel=\"noopener\">National Association of Chicano\/a Studies (NACCS)<\/a><\/p>\n<p><a href=\"http:\/\/community-languages.org.uk\/scs\/\" target=\"_blank\" rel=\"noopener\">Society for Caribbean Studies (SCS)<\/a><\/p>\n<p><a href=\"http:\/\/www.slas.org.uk\/\" target=\"_blank\" rel=\"noopener\">Society for Latin American Studies (SLAS)<\/a><\/p>\n<\/div><\/div><\/div>\n<p><strong>\n  <div id=\"ui_lib_panel\" class=\"shortcode sh-w-full !sh-border !sh-border-gray-300 sh-drop-shadow-sm sh-mb-2\">\n    \n    <div class=\"shortcode sh-w-full sh-px-3 sh-py-1.5 sh-bg-neutral-200 !sh-text-black sh-flex sh-justify-between sh-items-center sh-relative\">\n      <div><span class=\"shortcode sh-text-base sh-font-semibold sh-no-underline\">Library Associations<\/span><\/div>\n      <div>\n        <div class=\"sh-flex sh-flex-col\"> \n          <div><span class=\"shortcode sh-text-xs sh-transition sh-duration-500 sh-ease-in-out sh-bg-neutral-200 !sh-text-black !sh-no-underline ui-lib-coll-pan-id2_label\" > expand <\/span><\/div>\n          <div class=\"sh-flex sh-justify-center -sh-mt-1\"><i class=\"shortcode fa-solid fa-caret-down sh-text-xl sh-font-semibold sh-transition sh-duration-500 sh-ease-in-out sh-bg-neutral-200 !sh-text-black !sh-no-underline ui-lib-coll-pan-id2_arrow\" ><\/i> <\/div>\n        <\/div>\n      <\/div>\n      <button type=\"button\" id=\"ui-lib-coll-pan-id2\" class=\"shortcode sh-absolute sh-top-0 sh-left-0 sh-w-full sh-h-full sh-bg-transparent focus:sh-outline-none focus-visible:sh-ring focus-visible:sh-ring-orange-700\" data-toggle=\"ui_lib_collapse\" data-target=\".ui-lib-coll-pan-id2\" aria-controls=\"ui-lib-coll-pan-id2\" aria-expanded=\"false\" title=\"Library Associations\"><\/button>\n    <\/div>\n  <div class=\"shortcode sh-text-black sh-block sh-h-auto sh-max-h-0 sh-overflow-hidden sh-transition-max-height sh-duration-500 sh-ease-in-out ui-lib-coll-pan-id2\"  inert>\n      <div class=\"shortcode sh-px-2 sh-py-2\"><\/strong><\/p>\n<p><a href=\"http:\/\/www.lib-web.org\/\" target=\"_blank\" rel=\"noopener\">List of Libraries in Latin America (By Country)<\/a><\/p>\n<p><a href=\"http:\/\/acuril.uprrp.edu\/\" target=\"_blank\" rel=\"noopener\">Association of Caribbean University, Research, and Institutional Libraries (ACURIL)<\/a><\/p>\n<p><a href=\"http:\/\/www.abinia.org\/\" target=\"_blank\" rel=\"noopener\">Association of Latin American Libraries (ABINIA)<\/a><\/p>\n<p><a href=\"https:\/\/salalm.org\/\" target=\"_blank\" rel=\"noopener\">Seminar on the Acquisition of Latin American Library Materials (SALALM)<\/a><\/p>\n<\/div><\/div><\/div>\n<p><strong>\n  <div id=\"ui_lib_panel\" class=\"shortcode sh-w-full !sh-border !sh-border-gray-300 sh-drop-shadow-sm sh-mb-2\">\n    \n    <div class=\"shortcode sh-w-full sh-px-3 sh-py-1.5 sh-bg-neutral-200 !sh-text-black sh-flex sh-justify-between sh-items-center sh-relative\">\n      <div><span class=\"shortcode sh-text-base sh-font-semibold sh-no-underline\">Other Associations<\/span><\/div>\n      <div>\n        <div class=\"sh-flex sh-flex-col\"> \n          <div><span class=\"shortcode sh-text-xs sh-transition sh-duration-500 sh-ease-in-out sh-bg-neutral-200 !sh-text-black !sh-no-underline ui-lib-coll-pan-id3_label\" > expand <\/span><\/div>\n          <div class=\"sh-flex sh-justify-center -sh-mt-1\"><i class=\"shortcode fa-solid fa-caret-down sh-text-xl sh-font-semibold sh-transition sh-duration-500 sh-ease-in-out sh-bg-neutral-200 !sh-text-black !sh-no-underline ui-lib-coll-pan-id3_arrow\" ><\/i> <\/div>\n        <\/div>\n      <\/div>\n      <button type=\"button\" id=\"ui-lib-coll-pan-id3\" class=\"shortcode sh-absolute sh-top-0 sh-left-0 sh-w-full sh-h-full sh-bg-transparent focus:sh-outline-none focus-visible:sh-ring focus-visible:sh-ring-orange-700\" data-toggle=\"ui_lib_collapse\" data-target=\".ui-lib-coll-pan-id3\" aria-controls=\"ui-lib-coll-pan-id3\" aria-expanded=\"false\" title=\"Other Associations\"><\/button>\n    <\/div>\n  <div class=\"shortcode sh-text-black sh-block sh-h-auto sh-max-h-0 sh-overflow-hidden sh-transition-max-height sh-duration-500 sh-ease-in-out ui-lib-coll-pan-id3\"  inert>\n      <div class=\"shortcode sh-px-2 sh-py-2\"><\/strong><\/p>\n<p><a href=\"https:\/\/www.internationalpolicy.org\/americas-program\" target=\"_blank\" rel=\"noopener\">Center for International Policy &#8211; Americas<\/a><\/p>\n<p><a href=\"http:\/\/www.csis.org\/americas\/\" target=\"_blank\" rel=\"noopener\">Center for Strategic &amp; International Studies (CSIS) &#8211; Americas Program<\/a><\/p>\n<p><a href=\"http:\/\/counciloftheamericas.org\/\" target=\"_blank\" rel=\"noopener\">Americas Society \/ Council of the Americas<\/a><\/p>\n<p><a href=\"http:\/\/www.iepala.es\/\" target=\"_blank\" rel=\"noopener\">Instituto de Estudios Politicos para America Latina y Africa (IEPALA)<\/a><\/p>\n<p><a href=\"http:\/\/www.thedialogue.org\/\" target=\"_blank\" rel=\"noopener\">Inter-American Dialogue (IAD)<\/a><\/p>\n<p><a href=\"http:\/\/fpif.org\/regions\/latin-america-caribbean\/\" target=\"_blank\" rel=\"noopener\">Foreign Policy in Focus &#8211; Latin America &amp; Caribbean<\/a><\/p>\n<p><a href=\"http:\/\/www.lab.org.uk\/\" target=\"_blank\" rel=\"noopener\">Latin America Bureau (LAB)<\/a><\/p>\n<p><a href=\"https:\/\/nacla.org\/\" target=\"_blank\" rel=\"noopener\">North American Congress on Latin America<\/a><\/p>\n<p><a href=\"http:\/\/www.plataformademocratica.org\/English\/Default.aspx\" target=\"_blank\" rel=\"noopener\">Plataforma Democr\u00e1tica<\/a><\/p>\n<p><a href=\"http:\/\/www.crefal.org\/\" target=\"_blank\" rel=\"noopener\">Centro de Cooperaci\u00f3n Regional para la Educaci\u00f3n de Adultos en Am\u00e9rica Latina y el Caribe (CREFAL)<\/a><\/p>\n<p><a href=\"http:\/\/www.insumisos.com\/\" target=\"_blank\" rel=\"noopener\">Red de Investigadores Latinoamericanos por la Democracia y la Paz<\/a><\/p>\n<p><a href=\"http:\/\/www.wola.org\/\" target=\"_blank\" rel=\"noopener\">Washington Office on Latin America (WOLA)<\/a><\/p>\n<p><a href=\"http:\/\/www.wilsoncenter.org\/program\/latin-american-program\" target=\"_blank\" rel=\"noopener\">Woodrow Wilson International Center for Scholars, Latin American Program<\/a><\/p>\n<\/div><\/div><\/div>\n<p><\/div>\n<\/div>\n","protected":false},"excerpt":{"rendered":"<p>Association for Latin American Art (ALAA) Brazilian Studies Association (BRASA) Business Association of Latin American Studies (BALAS) Canadian Association for Latin American &amp; Caribbean Studies (CALACS) Caribbean Studies Association (CSA) Centro de Estudios de Am\u00e9rica Latina y el Caribe (CEALC) Conference of Latin American Geographers (CLAG) Consortium of Latin American Studies Programs (CLASP) Facultad Latinoamericana [&hellip;]<\/p>\n","protected":false},"author":453,"featured_media":0,"parent":34,"menu_order":0,"comment_status":"closed","ping_status":"closed","template":"","meta":{"_acf_changed":false,"footnotes":""},"class_list":["post-106","page","type-page","status-publish","hentry"],"acf":[],"_links":{"self":[{"href":"https:\/\/wordpress.library.illinois.edu\/latin-american\/wp-json\/wp\/v2\/pages\/106","targetHints":{"allow":["GET"]}}],"collection":[{"href":"https:\/\/wordpress.library.illinois.edu\/latin-american\/wp-json\/wp\/v2\/pages"}],"about":[{"href":"https:\/\/wordpress.library.illinois.edu\/latin-american\/wp-json\/wp\/v2\/types\/page"}],"author":[{"embeddable":true,"href":"https:\/\/wordpress.library.illinois.edu\/latin-american\/wp-json\/wp\/v2\/users\/453"}],"replies":[{"embeddable":true,"href":"https:\/\/wordpress.library.illinois.edu\/latin-american\/wp-json\/wp\/v2\/comments?post=106"}],"version-history":[{"count":1,"href":"https:\/\/wordpress.library.illinois.edu\/latin-american\/wp-json\/wp\/v2\/pages\/106\/revisions"}],"predecessor-version":[{"id":107,"href":"https:\/\/wordpress.library.illinois.edu\/latin-american\/wp-json\/wp\/v2\/pages\/106\/revisions\/107"}],"up":[{"embeddable":true,"href":"https:\/\/wordpress.library.illinois.edu\/latin-american\/wp-json\/wp\/v2\/pages\/34"}],"wp:attachment":[{"href":"https:\/\/wordpress.library.illinois.edu\/latin-american\/wp-json\/wp\/v2\/media?parent=106"}],"curies":[{"name":"wp","href":"https:\/\/api.w.org\/{rel}","templated":true}]}}