{"id":881,"date":"2016-12-22T19:12:11","date_gmt":"2016-12-22T19:12:11","guid":{"rendered":"http:\/\/wordpress.library.illinois.edu\/ias\/?page_id=881"},"modified":"2026-04-01T15:51:22","modified_gmt":"2026-04-01T15:51:22","slug":"turkish_natl","status":"publish","type":"page","link":"https:\/\/wordpress.library.illinois.edu\/ias\/turkish_natl\/","title":{"rendered":"Turkish National Bibliography"},"content":{"rendered":"<ul class=\"nav nav-tabs\">\n<li><a href=\"http:\/\/wordpress.library.illinois.edu\/ias\/spx\/aboutus\/\">About Us<\/a><\/li>\n<li><a href=\"http:\/\/wordpress.library.illinois.edu\/ias\/spx\/collectionhighlights\/\">Collections<\/a><\/li>\n<li><a href=\"http:\/\/wordpress.library.illinois.edu\/ias\/spx\/srs\/\">Slavic Reference Service<\/a><\/li>\n<li><a title=\"Research Guides \" href=\"http:\/\/www.library.uiuc.edu\/ias\/spx\/slavicresearchguides\" target=\"_self\" rel=\"noopener noreferrer\">Research Resources<\/a><\/li>\n<li><a href=\"https:\/\/wordpress.library.illinois.edu\/ias\/visitingscholars\/\">Visiting Scholars<\/a><\/li>\n<li><a href=\"http:\/\/wordpress.library.illinois.edu\/ias\/spx\/conferences\/\">Events and News<\/a><\/li>\n<\/ul>\n<p><a name=\"top\"><\/a>Please note that due to the Ottoman Empire&#8217;s restrictions on printed materials before the 18th century, the record of printed materials in Turkey begins around 1728. The sources on this page are limited primarily to those that describe printed materials. A resource page on manuscript materials is in preparation.<\/p>\n<div class=\"mceTemp\"><span style=\"font-size: 16px\">Table of Contents<\/span>&nbsp;<\/p>\n<ul>\n<li><a title=\"Bibliography\" href=\"#biblio\">Bibliography<\/a><\/li>\n<li><a title=\"Searching in the Turkish National Library OPAC\" href=\"#turkcat\">Searching in the Turkish National Library OPAC (Online Public Access Catalog)<\/a><\/li>\n<\/ul>\n<p>&nbsp;<\/p>\n<h2>Bibliography<\/h2>\n<h3>Eski harfli T\u00fcrk\u00e7e basma eserler bibliografyasi 1584-1986.<br \/>\nThe bibliography of Turkish works printed in non-Latin (Arabic, Armenian and Greek characters) 1584-1986 CD.<\/h3>\n<ul>\n<li>Publication: Milli K\u00fct\u00fcphane (Turkey); N\u00fcvis Beseri Arastirmalar ve Yayincilik Ltd. Sti. 2001<\/li>\n<li>OCLC: 49790744<\/li>\n<\/ul>\n<p>Eski Harfli Basma T\u00fcrk\u00e7e Eserler Bibliyografyasi is prepared by N\u00fcvis Beseri Ara\u00fetirmalar ve Yayincilik Ltd. Sti. for National Library of Turkey. The bibliography includes 50,760 bibliographical records for Turkish printed materials published between 1584-1986 in Arabic, Armenian and Greek characters.<\/p>\n<p>The work was compiled in two stages. Apart from previously published bibliographies on the subject a wide range of archives was also examined, primarily from the major library collections such as the National Library of Turkey. The titles of the bibliographic sources and the abbreviations used in these bibliographies can be accessed by clicking the help button.<\/p>\n<p>The search interface, pictured below, is fairly intuitive for the researcher. A user manual is available online. Searches are available in English and Turkish. There is a direct link to records in the Turkish National Library. There are also provisions for various date formats.<\/p>\n<div class=\"mceTemp\"><a href=\"#top\">Return to Top<\/a><\/p>\n<h3>Istanbul Universitesi K\u00fct\u00fcphanesi T\u00fcrk\u00e7e basmalar alfabe katalogu: memleketimizde ilk T\u00fcrk matbaasinin kurulusundan yeni harflerin kabul\u00fcne kadar (1729-1928)<\/h3>\n<ul>\n<li>Publication: Fehmi Edhem Karatay, 1956<\/li>\n<li>UIUC: Main Stacks 017.1561 Is71v.1; 017.1561 Is71v.2<\/li>\n<\/ul>\n<p>This alphabetical catalog, published by Istanbul Technical University, is comprised of Turkish printed materials published between 1729 (the year the first printing house was established in the Ottoman Empire) and 1928 (the year of the language revolution\/reform &#8211; <em>dil devrimi<\/em> ). The catalog consists of Turkish and foreign materials housed in Istanbul Technical University Library and books and catalogues about Turkish literature published in Europe.<\/p>\n<p>The catalog is arranged alphabetically by author. Entries with no indication of author are arranged by translator.<\/p>\n<p>The bibliography includes two indexes:<\/p>\n<ul>\n<li><strong>Title index.<\/strong> Titles are arranged in alphabetical order in Arabic Script<\/li>\n<li><strong>Subject index.<\/strong> The subjects are arranged alphabetically. These include: anonymous folk tales, periodicals, newspapers, statistics, constitutions, field manuals, annuals, calendars.\n<div class=\"mceTemp\"><\/div>\n<\/li>\n<\/ul>\n<p><a href=\"#top\">Return to Top<\/a><\/p>\n<h3>Bibliyografya Enstit\u00fcs\u00fc yay \u0131nlar\u0131; Turkey. 1952-2002.<\/h3>\n<ul>\n<li>Language: Turkish<\/li>\n<li>Call Number: 059.43 AN<\/li>\n<li>UIUC: 1952-1976<\/li>\n<li>URL:<a href=\"http:\/\/www.turkis.org.tr\/dosya\/VPBVMQ0XcDBV.pdf\">\u00a0http:\/\/www.turkis.org.tr\/dosya\/VPBVMQ0XcDBV.pdf<\/a><\/li>\n<\/ul>\n<p>As with most national bibliographies, this source has evolved from its earliest publication until today. The materials, their arrangement and their access, have all changed over the years. For a table showing these changes see the table at <a href=\"http:\/\/www.library.illinois.edu\/spx\/ALIAS\/TurkishNatBibTable.html\">http:\/\/www.library.illinois.edu\/spx\/ALIAS\/TurkishNatBibTable.html<\/a>.<\/p>\n<p>For those who need to use this source in detail the table will be extremely valuable.<\/p>\n<p>The National Bibliography of Turkey includes all publications issued in Turkey, in Turkish and foreign languages, by Turkish and foreign authors. It was published by the Ministry of Education until 1954. Since 1954, it has been published by the Turkish National Library.<\/p>\n<p>UIUC library has the printed &#8220;National Bibliography of Turkey&#8221; volumes from 1928 to 1976.<\/p>\n<p>As with most national bibliographies, this source has undergone an evolution from its earliest publication until today.<\/p>\n<p>The National Bibliography of Turkey, for 1928 to 1938, is comprised of 2 volumes:<\/p>\n<ul>\n<li><strong>Volume I<\/strong>&#8211; Resmi Nesriyat (Official Publications)\n<ul>\n<li>contains author and title indexes.<\/li>\n<li>has 7445 entries.<\/li>\n<\/ul>\n<\/li>\n<li><strong>Volume II<\/strong>&#8211; Hususi Nesriyat (Private Publications)\n<ul>\n<li>contains only an author index.<\/li>\n<li>has 8618 entries on the subjects listed below:\n<ul>\n<li>0 &#8211; Umumiyat\/General<\/li>\n<li>1 &#8211; Felsefe\/Philosophy<\/li>\n<li>2 &#8211; Dinler\/Religions<\/li>\n<li>3 &#8211; Sosyal ilimler\/Social sciences<\/li>\n<li>4 &#8211; Filoloji\/Philology<\/li>\n<li>5 &#8211; Tatbiki ilimler\/Applied sciences<\/li>\n<li>6 &#8211; Guzel Sanatlar\/Fine Arts<\/li>\n<li>7 &#8211; Edebiyat\/Literature<\/li>\n<li>8 &#8211; Tarih\/History<\/li>\n<\/ul>\n<\/li>\n<\/ul>\n<\/li>\n<\/ul>\n<p>The entries shown above are typical of the information provided in the bibliography. Note that the second entry provides information on an excerpt from a larger publication.<\/p>\n<p>In both volumes, entries are arranged alphabetically by author within each subject section.<br \/>\nEntries without an author are arranged by title.<\/p>\n<div class=\"mceTemp\"><a style=\"font-size: 16px\" href=\"#top\">Return to Top<\/a><\/p>\n<h3>Tu\u0308rkiye bibliyografyasi 1939-1948<\/h3>\n<ul>\n<li>UIUC Main Stacks Call Number: 015.56 T8473<\/li>\n<\/ul>\n<p>The National Bibliography of Turkey, for 1939 to 1948, is comprised of 3 volumes:<\/p>\n<ul>\n<li>Volume I\n<ul>\n<li>0 &#8211; Umumiyat\/General<\/li>\n<li>1 &#8211; Felsefe\/Philosophy<\/li>\n<li>2 &#8211; Dinler\/Religions<\/li>\n<li>3 &#8211; Sosyal ilimler\/Social sciences<\/li>\n<li>4 &#8211; Filoloji\/Philology<\/li>\n<\/ul>\n<\/li>\n<\/ul>\n<ul>\n<li>Volume II\n<ul>\n<li>5 &#8211; Nazari ilimler\/Theoretical sciences<\/li>\n<li>6 &#8211; Tatbiki ilimler\/Applied sciences<\/li>\n<li>7 &#8211; Guzel Sanatlar\/Fine Arts<\/li>\n<li>8 &#8211; Edebiyat\/Literature<\/li>\n<li>9 &#8211; Tarih, Cografya, Biyografya\/History, Geography, Biography, -risaleler\/Brochures, -yabanci dillerde yayinlar\/publications in foreign languages<\/li>\n<\/ul>\n<\/li>\n<li>Volume III &#8211; Indexes\n<ul>\n<li>&#8211; by authors, translators<\/li>\n<li>&#8211; by corporate authors<\/li>\n<li>&#8211; by title<\/li>\n<li>&#8211; by periodicals (newspapers, journals, annuals, almanacs, and calendars)<\/li>\n<li>&#8211; by maps, atlases, plans<\/li>\n<\/ul>\n<\/li>\n<\/ul>\n<p>In general, the bibliography is arranged according to the Dewey Decimal Classification rules.<\/p>\n<p>However, some changes were made to the Dewey classifications to accommodate works on Turkish philology and Turkish literature. Entries are arranged chronologically\/alphabetically within each subject section.<\/p>\n<p>Indexes are arranged alphabetically. Titles starting with numbers are arranged alphabetically.<\/p>\n<p>&nbsp;<\/p>\n<h3>Tu\u0308rkiye bibliyog\u0306rafyas\u0131 \/ Tu\u0308rkiye Cumuriyeti Ku\u0308ltu\u0308r Bakanl\u0131g\u0306\u0131, Basma Yaz\u0131 ve Resimleri Derleme Direkto\u0308rlu\u0308g\u0306u\u0308 1939-1976<\/h3>\n<ul>\n<li>UIUC Main Stacks Call Number: 015.56 T847<\/li>\n<\/ul>\n<p>Titles starting with numbers are listed alphabetically in Turkish. Off-prints are included.<\/p>\n<p>The following entry is for an extract from a larger work. There are many such entries included in the bibliography.<\/p>\n<p>The example is extracted from Turkiye Bibliyografyasi, Subat 1944 (Bibliography of Turkey, February 1944).<\/p>\n<p>Beginning in 1953, the periodicals have been listed in subject sections and also in a separate index. Earlier, they were listed in a &#8220;general&#8221; section and in their subject sections. The inclusion of the separate periodical index after 1953 greatly facilitated the identification of periodicals.<\/p>\n<p>Starting in 1959, the Dewey Decimal System has been described in the preface as the cataloguing system used by the National Library.<\/p>\n<p><a style=\"font-size: 16px\" href=\"#top\">Return to Top<\/a><\/p>\n<h3>From 1976<\/h3>\n<p>The University of Illinois lacks the printed volumes issued after 1976. However, there was no gap in the continuing publication of the bibliography.<\/p>\n<p>The catalog continues to be issued and is now available in electronic form. The National Biblography has been produced in CD format monthly since 2003. An annual compilation and index are also being issued. The CD allows for both English and Turkish language searching.<\/p>\n<p>There are a number of search options available and the interface is really self-explanatory. There are five access points in the bibliography: title, author, publisher, series and subject. Search results can be displayed in a number of different formats.<\/p>\n<div class=\"mceTemp\"><a style=\"font-size: 16px\" href=\"#top\">Return to Top<\/a><a name=\"turkcat\"><\/a><\/p>\n<h2>Searching in the Turkish National Library OPAC<\/h2>\n<p>The online catalog site is still under construction though it is quite searchable at most times. At present, descriptive information of the contents of the catalog is not available. In 2003 the OPAC contained over 650,000 records from the collection of over 1,026,689 items. There is a separate catalog at the website for the library&#8217;s extensive manuscript collection.<\/p>\n<p>A number of databases are available from the library&#8217;s main page including a database of articles, another for manuscripts and still another for ebooks (the latter for affiliated users only)<\/p>\n<p>To access the OPAC click &#8220;Online Taramalar.&#8221;<\/p>\n<p>There are several catalogs available at this site:<\/p>\n<ul>\n<li><strong>Katalog Tarama<\/strong> &#8211; General catalog of books and periodicals<\/li>\n<li><strong>Makale Tarama<\/strong> &#8211; Article citations (1995-)<\/li>\n<li><strong>Turkiye Yazmalari Katalogu<\/strong> &#8211; Turkish manuscript catalog<\/li>\n<li><strong>Ebrary Elektronik Kitap<\/strong> &#8211; Ebooks (affiliated users only)<\/li>\n<\/ul>\n<h3><\/h3>\n<h3>Katalog Tarama (catalog search)<\/h3>\n<p>Both the English and Turkish interfaces offer a variety of search options. However, there are some differences between the two that should be noted.<\/p>\n<p>Initially the user is given a choice of languages for the interface as well as a choice of languge for the records.<\/p>\n<p>The English interface is clear and very simple to navigate. \u00a0The &#8220;Multi-base Search&#8221; allows the user to look for materials at selected institutions outside of Turkey.<\/p>\n<p>The search options in Turkish and English vary. Both languages allow for Basic and Advanced Searches. These two options include: title words, exact title, author, subject, publisher, ISSN\/ISBN, call number, or system number. Searches can be limited to date, language, format or location. The table below shows the most important distinctions between the English and Turkish interfaces.<\/p>\n<h3>Alfabetik Arama (alphabetical search) [Under construction as of 2007-07-07]<\/h3>\n<p>Searching can be limited with various indexes including:<\/p>\n<ul>\n<li>Baslik Baslangici (by title)<\/li>\n<li>Yazar Baslangici (by author)<\/li>\n<li>Konu Baslangici (by subject)<\/li>\n<li>\u00c7ocuk Konulari (children&#8217;s literature)<\/li>\n<li>Dizi Baslangici (by serial title)<\/li>\n<li>Yayinci Baslangici (by publisher)<\/li>\n<li>Yeni Kayitlar (new entered records)<\/li>\n<\/ul>\n<p>&nbsp;<\/p>\n<h3>Birlik katalogu (alphabetical search of the Union Catalog)<\/h3>\n<p>The Union Catalog search can be extremely useful for those planning research trips to Turkey.<\/p>\n<p>It should be noted that their web catalog, as of July 2007, was still being developed and undergoing a number of changes.<\/p>\n<p><a style=\"font-size: 16px\" href=\"#top\">Return to Top<\/a><\/p>\n<\/div>\n<\/div>\n<\/div>\n<\/div>\n","protected":false},"excerpt":{"rendered":"<p>About Us Collections Slavic Reference Service Research Resources Visiting Scholars Events and News Please note that due to the Ottoman Empire&#8217;s restrictions on printed materials before the 18th century, the record of printed materials in Turkey begins around 1728. The sources on this page are limited primarily to those that describe printed materials. A resource [&hellip;]<\/p>\n","protected":false},"author":28,"featured_media":0,"parent":0,"menu_order":0,"comment_status":"closed","ping_status":"closed","template":"","meta":{"_acf_changed":false,"footnotes":""},"class_list":["post-881","page","type-page","status-publish","hentry"],"acf":[],"_links":{"self":[{"href":"https:\/\/wordpress.library.illinois.edu\/ias\/wp-json\/wp\/v2\/pages\/881","targetHints":{"allow":["GET"]}}],"collection":[{"href":"https:\/\/wordpress.library.illinois.edu\/ias\/wp-json\/wp\/v2\/pages"}],"about":[{"href":"https:\/\/wordpress.library.illinois.edu\/ias\/wp-json\/wp\/v2\/types\/page"}],"author":[{"embeddable":true,"href":"https:\/\/wordpress.library.illinois.edu\/ias\/wp-json\/wp\/v2\/users\/28"}],"replies":[{"embeddable":true,"href":"https:\/\/wordpress.library.illinois.edu\/ias\/wp-json\/wp\/v2\/comments?post=881"}],"version-history":[{"count":15,"href":"https:\/\/wordpress.library.illinois.edu\/ias\/wp-json\/wp\/v2\/pages\/881\/revisions"}],"predecessor-version":[{"id":15202,"href":"https:\/\/wordpress.library.illinois.edu\/ias\/wp-json\/wp\/v2\/pages\/881\/revisions\/15202"}],"wp:attachment":[{"href":"https:\/\/wordpress.library.illinois.edu\/ias\/wp-json\/wp\/v2\/media?parent=881"}],"curies":[{"name":"wp","href":"https:\/\/api.w.org\/{rel}","templated":true}]}}