{"id":1479,"date":"2016-12-29T01:47:24","date_gmt":"2016-12-29T01:47:24","guid":{"rendered":"http:\/\/wordpress.library.illinois.edu\/ias\/?page_id=1479"},"modified":"2026-04-01T18:00:02","modified_gmt":"2026-04-01T18:00:02","slug":"historical_stats","status":"publish","type":"page","link":"https:\/\/wordpress.library.illinois.edu\/ias\/historical_stats\/","title":{"rendered":"Historical Sources for Turkish Statistics"},"content":{"rendered":"<h2><strong>Tarihi Istatistikler Dizisi<br \/>\nHistorical Statistics Series<\/strong><\/h2>\n<p>In Historical Statistics Series, published by State Institute of Statistics, there are some population estimates for the Pre-Ottoman period, population of Ottoman vilayets, population estimates of Ottoman city centers and religious distribution of the population, population estimates of some Anatolian cities, religious components of the population and growth of the population according to official statistics. In addition, there are Ottoman foreign trade in the 19th century, industrial census of 1913-1915, selected pages from the original volume of the 1897 Statistical Yearbook, information of mass education from the proclamation of the Tanzimat Edict to the declaration of the Republic. In Series of Official Statistics with Questions; there are explanations to common questions of the users about labor force, employment and unemployment, foreign trade, price indices and inflation, purchasing power parity, agriculture, consumption expenditures, poverty and income distribution, short term business statistics. (TurkStat Data Access and Publication Catalogue 2009, p.16 )<\/p>\n<p>You should know&#8230;<\/p>\n<ul>\n<li>Various subjects in each volume, such as foreign trade, population, agriculture, industry, education, and finance.<\/li>\n<li>All the volumes are in Turkish, but a summary in English is provided for each volume.<\/li>\n<li>Contents and the lists of tables are also provided in English.<\/li>\n<li>On this series, there is a review article that was written by Samime Inceoglu and published in Turkiye Arastirmalari Literatur Dergisi (Turkish Studies Review), volume 1, issue 1, 2003. This review, titled as &#8220;Bir Iktisat Tarihi Kaynagi Olarak Istatistikler ve DIE Tarihi Istatistikler Dizisi&#8221; , includes a volume &#8220;Osmanli Imparatorlugu&#8217;nda Ilk Nufus Sayimi 1831&#8221; by Enver Ziya Karal that was published in 1997. However, this publication was NOT published as a volume in the Historical Statistics Series. (Verified with Prof. Dr. Sevket Pamuk)<\/li>\n<\/ul>\n<h3>19. y\u00fczyilda Osmanli dis ticareti<br \/>\nOttoman foreign trade in the 19th century (with a summary in English)<\/h3>\n<ul>\n<li>Author: Pamuk, Sevket.<\/li>\n<li>Publication Date: 1995<\/li>\n<li>Publication: Ankara: T.C. Basbakanlik Devlet Istatistik Enstit\u00fcs\u00fc<\/li>\n<li>OCLC: 34049577<\/li>\n<\/ul>\n<p>This volume aims to present the compiled data regarding Ottoman foreign trade in the 19th century. Both published Ottoman statistics and other sources that include the mistakes and errors in these statistics are presented with detailed tables. (Translated from <a href=\"http:\/\/web.bilkent.edu.tr\/mirrors\/www.die.gov.tr\/TURKISH\/yayink.html#OSMANLI\">http:\/\/web.bilkent.edu.tr\/mirrors\/www.die.gov.tr\/TURKISH\/yayink.html#OSMANLI<\/a>)<\/p>\n<p>Chapters are:<\/p>\n<ol>\n<li>The Content and Coverage of Ottoman Foreign Trade Statistics<\/li>\n<li>The Problems and Limitations of Ottoman Foreign Trade Statistics<\/li>\n<li>A Re-Construction of Ottoman Foreign Trade, 1830-1913<\/li>\n<li>General Trends in 19 <sup>th<\/sup> Century Ottoman Foreign Trade<\/li>\n<li>Sub-Periods in 19 <sup>th<\/sup> Century Ottoman Foreign Trade<\/li>\n<li>Commodity Composition of Ottoman Foreign Trade<\/li>\n<li>Country Distribution of Ottoman Foreign Trade.<\/li>\n<\/ol>\n<p><span class=\" fa fa-file-pdf-o\" aria-hidden=\"true\"><\/span> <a href=\"http:\/\/wordpress.library.illinois.edu\/ias\/wp-content\/uploads\/sites\/20\/2016\/12\/Historical_Statistics_Series_Vol_1.pdf\">PDF of contents and front matter<\/a><\/p>\n<h3>Osmanli Imparatorlugu&#8217;nun ve T\u00fcrkiye&#8217;nin n\u00fcfusu, 1500-1927<br \/>\nThe Population and Ottoman Empire and Turkey, 1500-1927.<\/h3>\n<ul>\n<li>Author:\u00a0Behar, Cem.<\/li>\n<li>Publication Date: 1996<\/li>\n<li>Publication: Ankara: T.C. Basbakanlik Devlet Istatistik Enstit\u00fcs\u00fc<\/li>\n<li>OCLC: 35680058<\/li>\n<\/ul>\n<p>In this volume, various demographic data and estimates are compiled to determine the growth, volume, and evolution of the population of the Ottoman Empire (especially the part that is currently in Turkish Republic frontiers).<\/p>\n<p>There are four chapters included:<\/p>\n<ol>\n<li>\u00a0The Sixteenth and Seventeenth: The Beginning of the Ottoman Empire and the Classical Age<\/li>\n<li>\u00a0The Nineteenth Century: The Age of the Censuses<\/li>\n<li>\u00a0From Empire to Republic<\/li>\n<li>\u00a0Istanbul (Istanbul, as the capital city of the Ottoman Empire, the biggest (population-wise) city of the Turkish Republic and a pioneer city for the Islamic countries, was given a special interest in terms of demographic indicators in modernization.)<\/li>\n<\/ol>\n<p><span class=\" fa fa-file-pdf-o\" aria-hidden=\"true\"><\/span> <a href=\"http:\/\/wordpress.library.illinois.edu\/ias\/wp-content\/uploads\/sites\/20\/2016\/12\/Historical_Statistics_Series_Vol_2.pdf\">PDF of contents and front matter<\/a><\/p>\n<h3>Osmanli d\u00f6nemi tarim istatistikleri 1909, 1913 ve 1914<br \/>\nAgricultural statistics of Turkey during the Ottoman period 1909, 1913 and 1914.<\/h3>\n<ul>\n<li>Author:\u00a0G\u00fcran, Tevfik.<\/li>\n<li>Publication Date: 1997<\/li>\n<li>Publication: Ankara: T.C. Basbakanlik Devlet Istatistik Enstit\u00fcs\u00fc<\/li>\n<li>OCLC: 37593373<\/li>\n<\/ul>\n<p>This volume presents for the first time in modern Turkish the detailed results of the Ottoman Agricultural Censuses of 1909, 1913 and 1914 for the areas within the present day borders of Turkey.<\/p>\n<ol>\n<li>There are five chapters included:<\/li>\n<li>Agriculture in 20 th century Turkey.<\/li>\n<li>Agricultural Censuses in Ottoman during the Ottoman Period.<\/li>\n<li>The Agricultural Census of 1909, The Area Covered by the Census 1909.<\/li>\n<li>The Agricultural Census of 1913, The Area Covered by the Census 1913.<\/li>\n<\/ol>\n<p>The Agricultural Census of 1914, The Area Covered by the Census 1914.<\/p>\n<p>Chapters I and II of this volume provide a summary of the results of these censuses and compare them with the basic trends of agricultural development in Turkey during the twentieth century.<\/p>\n<p>Chapters III, IV, and V present detailed results of the Ottoman Censuses of 1909, 1913, an 1914 respectively.<\/p>\n<p><span class=\" fa fa-file-pdf-o\" aria-hidden=\"true\"><\/span>\u00a0<a href=\"http:\/\/wordpress.library.illinois.edu\/ias\/wp-content\/uploads\/sites\/20\/2016\/12\/Historical_Statistics_Series_Vol_3.pdf\"> PDF of contents and front matter<\/a><\/p>\n<h3>Osmanli sanayii, 1913, 1915 yillari sanayi istatistiki<br \/>\nOttoman industry industrial census of 1913, 1915<\/h3>\n<ul>\n<li>Author:\u00a0\u00d6k\u00e7\u00fcn, G\u00fcnd\u00fcz A.<\/li>\n<li>Publication Date: 1997<\/li>\n<li>Publication: Ankara: T.C. Basbakanlik Devlet Istatistik Enstit\u00fcs\u00fc<\/li>\n<li>OCLC: 37593503<\/li>\n<\/ul>\n<p>The Ottoman Ministry of Commerce and Agriculture conducted and Industrial Census for the years 1913 and 1915 which covered the province of Istanbul as well as the cities of Izmir, Manisa, Bursa, Izmit, Karamursel, Bandirma and Usak. This Ottoman Industrial Census volume first published in 1917 was later edited by A. Gunduz Okcun and published in modern Turkish in 1970. The present volume is the most current edition of this publication by Okcun, added to the series.<\/p>\n<p>This volume presents statistical data of the Industrial Census in eight groups:<\/p>\n<ol>\n<li>Food Industry<\/li>\n<li>Soil Products Industry<\/li>\n<li>Leather Industry<\/li>\n<li>Wood Industry<\/li>\n<li>Textile Industry<\/li>\n<li>Paper Products Industry<\/li>\n<li>Chemical Industry<\/li>\n<li>Metal Goods Industry<\/li>\n<\/ol>\n<p><span class=\" fa fa-file-pdf-o\" aria-hidden=\"true\"><\/span>\u00a0<a href=\"http:\/\/wordpress.library.illinois.edu\/ias\/wp-content\/uploads\/sites\/20\/2016\/12\/Historical_Statistics_Series_Vol_4.pdf\">PDF of contents and front matter<\/a><\/p>\n<h3>Osmanli Devleti&#8217;nin ilk istatistik yilligi, 1897<br \/>\nThe first statistical yearbook of the Ottoman Empire<\/h3>\n<ul>\n<li>Author: G\u00fcran, Tevfik<\/li>\n<li>Publication Date: 1997<\/li>\n<li>PublicationAnkara: T.C. Basbakanlik Devlet Istatistik Enstit\u00fcs\u00fc<\/li>\n<li>OCLC: 37888418<\/li>\n<\/ul>\n<p>This fifth volume of the Historical Statistics Series the transliterated edition of the first and only general statistical yearbook of the Ottoman Empire prepared exactly one century ago, for the fiscal year 1313\/1897 by the General Statistics Administration of the Ministry of Commerce and Public Works.<\/p>\n<p>The present volume presents statistics on a broad range of areas in 28 chapters. In most cases, the data are presented by years and provinces. A large part of the statistical series presented in the volume is for the fiscal year 1313 which began on March 13, 1897 and ended on March 12, 1898.<\/p>\n<p>Chapter titles as follows: Administrative Division, Population, Institutions of Social Assistance, Health, Justice, Education, Libraries and Antiques, Military Education, Other Institutions of Education, Agriculture, State Revenues and Expenditures, Mining, Forests and Forestry, Public Finance and Debts, Foreign Trade, Tax Duties Administration, Money and Medals, Various Revenues, Salt and Salt Mines, Silk and Silk Production, Public Debt Administration, Agricultural Bank and Security Fund, Tobacco Administration, Industry, Finance, Utilities: Gas and Water, Sea and Land Transportation, and Communication.<\/p>\n<p><span class=\" fa fa-file-pdf-o\" aria-hidden=\"true\"><\/span>\u00a0<a href=\"http:\/\/wordpress.library.illinois.edu\/ias\/wp-content\/uploads\/sites\/20\/2016\/12\/Historical_Statistics_Series_Vol_5.pdf\">PDF of contents and front matter<\/a><\/p>\n<h3>Tanzimat&#8217;tan Cumhuriyet&#8217;e modernlesme s\u00fcrecinde egitim istatistikleri, 1839-1924<br \/>\nEducation statistics in modernization from the Tanzimat to the Republic, 1839-1924<\/h3>\n<ul>\n<li>Author: Alkan, Mehmet \u00d6.<\/li>\n<li>Publication Date: 2000<\/li>\n<li>Publication: Ankara: T.C. Basbakanlik Devlet Istatistik Enstit\u00fcs\u00fc<\/li>\n<li>OCLC: 46517386<\/li>\n<\/ul>\n<p>This volume presents the education statistics in modernization from 1839 (the Tanzimat Edict) to 1924 (the Turkish Republic). At the beginning of the volume a brief history of the corresponding time period is given in order to explain the data related to education. This study consists of six chapters:<\/p>\n<ol>\n<li>Education Statistics for the years 1854, 1863, 1873, 1883.<\/li>\n<li>Education Statistics for the years 1894-1895.<\/li>\n<li>Education Statistics in the Yearbooks Education for the years 1901 and 1903.<\/li>\n<li>Statistics of Education for the Schools Years 1905-1908.<\/li>\n<li>Statistics of Education for the years 1913-1914.<\/li>\n<li>Statistics of Education for the years 1923-1924.<\/li>\n<\/ol>\n<p><span class=\" fa fa-file-pdf-o\" aria-hidden=\"true\"><\/span>\u00a0<a href=\"http:\/\/wordpress.library.illinois.edu\/ias\/wp-content\/uploads\/sites\/20\/2016\/12\/Historical_Statistics_Series_Vol_6.pdf\">PDF of contents and front matter<\/a><\/p>\n<h3>Osmanli devletinde bilgi ve istatistik<br \/>\nData and statistics in the Ottoman Empire<\/h3>\n<ul>\n<li>Authors: Inalcik, Halil and Pamuk, Sevket<\/li>\n<li>Publication Date: 2000<\/li>\n<li>Publication: Ankara: T.C. Basbakanlik Devlet Istatistik Enstit\u00fcs\u00fc<\/li>\n<li>OCLC: 46760564<\/li>\n<\/ul>\n<p>This un-numbered volume brings together recent studies on Ottoman data collection, book-keeping and statistics gathering form the 16 th through the 19 th centuries up to World War I. The individual chapters of this volume are arranged in chronological order. Hence, the first four contributions listed below focus on data collection and book-keeping in earlier era through the 18 th century while the rest examine the modern statistical efforts of the 19 th and early 20 th centuries:<\/p>\n<p>Chapters as follows:<\/p>\n<ol>\n<li>Halil Inalcik, &#8220;Did the Ottomans use statistical methodology?&#8221;<\/li>\n<li>Mehmet Oz, &#8220;Quantitative data in the Ottoman tahrir (census) records&#8221;<\/li>\n<li>Oktay Ozel, &#8221; Avariz and cizye records&#8221;<\/li>\n<li>Sevket Pamuk, &#8220;Data on consumer prices and wages in Ottoman cities&#8221;<\/li>\n<li>Cem Behar, &#8220;Ottoman population statistics and modernization after 1831&#8221;<\/li>\n<li>Zafer Toprak, &#8220;Quantification in the Ottoman state or the birth of modern statistics&#8221;<\/li>\n<li>Sevket Pamuk, &#8220;Nineteenth century Ottoman foreign trade statistics&#8221;<\/li>\n<li>Mehmet Alkan, &#8220;Education and education statistics in the Ottoman Empire, 1839-1914&#8221;<\/li>\n<li>Selcuk Aksin Somel, &#8220;The Istanbul Cnesus dated 1301 Rumi (1885 A.D.)&#8221;<\/li>\n<li>Tevfik Guran, &#8220;The first Ottoman statistical yearbook dated 1897&#8221;<\/li>\n<li>Tevfik Guran, &#8220;Nineteenth century temettuat (revenue) censuses&#8221;<\/li>\n<\/ol>\n<p><span class=\" fa fa-file-pdf-o\" aria-hidden=\"true\"><\/span>\u00a0<a href=\"http:\/\/wordpress.library.illinois.edu\/ias\/wp-content\/uploads\/sites\/20\/2016\/12\/Historical_Statistics_Series_Data_and_Statistics_in_the_Ottoman_Empire.pdf\">PDF of contents and front matter<\/a><\/p>\n<h3>Istanbul ve Diger Kentlerde 500 Yillik Fiyatlar ve Ucretler, 1469-1998<br \/>\n500 Years of Prices and Wages in Istanbul and Other Cities, 1469-1998<\/h3>\n<ul>\n<li>Author: Pamuk, Sevket<\/li>\n<li>Publication Date: 2000<\/li>\n<li>Publication: Ankara: T.C. Basbakanlik Devlet Istatistik Enstit\u00fcs\u00fc<\/li>\n<li>OCLC: 46760555<\/li>\n<\/ul>\n<p>Utilizing a large volume of archival documents, this volume establishes for the first time, the long-trends in consumer prices and wages of skilled and unskilled construction workers in Istanbul and more generally around the Eastern Mediterannean from the second half of the fifteenth century until World War I. The study consists of 6 chapters:<\/p>\n<ol>\n<li>Consumer Prices in Istanbul, 1469-1998 tr26<\/li>\n<li>More Detailed Information About the Consumer Price Indices for Istanbul<\/li>\n<li>Prices in Other Cities, 1489-1998<\/li>\n<li>Wages in Istanbul, 1489-1922<\/li>\n<li>Wages in Other Cities, 1489-1996<\/li>\n<li>Comparisions with European Cities and Countries, 1450-1992<\/li>\n<\/ol>\n<p><span class=\" fa fa-file-pdf-o\" aria-hidden=\"true\"><\/span>\u00a0<a href=\"http:\/\/wordpress.library.illinois.edu\/ias\/wp-content\/uploads\/sites\/20\/2016\/12\/Historical_Statistics_Series_Vol_7.pdf\">PDF of contents and front matter<\/a><\/p>\n<p><img loading=\"lazy\" decoding=\"async\" class=\"aligncenter size-full wp-image-1498\" src=\"http:\/\/wordpress.library.illinois.edu\/ias\/wp-content\/uploads\/sites\/20\/2016\/12\/oldcover2.jpg\" alt=\"oldcover2\" width=\"380\" height=\"24\" srcset=\"https:\/\/wordpress.library.illinois.edu\/ias\/wp-content\/uploads\/sites\/20\/2016\/12\/oldcover2.jpg 380w, https:\/\/wordpress.library.illinois.edu\/ias\/wp-content\/uploads\/sites\/20\/2016\/12\/oldcover2-300x19.jpg 300w\" sizes=\"auto, (max-width: 380px) 100vw, 380px\" \/><\/p>\n<h2><strong>Bibliographic Sources<\/strong><\/h2>\n<h3>Naselenieto na Turtsiia Bulgariia priez XVIII i XIX vekovete; bibliografisko-statistichni izsliedvaniia<br \/>\nLa population de la Turquie et de la Bulgarie au XVIIIe et XIXe s.; recherches bibliographico-statistiques<br \/>\nThe Population of Turkey and Bulgaria in the 18 th and 19 th centuries: Bibliographico-statistical studies<\/h3>\n<ul>\n<li>OCLC: 84480576<\/li>\n<\/ul>\n<p>This 5-volume catalog by Nikola Mikhov (1877-1962) was published by Tsarska pridvorna pechatnitsa in Sofia in 1915-1968. Each volume contains indexes of personal names and geographic and ethnographic terms. The primary focus of each volume is on works in a particular language or group of languages. The first three volumes,for example, consist mainly of citations to French and German sources, while volume IV focuses more heavily on English-language sources. Volume V consists entirely of Russian-language sources. A sixth volume, intended to index additional Russian-language sources, was never published. Mikhov compiled his bibliographies based on the collections of Bulgarian and Western European libraries, including the Bulgarian National Library, the National Library of France, the British Library, and major German libraries.<\/p>\n<p>Many of the entries are annotated and some of the annotations include long passages reproduced from the original sources. Entries are organized alphabetically by main entry. Both books and articles are indexed. The total number of entries in all five volumes is slightly more than 3000.<\/p>\n<p>The first volume was also published as issue 3 of Kniga IV of Sbornik na Bulgarskata Akademiia na Naukitie: Klon Istoriko-Filologichen i Filosofsko-Obshchestven (1915).<\/p>\n<h3>Osmanl\u0131 y\u0131ll\u0131klar\u0131 (salnameler ve nevsaller): bibliyografya ve baz\u0131 Istanbul k\u00fct\u00fcphanelerine g\u00f6re bir katalog denemesi<br \/>\nOttoman Yearbooks (Annuals and Almanacs) A Bibliography and Union Catalogue with Reference to Some Istanbul Libraries<\/h3>\n<ul>\n<li>OCLC: 180548627<\/li>\n<\/ul>\n<p>&#8220;Union catalogue and bibliographic work about state and provincial yearbooks (Salnames) published by the Ottoman State between the years 1847-1918. It gives general and specific information about a wide geographical area, where there are presently more than 20 states. Preface, explanations and annotations in English, Arabic and Turkish.&#8221; (<a href=\"http:\/\/www.ircica.org\">http:\/\/www.ircica.org<\/a>)<\/p>\n<p>Icon and more?<\/p>\n<h3>Osmanl\u0131 Salnameleri ve Nevsalleri Bibliyografyas\u0131 ve Toplu Katalogu<\/h3>\n<h3>A Bibliography and Union Catalogue of Ottoman Yearbooks<\/h3>\n<ul>\n<li>OCLC: 45479878<\/li>\n<\/ul>\n<p>This 2-volume union catalog by Hasan Duman, published by Enformasyon ve Dokumentasyon Hizmetleri Vakfi in Ankara in 2000, is the most recent and comprehensive source on Ottoman yearbooks, which contain hugely important information relating to this period&#8217;s history, geography, administrative structures, institutions, individual lives, science, economics, military and navy, education, culture, and other such areas. Furthermore, this catalog deals with the Ottoman yearbooks published from 1847-1922, which were the most famous and get more attention due to their publication in such a critical period of time for Ottoman Empire history. The first volume includes entries (approximately 730) with their locations, whereas second volume includes examples from selected salnames.<\/p>\n<p><sub>(With some translations from:\u00a0 <a href=\"http:\/\/www.edhvakfi.org.tr\/nevsal.htm\">http:\/\/www.edhvakfi.org.tr\/nevsal.htm<\/a>)<a id=\"_ftnref1\" href=\"http:\/\/www.library.illinois.edu\/ias\/iri\/turkish\/Source_on_stats.html#_ftn1\" name=\"_ftnref1\"><\/a><\/sub><\/p>\n<p><span class=\" fa fa-file-pdf-o\" aria-hidden=\"true\"><\/span>\u00a0<a href=\"http:\/\/wordpress.library.illinois.edu\/ias\/wp-content\/uploads\/sites\/20\/2016\/12\/Duman_Bibliography_and_union_catalog_of_Ottoman_yearbooks.pdf\">PDF of contents and front matter<\/a><\/p>\n<p><img loading=\"lazy\" decoding=\"async\" class=\"size-full wp-image-1498 aligncenter\" src=\"http:\/\/wordpress.library.illinois.edu\/ias\/wp-content\/uploads\/sites\/20\/2016\/12\/oldcover2.jpg\" alt=\"oldcover2\" width=\"380\" height=\"24\" srcset=\"https:\/\/wordpress.library.illinois.edu\/ias\/wp-content\/uploads\/sites\/20\/2016\/12\/oldcover2.jpg 380w, https:\/\/wordpress.library.illinois.edu\/ias\/wp-content\/uploads\/sites\/20\/2016\/12\/oldcover2-300x19.jpg 300w\" sizes=\"auto, (max-width: 380px) 100vw, 380px\" \/><\/p>\n<h2>Periodicals<\/h2>\n<h3>Aylik Istatistik Bulteni<br \/>\nMonthly Bulletin of Statistics<\/h3>\n<p>Access:\u00a0UIUC Call no.: Main Stacks 315.6 T847i<\/p>\n<p>Monthly Bulletin of Statistics has been published by State Institute of Statistics since 1952. In Turkish and in English. It has merged with &#8220;Turkish Economy: Statistics and Analysis&#8221; into one publication in 1989, subjects are re-organized in 1995, and changed the title as &#8220;Economic Indicators&#8221; in 2004.<\/p>\n<p>The latest volume is available online. &#8220;Economic Indicators&#8221; contains statistical information and analyses constituting main economic indicators of Turkish economy. The publication published quarterly in Turkish and English aims at to enlighten the main economic trend through economic indicators on conjectural movements and variations.<\/p>\n<p>The publication presented for the first time in the second quarter of 2004, covers annual data of the last five years and, monthly and quarterly data of last three years.The selected subjects from &#8220;Economic Indicators&#8221; are national accounts, industry, building construction, agriculture, expectations, foreign trade, prices, labor, income-expenditure, borrowing, budget, money-banking, tourism, and transportation. It covers annual indicators of the last five years and, monthly and quarterly indicators of last three years. The publication is supported with a brief explanation on analyses, graphs and related indicators in order to enable the transformation of statistics into information to facilitate the comprehension.<\/p>\n<p>You should know&#8230;<\/p>\n<ul>\n<li>Contents and organization may vary since the 1952 volume.<\/li>\n<\/ul>\n<p><span class=\" fa fa-file-pdf-o\" aria-hidden=\"true\"><\/span>\u00a0<a href=\"http:\/\/wordpress.library.illinois.edu\/ias\/wp-content\/uploads\/sites\/20\/2016\/12\/UIUC_RECORDS_of_TUIK_Publications.pdf\">PDF of UIUC Holdings<\/a><\/p>\n<p><strong>Turkiye istatistik yilligi<br \/>\nStatistical Yearbook of Turkey<\/strong><\/p>\n<p>&nbsp;<\/p>\n<ul>\n<li>Format: Microfiche<\/li>\n<li>Access:\u00a0UIUC Call no.: Main Stacks Q. 314.96 T84I<\/li>\n<\/ul>\n<p>Statistical Yearbook of Turkey is also available in Microfiche at the University of Illinois at Urbana-Champaign Library.<\/p>\n<p>These are compiled in the series of CIS National Statistical Compendiums.<\/p>\n<p>Holdings are incomplete from 1975-2004.<\/p>\n<p><span class=\" fa fa-file-pdf-o\" aria-hidden=\"true\"><\/span>\u00a0<a href=\"http:\/\/wordpress.library.illinois.edu\/ias\/wp-content\/uploads\/sites\/20\/2016\/12\/UIUC_RECORDS_of_TUIK_Publications.pdf\">PDF of UIUC Holdings<\/a><strong><br \/>\n<\/strong><\/p>\n<h3><strong>TUIK Veriye Erisim ve Yayin Katalogu<br \/>\nTurkStat Data Access and Publication Catalogue<\/strong><\/h3>\n<ul>\n<li>Languages: English and Turkish<\/li>\n<\/ul>\n<p>TurkStat Data Access and Publication Catalogue includes\u00a0\u00a0 annual National Data Release Calendar of the News Bulletins, Historical Statistical Series and information about periodicity, format and price, period covered and content of publications published since 2000.<\/p>\n<p>This publication varied in title, subjects and contents over time. Earlier titles include Yayin Katalogu, Publications and Electronic Services Catalogue.<\/p>\n<p>The latest volume is available online at <a href=\"http:\/\/www.turkstat.gov.tr\/\">TURKSTAT website<\/a> in full-text.<\/p>\n<p><span class=\" fa fa-file-pdf-o\" aria-hidden=\"true\"><\/span>\u00a0<a href=\"http:\/\/wordpress.library.illinois.edu\/ias\/wp-content\/uploads\/sites\/20\/2016\/12\/Publications_and_Electronic_Services_Catalogue_1995.pdf\">PDF of Front matter from Publications and Electronic Services Catalogue<\/a><\/p>\n<p><span class=\" fa fa-file-pdf-o\" aria-hidden=\"true\"><\/span>\u00a0<a href=\"http:\/\/wordpress.library.illinois.edu\/ias\/wp-content\/uploads\/sites\/20\/2016\/12\/TTTTurkStat_Data_Access_and_Publication_Catalogue_2009.pdf\">PDF of contents and front matter\u00a0of\u00a0TUIK Veriye Erisim ve Yayin Katalogu<\/a><\/p>\n<p><img loading=\"lazy\" decoding=\"async\" class=\"size-full wp-image-1498 aligncenter\" src=\"http:\/\/wordpress.library.illinois.edu\/ias\/wp-content\/uploads\/sites\/20\/2016\/12\/oldcover2.jpg\" alt=\"oldcover2\" width=\"380\" height=\"24\" srcset=\"https:\/\/wordpress.library.illinois.edu\/ias\/wp-content\/uploads\/sites\/20\/2016\/12\/oldcover2.jpg 380w, https:\/\/wordpress.library.illinois.edu\/ias\/wp-content\/uploads\/sites\/20\/2016\/12\/oldcover2-300x19.jpg 300w\" sizes=\"auto, (max-width: 380px) 100vw, 380px\" \/><\/p>\n","protected":false},"excerpt":{"rendered":"<p>Tarihi Istatistikler Dizisi Historical Statistics Series In Historical Statistics Series, published by State Institute of Statistics, there are some population estimates for the Pre-Ottoman period, population of Ottoman vilayets, population estimates of Ottoman city centers and religious distribution of the population, population estimates of some Anatolian cities, religious components of the population and growth of [&hellip;]<\/p>\n","protected":false},"author":28,"featured_media":0,"parent":0,"menu_order":0,"comment_status":"closed","ping_status":"closed","template":"","meta":{"_acf_changed":false,"footnotes":""},"class_list":["post-1479","page","type-page","status-publish","hentry"],"acf":[],"_links":{"self":[{"href":"https:\/\/wordpress.library.illinois.edu\/ias\/wp-json\/wp\/v2\/pages\/1479","targetHints":{"allow":["GET"]}}],"collection":[{"href":"https:\/\/wordpress.library.illinois.edu\/ias\/wp-json\/wp\/v2\/pages"}],"about":[{"href":"https:\/\/wordpress.library.illinois.edu\/ias\/wp-json\/wp\/v2\/types\/page"}],"author":[{"embeddable":true,"href":"https:\/\/wordpress.library.illinois.edu\/ias\/wp-json\/wp\/v2\/users\/28"}],"replies":[{"embeddable":true,"href":"https:\/\/wordpress.library.illinois.edu\/ias\/wp-json\/wp\/v2\/comments?post=1479"}],"version-history":[{"count":12,"href":"https:\/\/wordpress.library.illinois.edu\/ias\/wp-json\/wp\/v2\/pages\/1479\/revisions"}],"predecessor-version":[{"id":15187,"href":"https:\/\/wordpress.library.illinois.edu\/ias\/wp-json\/wp\/v2\/pages\/1479\/revisions\/15187"}],"wp:attachment":[{"href":"https:\/\/wordpress.library.illinois.edu\/ias\/wp-json\/wp\/v2\/media?parent=1479"}],"curies":[{"name":"wp","href":"https:\/\/api.w.org\/{rel}","templated":true}]}}