{"id":1305,"date":"2016-12-28T05:58:48","date_gmt":"2016-12-28T05:58:48","guid":{"rendered":"http:\/\/wordpress.library.illinois.edu\/ias\/?page_id=1305"},"modified":"2026-04-01T14:59:57","modified_gmt":"2026-04-01T14:59:57","slug":"turkish_manu","status":"publish","type":"page","link":"https:\/\/wordpress.library.illinois.edu\/ias\/turkish_manu\/","title":{"rendered":"Turkish Bibliographies of Manuscripts"},"content":{"rendered":"<ul class=\"nav nav-tabs\">\n<li><a href=\"http:\/\/wordpress.library.illinois.edu\/ias\/spx\/aboutus\/\">About Us<\/a><\/li>\n<li><a href=\"http:\/\/wordpress.library.illinois.edu\/ias\/spx\/collectionhighlights\/\">Collections<\/a><\/li>\n<li><a href=\"http:\/\/wordpress.library.illinois.edu\/ias\/spx\/srs\/\">Slavic Reference Service<\/a><\/li>\n<li><a title=\"Research Guides \" href=\"http:\/\/www.library.uiuc.edu\/ias\/spx\/slavicresearchguides\" target=\"_self\" rel=\"noopener noreferrer\">Research Resources<\/a><\/li>\n<li><a href=\"https:\/\/wordpress.library.illinois.edu\/ias\/visitingscholars\/\">Visiting Scholars<\/a><\/li>\n<li><a href=\"http:\/\/wordpress.library.illinois.edu\/ias\/spx\/conferences\/\">Events and News<\/a><\/li>\n<\/ul>\n<p><a id=\"top\" name=\"top\"><\/a><\/p>\n<h2>Table of Contents<\/h2>\n<h3>Guidebooks<\/h3>\n<ul>\n<li><a href=\"#oa1\">Muhteva bakimindan basvek\u00e2let arsivi<\/a> \/ Archive of Basvekalet<\/li>\n<li><a href=\"#oa2\">Basbakanlik Arsivi kilavuzu<\/a> \/ A guidebook for Prime Ministry Archives<\/li>\n<li><a href=\"#oa3\">al-Arshif al-&#8216;Uthmani : fihris shamil li-wathaiq al-dawlah al-&#8216;Uthmaniyah al-mahfuzah bi-Dar al-Wathaiq al-Tabi&#8217;ah li-Riasat al-Wuzara bi-Istanbul<\/a><\/li>\n<li><a href=\"#oa4\">Basbakanlik Osmanli Arsivi rehberi<\/a> \/ A Guidebook to Ottoman Archives<\/li>\n<\/ul>\n<h3><a href=\"#os1\">Online searching of Ottoman Archives<\/a><\/h3>\n<ul>\n<li><a href=\"#os2\">Publications of General Directorate of State Archives<\/a><\/li>\n<\/ul>\n<h3>Other publications<\/h3>\n<ul>\n<li><a href=\"#op1\">Ba\u015fbakanl\u0131k Osmanl\u0131 Ar\u015fivi kataloglar\u0131 rehberi<\/a><\/li>\n<li><a href=\"#op2\">Osmanli fermanlari<\/a> \/ Ottoman fermans<\/li>\n<li><a href=\"#op3\">Eski harfli T\u00fcrk\u00e7e basma eserler bibliografyasi 1584-1986<\/a> \/ The bibliography of Turkish works printed in non-Latin (Arabic, Armenian and Greek characters) 1584-1986<\/li>\n<li><a href=\"#op4\">Bibliography on manuscript libraries in Turkey and the publications on the manuscripts located in these libraries<\/a><\/li>\n<li><a href=\"#op5\">Die arabischen, persischen und t\u00fcrkischen Handschriften der Universit\u00e4tsbibliothek zu Uppsala<\/a> \/ The Arabic, Persian and Turkish manuscripts in the Library of Uppsala University<\/li>\n<li><a href=\"#op6\">Die arabischen, persischen und t\u00fcrkischen handschriften der Kaiserlich-k\u00f6niglichen hofbibliothik zu Wien; im auftrage der vorgesetzten k. k. Beh\u00f6rde geordnet und beschrieben<\/a><\/li>\n<\/ul>\n<hr \/>\n<h2>Guidebooks<\/h2>\n<h3><a id=\"oa1\" name=\"oa1\"><\/a>Muhteva bakimindan basvek\u00e2let arsivi<br \/>\nArchive of Basvekalet<\/h3>\n<ul>\n<li>Author: Midhat <strong>Sertoglu<\/strong><\/li>\n<li>Publication Date: 1955<\/li>\n<li>Publication:\u00a0Ankara: Turk tarih kurumu basimevi<\/li>\n<li>Format:\u00a0Book xv, 90 p.<\/li>\n<li>Language:\u00a0<strong>Turkish<\/strong><\/li>\n<li>Access:\u00a0UIUC Call number: Oak Street Facility 011.31 SE68M<\/li>\n<\/ul>\n<p>This guidebook, published by Ankara University &#8220;Faculty of Language, History, and Geography&#8221;, comprises of information about the records (defterler) in Ottoman Archives.<\/p>\n<p>These records are mainly divided into 3 sections:<\/p>\n<ol>\n<li>Divan-\u0131 H\u00fcmayun ve kalemleri (comprises of the records of Divan-\u0131 H\u00fcmayun, the court which was in charge with any political, administrative, economical, military, and other cases.)<\/li>\n<li>Bab-\u0131 Asafi ve kalemleri (comprises of the records of Bab-\u0131 Asafi, the secondary court which was in charge with the transmitted cases from Divan-\u0131 H\u00fcmayun.)<\/li>\n<li>Bab-\u0131 Defteri ve kalemler (comprises of the records of Bab-\u0131 Defteri, the institution which was in charge with all of the economical\u00a0 situation of the government.)<\/li>\n<\/ol>\n<p>The guidebook lists all the records with information about record numbers, dates, and their contents.<\/p>\n<p>There are 5 sections:<\/p>\n<ol>\n<li>Divan-\u0131 H\u00fcmayun<\/li>\n<li>Bab-\u0131 Asafi<\/li>\n<li>Bab-\u0131 Defteri<\/li>\n<li>Arsivde halen mevcud olan tasnifler (classifications which are still in archives)<\/li>\n<li>Arsive ait diger hususlar (other classifications about archives)<\/li>\n<\/ol>\n<p><a href=\"#top\">Return to top<\/a><\/p>\n<h3><a id=\"oa2\" name=\"oa2\"><\/a>Basbakanlik Arsivi kilavuzu \/ A guidebook for Prime Ministry Archives<\/h3>\n<ul>\n<li>Author: A. Al\u00e2addin <strong>\u00c7etin<\/strong><\/li>\n<li>Publication Date: 1979<\/li>\n<li>Publication:<\/li>\n<li>Istanbul : Enderun Kitabevi<\/li>\n<li>Access:\u00a0UIUC call number: Oak Street Facility 320.9561 C338B<\/li>\n<\/ul>\n<p>This guidebook, published by Enderun Bookstore, comprises information about the documents on the Ottoman Empire at the Prime Ministry Archives.<\/p>\n<ul>\n<li>7 Sections:\n<ol>\n<li>Materials open to researchers and their features<\/li>\n<li><strong>Defter<\/strong> (record) series open to researchers<\/li>\n<li>Document groups open to researchers<\/li>\n<li>Other sections and materials in the archive<\/li>\n<li>Materials still in classification process and their features<\/li>\n<li>Other important archives and institutions holding materials on Ottoman Empire in Turkey<\/li>\n<li>Practical information for the users of the archive<\/li>\n<\/ol>\n<\/li>\n<li>Bibliography used for this book is included.<\/li>\n<li>No index.<\/li>\n<\/ul>\n<p><a href=\"#top\">Return to top<\/a><\/p>\n<p><a id=\"oa3\" name=\"oa3\"><\/a><\/p>\n<h3>al-Arshif al-&#8216;Uthmani: fihris shamil li-wathaiq al-dawlah al-&#8216;Uthmaniyah al-mahfuzah bi-Dar al-Wathaiq al-Tabi&#8217;ah li-Riasat al-Wuzara bi-Istanbul<\/h3>\n<ul>\n<li>Authors: Necati <strong>Aktas<\/strong>;\u00a0 Ismet <strong>Binark<\/strong><\/li>\n<li>Publication Date: 1986<\/li>\n<li>Publication:\u00a0Istanbul : Markaz al-Abhath lil-Tarikh wa-al-Funun wa-al-Thaqafah al-Islamiyah<\/li>\n<li>Format:\u00a0Book 521 p. ; 25 cm.<\/li>\n<li>Language:\u00a0<strong>Arabic<\/strong><\/li>\n<\/ul>\n<p>This bibliography, published by &#8220;Research Centre for Islamic History, Art and Culture (IRCICA)&#8221;, comprises of Ottoman Archives in &#8220;Prime Ministry, General Directorate of State Archives&#8221;.<\/p>\n<p>This Arabic-language guide to Ottoman archives was published for the member countries of IRCICA. Information about the organization of this guide will be added as it becomes available.<\/p>\n<p>Information about the guidebooks for Ottoman Archives is available online at<br \/>\n<a href=\"http:\/\/en.devletarsivleri.gov.tr\/yayinlar-1251\">http:\/\/en.devletarsivleri.gov.tr\/yayinlar-1251<\/a>.<\/p>\n<p>Catalog searching in IRCICA Library is available online at <a href=\"http:\/\/library.ircica.org\/\">http:\/\/library.ircica.org\/<\/a>.<\/p>\n<p><a href=\"#top\">Return to top<\/a><\/p>\n<p><a id=\"oa4\" name=\"oa4\"><\/a><\/p>\n<h3>Basbakanlik Osmanli Arsivi rehberi<br \/>\nA Guidebook to Ottoman Archives<\/h3>\n<ul>\n<li>Authors: Necati <strong>Aktas<\/strong>;\u00a0 Necati <strong>G\u00fcltepe<\/strong>;\u00a0 Mustafa <strong>Kaplan<\/strong>;\u00a0 Yusuf Ihsan <strong>Gen\u00e7<\/strong><\/li>\n<li>Publication Date: 2000<\/li>\n<li>Edition: 2.<strong><strong> baski.\u00a0<\/strong><\/strong>(The first edition was published in 1992)<\/li>\n<li>Publication:\u00a0Istanbul: T.C. Basbakanlik Devlet Arsivleri Genel M\u00fcd\u00fcrl\u00fcg\u00fc<\/li>\n<li>Format:\u00a0Book lii, 558 p. ; 24 cm.<\/li>\n<li>Language: Turkish<\/li>\n<li>ISBN:\u00a09751925274 9789751925275<\/li>\n<li>OCLC: 32167247<\/li>\n<\/ul>\n<p>This guidebook, published by Prime Ministry &#8220;General Directorate of State Archives&#8221;, gives bibliographic information about Ottoman Archives. It also has explanations about archival materials. The sections are:<\/p>\n<ul>\n<li><em>Introduction.<\/em> Ottoman State Organization (Osmanli Devlet Teskilati), Record Keeping, Ottoman Archives, and Classifications.<\/li>\n<li><em>I. Classifications of the records (defter) in Ottoman Archives.<\/em>\n<ul>\n<li>Information about records, which are the government documents, of &#8220;Divan-i Humayun&#8221;, Bab-i Asafi, Bab-i Ali, and Defterhane.<\/li>\n<\/ul>\n<\/li>\n<li><em>II. Classifications of the documents in Ottoman Archives.<\/em><\/li>\n<li><em>III. Other materials in Ottoman Archives.<\/em>\n<ul>\n<li>Information about maps, designs, projects, albums, photographs, and existing newspaper collections.<\/li>\n<\/ul>\n<\/li>\n<li><em>IV. General Directorate of the State Archives.<\/em>\n<ul>\n<li>Information about the regulations for the researchers.<\/li>\n<\/ul>\n<\/li>\n<li><em>V. Catalogs.<\/em>\n<ul>\n<li>Catalog list of documents and records.<\/li>\n<\/ul>\n<\/li>\n<li><em>VI. Terminology of the Ottoman Archives and Writing Types.<\/em>\n<ul>\n<li>Explanatory information about Ottoman archival terminology and writing types.<\/li>\n<\/ul>\n<\/li>\n<li><em>Appendixes:<\/em>\n<ul>\n<li>a) Dynasty years of sultans and grand viziers<\/li>\n<li>b) Calendars from Kanuni to the collapse of Ottoman Empire<\/li>\n<li>c) Documents<\/li>\n<\/ul>\n<\/li>\n<li><em>Bibliography.<\/em><\/li>\n<li><em>Index.<\/em><\/li>\n<\/ul>\n<p>This edition is online at: <a href=\"http:\/\/www.devletarsivleri.gov.tr\/source.cms.docs\/devletarsivleri.gov.tr.ce\/docs\/Yayinlar\/29_arsivrehber.pdf\">http:\/\/www.devletarsivleri.gov.tr\/source.cms.docs\/devletarsivleri.gov.tr.ce\/docs\/Yayinlar\/29_arsivrehber.pdf<\/a><\/p>\n<p><a href=\"#top\">Return to top<\/a><\/p>\n<hr \/>\n<h2><a id=\"os1\" name=\"os1\"><\/a>Online searching of Ottoman Archives<\/h2>\n<p>Online searching for Republican and Ottoman Archives is available at <a href=\"http:\/\/www.devletarsivleri.gov.tr\/\">http:\/\/www.devletarsivleri.gov.tr\/.<\/a> The website is in Turkish; English website is in process (2007-07-05). But when going for catalog searching (KATALOG TARAMA), English searching is available.<\/p>\n<ol>\n<li>Click on KATALOG TARAMA.<\/li>\n<li>Select &#8220;English and enter login information\n<ul>\n<li>Username: <em>uiuc_trp<\/em><\/li>\n<li>Password: <em><em><em>slavic<\/em><\/em><\/em><\/li>\n<\/ul>\n<\/li>\n<li>Catalog searching&#8230;\n<ul>\n<li>by group name:<\/li>\n<li>by index name:<\/li>\n<\/ul>\n<\/li>\n<\/ol>\n<p><a href=\"#top\">Return to top<\/a><\/p>\n<p><a id=\"os2\" name=\"os2\"><\/a><\/p>\n<h3>Publications of General Directorate of State Archives<\/h3>\n<p>The publications of the General Directorate of State Archives are also listed at the website in Turkish (click on Yayinlar).<\/p>\n<p>Publications listed are:<\/p>\n<ul>\n<li>General Directorate (GENEL MUDURLUK YAYINLARI)<\/li>\n<li>Ottoman Archives (OSMANLI ARSIVI DAIRE BASKANLIGI YAYINLARI)<\/li>\n<li>Republican Archives (CUMHURIYET ARSIVI DAIRE BASKANLIGI YAYINLARI<\/li>\n<li>Documentations (DOKUMANTASYON DAIRE BASKANLIGI YAYINLARI)<\/li>\n<\/ul>\n<p>All are arranged chronologically by publication date. Some of the publications that are underlined on the list are online as well.<\/p>\n<h4>General Directorate (GENEL MUDURLUK YAYINLARI)<\/h4>\n<h4>Ottoman Archives (OSMANLI ARSIVI DAIRE BASKANLIGI YAYINLARI)<\/h4>\n<h4>Republican Archives (CUMHURIYET ARSIVI DAIRE BASKANLIGI YAYINLARI)<\/h4>\n<h4>Documentations (DOKUMANTASYON DAIRE BASKANLIGI YAYINLARI)<\/h4>\n<p><a href=\"#top\">Return to top<\/a><\/p>\n<div>\n<hr \/>\n<h2>Other Publications<\/h2>\n<h3><a id=\"op1\" name=\"op1\"><\/a>Ba\u015fbakanl\u0131k Osmanl\u0131 Ar\u015fivi kataloglar\u0131 rehberi<\/h3>\n<ul>\n<li>Author: Ismet <strong>Binark<\/strong><\/li>\n<li>Publication Date: 1995<\/li>\n<li>Publication:\u00a0Ankara : T.C. Basbakanl\u0131k Devlet Ar\u015fivleri Genel M\u00fcd\u00fcrl\u00fc\u011f\u00fc<\/li>\n<li>Format:\u00a0Book xxvii, 320 p. ; 24 cm.<\/li>\n<li>Language:\u00a0<strong>Turkish<\/strong><\/li>\n<li>ISBN:\u00a0<strong><a class=\"libx-autolink\" title=\"libx-autolink\" href=\"http:\/\/xisbn.worldcat.org\/liblook\/resolve.htm?res_id=http:\/\/i-share.carli.illinois.edu\/uiu&amp;opactype=voyager&amp;rft.isbn=9751912474\">9751912474<\/a> <a class=\"libx-autolink\" title=\"libx-autolink\" href=\"http:\/\/xisbn.worldcat.org\/liblook\/resolve.htm?res_id=http:\/\/i-share.carli.illinois.edu\/uiu&amp;opactype=voyager&amp;rft.isbn=9751912474\">9789751912473<\/a><\/strong><\/li>\n<li>OCLC: 34914624<\/li>\n<\/ul>\n<p>This guidebook, published by General Directorate of Ottoman Archives, comprises of information about the catalogs and records (defterler) in Ottoman Archives. Preface gives information about what classifications had been done before this guidebook for the Ottoman Archives. There are annotations of these records and catalogs as well as charts explaining each document&#8217;s<\/p>\n<ul>\n<li>volume number (fon\/cilt nu),<\/li>\n<li>classification code (Tasnif kodu),<\/li>\n<li>classification name (Tasnif adi),<\/li>\n<li>years in Mohammedan and Gregorian calendar (ihtiva ettigi yillar),<\/li>\n<li>explanations (Aciklamalar), and<\/li>\n<li>number of pages (Sayfa adedi).<\/li>\n<\/ul>\n<p>Catalogs and records are arranged alphabetically by title. Combined index by title and subject is alphabetically arranged.<\/p>\n<p>There is an appendix on<\/p>\n<ul>\n<li>a) the codes (abbreviations) used for Ottoman Archives.<\/li>\n<li>b) a table of all the sultans and grand viziers and their administration years (from the foundation to the corruption)<\/li>\n<li>c) the publications by General Directorate of State Archives, Ottoman Archives Unit, Republican Archives Unit, Documentation Unit (within each section, they are arranged chronologically)<\/li>\n<\/ul>\n<p><a href=\"#top\">Return to top<\/a><\/p>\n<p><a id=\"op2\" name=\"op2\"><\/a><\/p>\n<h3>Osmanli fermanlari<br \/>\nOttoman fermans<\/h3>\n<ul>\n<li>Authors: Ismet Binark;\u00a0 Necati Aktas<\/li>\n<li>Publication Date: 1994<\/li>\n<li>ISBN:\u00a09751905850 9789751905857<\/li>\n<li>OCLC: 33290005<\/li>\n<\/ul>\n<p>This bibliography, published by The General Directorate of the State Archives, comprises of selected manuscripts from Prime Ministry Ottoman Archives, which carry great historical and artistic value. These selected manuscripts about Ottoman Empire (1281-1922) are listed chronologically. In the bibliography, the earliest selected manuscript was written in 1575, and the last one was written in 1848. The information below is listed for each entry:<\/p>\n<ul>\n<li>Period<\/li>\n<li>Date<\/li>\n<li>Type of Script<\/li>\n<li>Size<\/li>\n<li>Imperial Cipher (Tugra) and Illumination<\/li>\n<li>Arrangement and Issuing<\/li>\n<li>Subject<\/li>\n<li>Repository<\/li>\n<\/ul>\n<p>No index at the end, but there is a Glossary for some Ottoman words and a bibliography.<\/p>\n<p><a href=\"#top\">Return to top<\/a><\/p>\n<p><a id=\"op3\" name=\"op3\"><\/a><\/p>\n<h3>Eski harfli T\u00fcrk\u00e7e basma eserler bibliografyasi 1584-1986<br \/>\nThe bibliography of Turkish works printed in non-Latin (Arabic, Armenian and Greek characters) 1584-1986.<\/h3>\n<ul>\n<li>Author: Milli K\u00fct\u00fcphane<\/li>\n<li>Publication Date: 2001<\/li>\n<li>Publication: Turkey: N\u00fcvis Beseri Arastirmalar ve Yayincilik Ltd. Sti.<\/li>\n<li>Access:\u00a0\u00a0ILL- UCLA<\/li>\n<li>OCLC: 49790744<\/li>\n<\/ul>\n<p>Eski Harfli Basma T\u00fcrk\u00e7e Eserler Bibliyografyasi is prepared by N\u00fcvis Beseri Ara\u00fetirmalar ve Yayincilik Ltd. Sti. for National Library of Turkey. The bibliography covers 50,760 bibliographical records of the 37,359 Turkish printed materials published between 1584-1986 in Arabic, Armenian and Greek characters.<\/p>\n<p>This work is prepared in two parts:<\/p>\n<ol>\n<li>Bibliographical works published on this subject;<\/li>\n<li>The archives of main libraries in Turkey are scanned ie: National Library of Turkey, Bayezid State Library, and Nation Library.<\/li>\n<\/ol>\n<h4>Searching through the CD<\/h4>\n<p>Search available in English and Turkish. The entries should be made with Turkish characters. Authors, printing places and printing houses are listed in the search box.<\/p>\n<div class=\"mceTemp\"><\/div>\n<p><a href=\"#top\">Return to top<\/a><\/p>\n<h3><a id=\"op4\" name=\"op4\"><\/a>Bibliography on manuscript libraries in Turkey and the publications on the manuscripts located in these libraries.<\/h3>\n<ul>\n<li>Authors: Nimet <strong>Bayraktar<\/strong>;\u00a0 Ekmeleddin <strong>Ihsanoglu<\/strong>;\u00a0 Mihin <strong>Lugal<\/strong><\/li>\n<li>Publication Date: 1995<\/li>\n<li>Publication:\u00a0Istanbul: Research Center for Islamic History, Art and Culture<\/li>\n<li>Format:\u00a0Book xxix p., 337 p. : col. ill. ; 25 cm.<\/li>\n<li>Language: <strong>Turkish<\/strong><\/li>\n<li>OCLC: 34287664<\/li>\n<\/ul>\n<p>This bibliography, published by Research Centre for Islamic History Art and Culture (IRCICA), comprises of manuscripts in Turkish libraries. This work focuses on the publications dated until the end of 1990. However, as an exception to this limitation, the available information on some catalogues of manuscripts in the related sections of this book is added.<\/p>\n<p>There are 3 sections:<\/p>\n<ol>\n<li><em>Libraries of Manuscript Works, and the Bibliography on them.<\/em> A guide to the libraries, where Islamic manuscripts are located, lists the libraries under study according to their location in the present administrative units of Turkey such as provinces and counties, which are arranged alphabetically.<\/li>\n<li><em>Bibliography on Libraries.<\/em> Lists 136 books and articles and books located more than one library, in alphabetical order of the names of the authors.<\/li>\n<li><em>Bibliography of Publications about the Manuscript Works located in the Libraries of Turkey<\/em>. Lists 1390 publications about the works located in the collections of these libraries in alphabetical order of the names of authors<\/li>\n<\/ol>\n<p>6 indexes:<\/p>\n<ol>\n<li>Index of the Names of Authors, Translators, Compilers, etc.<\/li>\n<li>Index of Personal Names<\/li>\n<li>Index of the titles of Articles and Books<\/li>\n<li>Titles of Works and Supplementary words in the title<\/li>\n<li>Index of the names of Institutions<\/li>\n<li>Index of Place Names<\/li>\n<\/ol>\n<p><a href=\"#top\">Return to top<\/a><\/p>\n<h3><a id=\"op5\" name=\"op5\"><\/a>Die arabischen, persischen und t\u00fcrkischen Handschriften der Universit\u00e4tsbibliothek zu Uppsala<br \/>\nThe Arabic, Persian and Turkish manuscripts in the Library of Uppsala University.<\/h3>\n<ul>\n<li>Author: K V <strong>Zetterst\u00e9en<\/strong><\/li>\n<li>Publication Date: 1930-<\/li>\n<li>Publication:\u00a0Uppsala [Almgvist &amp; Wiksells]<\/li>\n<li>Format:\u00a0Book v. 27 cm.<\/li>\n<li>Language:\u00a0<strong>German<\/strong><\/li>\n<li>OCLC: 473550977<\/li>\n<\/ul>\n<p>This bibliography, published by Library of Uppsala University, comprises of Arabic, Persian, and Turkish manuscripts. Turkish manuscripts, listed p. 321-412, are arranged in 2 main\u00a0 sections:<\/p>\n<ul>\n<li>A. Ottoman (Osmanisch).\n<ol>\n<li>Linguistics (Sprachwissenschaft)<\/li>\n<li>Theology\u00a0 and Jurisprudence (Theologie und Jurisprudenz)<\/li>\n<li>Sufism (Sufismus)<\/li>\n<li>History (Geschichte)<\/li>\n<li>Recreational literature (Unterhaltungsliteratur)<\/li>\n<li>Poetry (Poesie)<\/li>\n<li>Poetic, Stylistic, Letters (Poetik, Stilistik, Briefe)<\/li>\n<li>Manuscripts with various contents (Handschriften vermischen Inhalte)<\/li>\n<\/ol>\n<\/li>\n<li>B. Ostt\u00fcrkisch.\n<ol>\n<li>Theology (Theologie)<\/li>\n<li>Confidential science? (Geheimwissenschaften)<\/li>\n<li>Recreational literature (Unterhaltungsliteratur)<\/li>\n<li>Poetry (Poesie)<\/li>\n<li>Manuscripts with various contents (Handschriften vermischen Inhalte)<\/li>\n<\/ol>\n<\/li>\n<\/ul>\n<p>There are 643 entries of manuscripts.<\/p>\n<p>There are 6 indexes at the end:<\/p>\n<ol>\n<li>Concordance of old and new numbers (Konkordanz der alten und der neuen Nummern)<\/li>\n<li>Title index (Titel)<\/li>\n<li>Author index (Verfasser)<\/li>\n<li>Editor index (Schreiber)<\/li>\n<li>Other people (Sonstige Personennamen)<\/li>\n<li>Chronological index of the manuscript dates (Chronologisches Verzeichnis der datierten Handschriften)<\/li>\n<\/ol>\n<p>No database online.<\/p>\n<p><a href=\"#top\">Return to top<\/a><\/p>\n<p><a id=\"op6\" name=\"op6\"><\/a><\/p>\n<h3>Die arabischen, persischen und t\u00fcrkischen handschriften der Kaiserlich-k\u00f6niglichen hofbibliothik zu Wien; im auftrage der vorgesetzten k. k. Beh\u00f6rde geordnet und beschrieben.<\/h3>\n<ul>\n<li>Author: Gustav <strong>Fl\u00fcgel<\/strong><\/li>\n<li>Publication Date: 1865-1867<\/li>\n<li>Publication:\u00a0Wien, K.K. Hof- und staatsdruckerei<\/li>\n<li>Format:\u00a0Book 3 v.<\/li>\n<li>Language: <strong>German<\/strong><\/li>\n<\/ul>\n<p>This bibliography, published by Georg Olms Verlag, is in 3 volumes and comprises of the Arabic, Persian, and Turkish manuscripts in (from&#8230;to&#8230;) Kaiserlich-K\u00f6niglichen Royal Library. The second volume of this medieval bibliography can be found online:<\/p>\n<ul>\n<li>In German: <a href=\"http:\/\/www.manuscripta-mediaevalia.de\/hs\/kataloge\/HSK0778.htm\">http:\/\/www.manuscripta-mediaevalia.de\/hs\/kataloge\/HSK0778.htm<\/a><\/li>\n<li>In English: <a href=\"http:\/\/translate.google.com\/translate?hl=en&amp;sl=de&amp;u=http:\/\/www.manuscripta-mediaevalia.de\/hs\/kataloge\/HSK0778.htm&amp;sa=X&amp;oi=translate&amp;resnum=1&amp;ct=result&amp;prev=\/search%3Fq%3DFL%25C3%259CGEL,%2BGustav:%2BDie%2Barabischen,%2Bpersischen%2Bund%2Bt%25C3%25BCrkischen%2B%26hl%3Den%26sa%3DG\">http:\/\/translate.google.com\/translate?hl=en&amp;sl=de&amp;u=http:\/\/www.manuscripta-mediaevalia.de\/hs\/kataloge\/HSK0778.htm&amp;sa=X&amp;oi=translate&amp;resnum=1&amp;ct=result&amp;prev=\/search%3Fq%3DFL%25C3%259CGEL,%2BGustav:%2BDie%2Barabischen,%2Bpersischen%2Bund%2Bt%25C3%25BCrkischen%2B%26hl%3Den%26sa%3DG<\/a><\/li>\n<\/ul>\n<p>Some information about the books on Turkish manuscripts online: <a href=\"http:\/\/translate.google.com\/translate?hl=en&amp;sl=de&amp;u=http:\/\/www.ksbm.oeaw.ac.at\/wienonb\/kat.htm&amp;sa=X&amp;oi=translate&amp;resnum=7&amp;ct=result&amp;prev=\/search%3Fq%3DFL%25C3%259CGEL,%2BGustav:%2BDie%2Barabischen,%2Bpersischen%2Bund%2Bt%25C3%25BCrkischen%2B%26hl%3Den%26sa%3DG\">http:\/\/translate.google.com\/translate?hl=en&amp;sl=de&amp;u=http:\/\/www.ksbm.oeaw.ac.at\/wienonb\/kat.htm&amp;sa=X&amp;oi=translate&amp;resnum=7&amp;ct=result&amp;prev=\/search%3Fq%3DFL%25C3%259CGEL,%2BGustav:%2BDie%2Barabischen,%2Bpersischen%2Bund%2Bt%25C3%25BCrkischen%2B%26hl%3Den%26sa%3DG<\/a><\/p>\n<p>In each volume, there are several sections on different subjects. The manuscripts are arranged by country within each section.<\/p>\n<ul>\n<li>First Volume\n<ul>\n<li>Encyclopedias<\/li>\n<li>Bibliographies<\/li>\n<li>Graphics<\/li>\n<li>Lexicography<\/li>\n<li>Grammar<\/li>\n<li>Dialogistic<\/li>\n<li>Metric, Rhyme doctrine, poetic<\/li>\n<li>Rhetoric<\/li>\n<li>Stylistic<\/li>\n<li>Gnomic<\/li>\n<li>Fine literature<\/li>\n<li>Poetry<\/li>\n<\/ul>\n<\/li>\n<li>Second Volume\n<ul>\n<li>Romans and Stories<\/li>\n<li>Universal history<\/li>\n<li>Special history<\/li>\n<li>Biography<\/li>\n<li>Geography, Regional Geography, Ethnology and Travel Writings and Statistics<\/li>\n<li>Turkish counting books<\/li>\n<li>War science and weaponry<\/li>\n<li>Arithmetic<\/li>\n<li>Astronomy, Astrology, Study of Calendars<\/li>\n<li>Nature science<\/li>\n<li>Medicine<\/li>\n<li>Veterinary Science<\/li>\n<li>Mythology and folklore Kabbala studies, and alchemy<\/li>\n<li>Music<\/li>\n<li>Logic, Philosophy, and metaphysics<\/li>\n<\/ul>\n<\/li>\n<li>Third Volume\n<ul>\n<li>Christian Theology<\/li>\n<li>Druze studies<\/li>\n<li>Koran<\/li>\n<li>Koran reading art and Koran criticism<\/li>\n<li>Exegesis of Koran<\/li>\n<li>Traditions doctrine<\/li>\n<li>Belief doctrine and theological collection<\/li>\n<li>Blessing books<\/li>\n<li>Law<\/li>\n<li>Ethics<\/li>\n<li>Mysticism<\/li>\n<li>Collected &#8211; or so called Mixed Works<\/li>\n<li>Appendix<\/li>\n<\/ul>\n<\/li>\n<\/ul>\n<p>Two indexes are at the end:<\/p>\n<ul>\n<li>by script<\/li>\n<li>by author<\/li>\n<\/ul>\n<\/div>\n","protected":false},"excerpt":{"rendered":"<p>About Us Collections Slavic Reference Service Research Resources Visiting Scholars Events and News Table of Contents Guidebooks Muhteva bakimindan basvek\u00e2let arsivi \/ Archive of Basvekalet Basbakanlik Arsivi kilavuzu \/ A guidebook for Prime Ministry Archives al-Arshif al-&#8216;Uthmani : fihris shamil li-wathaiq al-dawlah al-&#8216;Uthmaniyah al-mahfuzah bi-Dar al-Wathaiq al-Tabi&#8217;ah li-Riasat al-Wuzara bi-Istanbul Basbakanlik Osmanli Arsivi rehberi \/ [&hellip;]<\/p>\n","protected":false},"author":28,"featured_media":0,"parent":0,"menu_order":0,"comment_status":"closed","ping_status":"closed","template":"","meta":{"_acf_changed":false,"footnotes":""},"class_list":["post-1305","page","type-page","status-publish","hentry"],"acf":[],"_links":{"self":[{"href":"https:\/\/wordpress.library.illinois.edu\/ias\/wp-json\/wp\/v2\/pages\/1305","targetHints":{"allow":["GET"]}}],"collection":[{"href":"https:\/\/wordpress.library.illinois.edu\/ias\/wp-json\/wp\/v2\/pages"}],"about":[{"href":"https:\/\/wordpress.library.illinois.edu\/ias\/wp-json\/wp\/v2\/types\/page"}],"author":[{"embeddable":true,"href":"https:\/\/wordpress.library.illinois.edu\/ias\/wp-json\/wp\/v2\/users\/28"}],"replies":[{"embeddable":true,"href":"https:\/\/wordpress.library.illinois.edu\/ias\/wp-json\/wp\/v2\/comments?post=1305"}],"version-history":[{"count":9,"href":"https:\/\/wordpress.library.illinois.edu\/ias\/wp-json\/wp\/v2\/pages\/1305\/revisions"}],"predecessor-version":[{"id":15191,"href":"https:\/\/wordpress.library.illinois.edu\/ias\/wp-json\/wp\/v2\/pages\/1305\/revisions\/15191"}],"wp:attachment":[{"href":"https:\/\/wordpress.library.illinois.edu\/ias\/wp-json\/wp\/v2\/media?parent=1305"}],"curies":[{"name":"wp","href":"https:\/\/api.w.org\/{rel}","templated":true}]}}