{"id":109,"date":"2024-09-16T20:27:46","date_gmt":"2024-09-16T20:27:46","guid":{"rendered":"https:\/\/wordpress.library.illinois.edu\/african\/?page_id=109"},"modified":"2024-10-04T15:31:04","modified_gmt":"2024-10-04T15:31:04","slug":"lafrique-dans-les-periodiques-francaises","status":"publish","type":"page","link":"https:\/\/wordpress.library.illinois.edu\/african\/african-studies-collections-services\/african-studies-reference-resources\/lafrique-dans-les-periodiques-francaises\/","title":{"rendered":"L&#8217;Afrique Dans Les Periodiques Francaises"},"content":{"rendered":"<p> <div class=\"shortcode sh-grid sh-grid-cols-1 md:sh-grid-cols-12 sh-gap-3\"><div class=\"shortcode sh-col-span-3 sh-pb-3\"><\/div><div class=\"shortcode sh-col-span-9 sh-pb-3\"><\/p>\n<p>Voici des p\u00e9riodiques en fran\u00e7ais au courant concernant l&#8217;Afrique, qu&#8217;on peut trouver \u00e0 la biblioth\u00e8que. Notez s.v.p. que les locations ci-dessous pour les p\u00e9riodiques indiquent seulement l&#8217;emplacement des num\u00e9ros les plus r\u00e9cents. Pour savoir les locations des num\u00e9ros plus anciens, consultez le catalogue. Autre documents imprimables peuvent <a href=\"http:\/\/wordpress.library.illinois.edu\/african\/wp-content\/uploads\/sites\/105\/2024\/10\/lxafrique_dans_les_periodiques_francaises.pdf\"><span class=\" fa fa-file-pdf-o\" aria-hidden=\"true\"><\/span> etre trouves ici<\/a>.<\/p>\n<ul class=\"noBullets\">\n<li><a href=\"http:\/\/www.cairn.info\/revue-afrique-contemporaine.htm\">Afrique contemporaine<\/a><\/li>\n<li><a href=\"https:\/\/i-share-uiu.primo.exlibrisgroup.com\/discovery\/jsearch?query=any,contains,0337-1603&#038;tab=jsearch_slot&#038;vid=01CARLI_UIU:CARLI_UIU&#038;offset=0\">Arts d&#8217;Afrique noire<\/a><\/li>\n<li><a href=\"https:\/\/i-share-uiu.primo.exlibrisgroup.com\/discovery\/jsearch?query=any,contains,1777-5353&#038;tab=jsearch_slot&#038;vid=01CARLI_UIU:CARLI_UIU&#038;offset=0\">Cahiers d&#8217;Etudes Africaines<\/a><\/li>\n<li><a href=\"http:\/\/www.persee.fr\/web\/revues\/home\/prescript\/revue\/hom\">L&#8217;Homme<\/a><\/li>\n<li><a href=\"http:\/\/www.jeuneafrique.com\/\">Jeune Afrique<\/a><\/li>\n<li><a href=\"http:\/\/www.persee.fr\/web\/revues\/home\/prescript\/revue\/jafr\">Journal des Africanistes<\/a><\/li>\n<li><a href=\"http:\/\/www.jstor.org\/journals\/00083968.html?cookieSet=1\">Revue canadienne des \u00e9tudes africaines<\/a><\/li>\n<li><a href=\"http:\/\/www.persee.fr\/web\/revues\/home\/prescript\/revue\/tiers\">Revue tiers monde<\/a><\/li>\n<\/ul>\n<p><\/div><\/div>\n","protected":false},"excerpt":{"rendered":"<p>Voici des p\u00e9riodiques en fran\u00e7ais au courant concernant l&#8217;Afrique, qu&#8217;on peut trouver \u00e0 la biblioth\u00e8que. Notez s.v.p. que les locations ci-dessous pour les p\u00e9riodiques indiquent seulement l&#8217;emplacement des num\u00e9ros les plus r\u00e9cents. Pour savoir les locations des num\u00e9ros plus anciens, consultez le catalogue. Autre documents imprimables peuvent etre trouves ici. Afrique contemporaine Arts d&#8217;Afrique noire [&hellip;]<\/p>\n","protected":false},"author":453,"featured_media":0,"parent":56,"menu_order":0,"comment_status":"closed","ping_status":"closed","template":"","meta":{"_acf_changed":false,"footnotes":""},"class_list":["post-109","page","type-page","status-publish","hentry"],"acf":[],"_links":{"self":[{"href":"https:\/\/wordpress.library.illinois.edu\/african\/wp-json\/wp\/v2\/pages\/109","targetHints":{"allow":["GET"]}}],"collection":[{"href":"https:\/\/wordpress.library.illinois.edu\/african\/wp-json\/wp\/v2\/pages"}],"about":[{"href":"https:\/\/wordpress.library.illinois.edu\/african\/wp-json\/wp\/v2\/types\/page"}],"author":[{"embeddable":true,"href":"https:\/\/wordpress.library.illinois.edu\/african\/wp-json\/wp\/v2\/users\/453"}],"replies":[{"embeddable":true,"href":"https:\/\/wordpress.library.illinois.edu\/african\/wp-json\/wp\/v2\/comments?post=109"}],"version-history":[{"count":2,"href":"https:\/\/wordpress.library.illinois.edu\/african\/wp-json\/wp\/v2\/pages\/109\/revisions"}],"predecessor-version":[{"id":177,"href":"https:\/\/wordpress.library.illinois.edu\/african\/wp-json\/wp\/v2\/pages\/109\/revisions\/177"}],"up":[{"embeddable":true,"href":"https:\/\/wordpress.library.illinois.edu\/african\/wp-json\/wp\/v2\/pages\/56"}],"wp:attachment":[{"href":"https:\/\/wordpress.library.illinois.edu\/african\/wp-json\/wp\/v2\/media?parent=109"}],"curies":[{"name":"wp","href":"https:\/\/api.w.org\/{rel}","templated":true}]}}